{"id":8583,"date":"2025-02-23T13:51:05","date_gmt":"2025-02-23T13:51:05","guid":{"rendered":"https:\/\/cyprusbosch.com\/?post_type=product&#038;p=8583"},"modified":"2025-08-06T18:56:48","modified_gmt":"2025-08-06T18:56:48","slug":"serie-2-ankarstre-mikrodalga-beyaz-59-x-38-cm","status":"publish","type":"product","link":"https:\/\/cyprusbosch.com\/en\/product\/serie-2-ankarstre-mikrodalga-beyaz-59-x-38-cm\/","title":{"rendered":"Serie 2 | Ankarstre Mikrodalga Beyaz 59 x 38 cm"},"content":{"rendered":"<p>Genel Geni\u015flik: 590 mm<br \/>\nY\u00fckseklik: 380 mm<br \/>\nBeyaz<br \/>\nMontaj tipi: Ankastre<br \/>\nG\u00fc\u00e7 seviyeleri: 5<br \/>\nMikrodalga G\u00fcc\u00fc: 800 W<br \/>\nNet kapasite: 25 Lt<br \/>\n3 Farkl\u0131 Is\u0131tma Program\u0131<br \/>\n5 kademeli \u0131zgaral\u0131<\/p>","protected":false},"excerpt":{"rendered":"<p>Genel Geni\u015flik: 590 mm Y\u00fckseklik: 380 mm Beyaz Montaj tipi: Ankastre G\u00fc\u00e7 seviyeleri: 5 Mikrodalga G\u00fcc\u00fc: 800 W Net kapasite: 25 Lt 3 Farkl\u0131 Is\u0131tma Program\u0131 5 kademeli \u0131zgaral\u0131<\/p>","protected":false},"featured_media":10055,"comment_status":"open","ping_status":"closed","template":"","meta":{"om_disable_all_campaigns":false,"_monsterinsights_skip_tracking":false,"_monsterinsights_sitenote_active":false,"_monsterinsights_sitenote_note":"","_monsterinsights_sitenote_category":0,"_joinchat":[]},"product_brand":[],"product_cat":[201,200],"product_tag":[],"class_list":{"0":"post-8583","1":"product","2":"type-product","3":"status-publish","4":"has-post-thumbnail","6":"product_cat-ankastre-mikrodalga-firinlar","7":"product_cat-mikrodalga-firinlar","8":"ts_product_brand-bosch","10":"first","11":"instock","12":"shipping-taxable","13":"product-type-simple","14":"add-to-wishlist-after_add_to_cart"},"aioseo_notices":[],"_links":{"self":[{"href":"https:\/\/cyprusbosch.com\/en\/wp-json\/wp\/v2\/product\/8583","targetHints":{"allow":["GET"]}}],"collection":[{"href":"https:\/\/cyprusbosch.com\/en\/wp-json\/wp\/v2\/product"}],"about":[{"href":"https:\/\/cyprusbosch.com\/en\/wp-json\/wp\/v2\/types\/product"}],"replies":[{"embeddable":true,"href":"https:\/\/cyprusbosch.com\/en\/wp-json\/wp\/v2\/comments?post=8583"}],"wp:featuredmedia":[{"embeddable":true,"href":"https:\/\/cyprusbosch.com\/en\/wp-json\/wp\/v2\/media\/10055"}],"wp:attachment":[{"href":"https:\/\/cyprusbosch.com\/en\/wp-json\/wp\/v2\/media?parent=8583"}],"wp:term":[{"taxonomy":"product_brand","embeddable":true,"href":"https:\/\/cyprusbosch.com\/en\/wp-json\/wp\/v2\/product_brand?post=8583"},{"taxonomy":"product_cat","embeddable":true,"href":"https:\/\/cyprusbosch.com\/en\/wp-json\/wp\/v2\/product_cat?post=8583"},{"taxonomy":"product_tag","embeddable":true,"href":"https:\/\/cyprusbosch.com\/en\/wp-json\/wp\/v2\/product_tag?post=8583"}],"curies":[{"name":"wp","href":"https:\/\/api.w.org\/{rel}","templated":true}]}}