{"id":8597,"date":"2025-02-23T13:59:03","date_gmt":"2025-02-23T13:59:03","guid":{"rendered":"https:\/\/cyprusbosch.com\/?post_type=product&#038;p=8597"},"modified":"2025-06-27T18:58:40","modified_gmt":"2025-06-27T18:58:40","slug":"series-8-izgarali-mikrodalga-firin-siyah-7-pre-set-otomatik-program-seri-8","status":"publish","type":"product","link":"https:\/\/cyprusbosch.com\/en\/product\/series-8-izgarali-mikrodalga-firin-siyah-7-pre-set-otomatik-program-seri-8\/","title":{"rendered":"Series 8 | Izgaral\u0131 Mikrodalga f\u0131r\u0131n Siyah  7 Pre-set Otomatik Program  Seri 8"},"content":{"rendered":"<p>Izgaral\u0131 Mikrodalga f\u0131r\u0131n Siyah 7 Pre-set Otomatik Program Seri 8<\/p>","protected":false},"excerpt":{"rendered":"<p>Izgaral\u0131 Mikrodalga f\u0131r\u0131n Siyah 7 Pre-set Otomatik Program Seri 8<\/p>","protected":false},"featured_media":9961,"comment_status":"open","ping_status":"closed","template":"","meta":{"om_disable_all_campaigns":false,"_monsterinsights_skip_tracking":false,"_monsterinsights_sitenote_active":false,"_monsterinsights_sitenote_note":"","_monsterinsights_sitenote_category":0,"_joinchat":[]},"product_brand":[],"product_cat":[201,200],"product_tag":[],"class_list":{"0":"post-8597","1":"product","2":"type-product","3":"status-publish","4":"has-post-thumbnail","6":"product_cat-ankastre-mikrodalga-firinlar","7":"product_cat-mikrodalga-firinlar","8":"ts_product_brand-bosch","10":"first","11":"instock","12":"shipping-taxable","13":"product-type-simple","14":"add-to-wishlist-after_add_to_cart"},"aioseo_notices":[],"_links":{"self":[{"href":"https:\/\/cyprusbosch.com\/en\/wp-json\/wp\/v2\/product\/8597","targetHints":{"allow":["GET"]}}],"collection":[{"href":"https:\/\/cyprusbosch.com\/en\/wp-json\/wp\/v2\/product"}],"about":[{"href":"https:\/\/cyprusbosch.com\/en\/wp-json\/wp\/v2\/types\/product"}],"replies":[{"embeddable":true,"href":"https:\/\/cyprusbosch.com\/en\/wp-json\/wp\/v2\/comments?post=8597"}],"wp:featuredmedia":[{"embeddable":true,"href":"https:\/\/cyprusbosch.com\/en\/wp-json\/wp\/v2\/media\/9961"}],"wp:attachment":[{"href":"https:\/\/cyprusbosch.com\/en\/wp-json\/wp\/v2\/media?parent=8597"}],"wp:term":[{"taxonomy":"product_brand","embeddable":true,"href":"https:\/\/cyprusbosch.com\/en\/wp-json\/wp\/v2\/product_brand?post=8597"},{"taxonomy":"product_cat","embeddable":true,"href":"https:\/\/cyprusbosch.com\/en\/wp-json\/wp\/v2\/product_cat?post=8597"},{"taxonomy":"product_tag","embeddable":true,"href":"https:\/\/cyprusbosch.com\/en\/wp-json\/wp\/v2\/product_tag?post=8597"}],"curies":[{"name":"wp","href":"https:\/\/api.w.org\/{rel}","templated":true}]}}