{"id":8602,"date":"2025-02-23T14:01:58","date_gmt":"2025-02-23T14:01:58","guid":{"rendered":"https:\/\/cyprusbosch.com\/?post_type=product&#038;p=8602"},"modified":"2025-08-06T18:55:52","modified_gmt":"2025-08-06T18:55:52","slug":"serie-6-ankastre-mikrodalga-beyaz","status":"publish","type":"product","link":"https:\/\/cyprusbosch.com\/en\/product\/serie-6-ankastre-mikrodalga-beyaz\/","title":{"rendered":"Serie | 6 Ankastre Mikrodalga Beyaz"},"content":{"rendered":"<p>Max. G\u00fc\u00e7: 800 W<br \/>\nG\u00fc\u00e7 seviyesi: 90 W, 180 W, 360 W, 600 W, 800 W<br \/>\n\u0130\u00e7 hacim: 20 lt<br \/>\nPaslanmaz \u00e7elik i\u00e7 y\u00fczey<br \/>\nLED ekran elektronik saat<br \/>\nKolay kontrol ve programlama imkan\u0131 AutoPilot, 7 4 defrost ve 3 pi\u015firme program\u0131<br \/>\nHaf\u0131za fonksiyonu<br \/>\nLED ayd\u0131nlatma 25.5 cm cam tepsi<br \/>\nYana do\u011fru a\u00e7\u0131labilen kapak<br \/>\nAksesuarlar: 1 x D\u00f6ner tabak<br \/>\nEmniyet i\u00e7in otomatik kendi kendine kapanma sistemi Kap\u0131 kontak sac\u0131<br \/>\nSo\u011fuk hava fan\u0131<br \/>\nElektrik kablosu uzunlu\u011fu: 130 cm<br \/>\ntoplam elektrik kullan\u0131m de\u011f.: 1.27 kW<br \/>\nNominal gerilim: 220 \u2013 230 V 60 cm geni\u015fli\u011finde boy dolab\u0131na uygun (min. 30 cm derinlik), boy dolab\u0131na da monte edilebilir<br \/>\n\u00dcr\u00fcn boyutu (YxGxD): 382 mm x 594 mm x 317 mm<br \/>\nMontaj \u00f6l\u00e7\u00fcleri (hxwxd): 560 mm \u2013 568 mm x 362 mm \u2013 365 mm x 300 mm<\/p>","protected":false},"excerpt":{"rendered":"<p>Max. G\u00fc\u00e7: 800 W G\u00fc\u00e7 seviyesi: 90 W, 180 W, 360 W, 600 W, 800 W \u0130\u00e7 hacim: 20 lt Paslanmaz \u00e7elik i\u00e7 y\u00fczey LED ekran elektronik saat Kolay kontrol ve programlama imkan\u0131 AutoPilot, 7 4 defrost ve 3 pi\u015firme program\u0131 Haf\u0131za fonksiyonu LED ayd\u0131nlatma 25.5 cm cam tepsi Yana do\u011fru a\u00e7\u0131labilen kapak Aksesuarlar: 1 [&hellip;]<\/p>","protected":false},"featured_media":10054,"comment_status":"open","ping_status":"closed","template":"","meta":{"om_disable_all_campaigns":false,"_monsterinsights_skip_tracking":false,"_monsterinsights_sitenote_active":false,"_monsterinsights_sitenote_note":"","_monsterinsights_sitenote_category":0,"_joinchat":[]},"product_brand":[],"product_cat":[201,200],"product_tag":[],"class_list":{"0":"post-8602","1":"product","2":"type-product","3":"status-publish","4":"has-post-thumbnail","6":"product_cat-ankastre-mikrodalga-firinlar","7":"product_cat-mikrodalga-firinlar","8":"ts_product_brand-bosch","10":"first","11":"instock","12":"shipping-taxable","13":"product-type-simple","14":"add-to-wishlist-after_add_to_cart"},"aioseo_notices":[],"_links":{"self":[{"href":"https:\/\/cyprusbosch.com\/en\/wp-json\/wp\/v2\/product\/8602","targetHints":{"allow":["GET"]}}],"collection":[{"href":"https:\/\/cyprusbosch.com\/en\/wp-json\/wp\/v2\/product"}],"about":[{"href":"https:\/\/cyprusbosch.com\/en\/wp-json\/wp\/v2\/types\/product"}],"replies":[{"embeddable":true,"href":"https:\/\/cyprusbosch.com\/en\/wp-json\/wp\/v2\/comments?post=8602"}],"wp:featuredmedia":[{"embeddable":true,"href":"https:\/\/cyprusbosch.com\/en\/wp-json\/wp\/v2\/media\/10054"}],"wp:attachment":[{"href":"https:\/\/cyprusbosch.com\/en\/wp-json\/wp\/v2\/media?parent=8602"}],"wp:term":[{"taxonomy":"product_brand","embeddable":true,"href":"https:\/\/cyprusbosch.com\/en\/wp-json\/wp\/v2\/product_brand?post=8602"},{"taxonomy":"product_cat","embeddable":true,"href":"https:\/\/cyprusbosch.com\/en\/wp-json\/wp\/v2\/product_cat?post=8602"},{"taxonomy":"product_tag","embeddable":true,"href":"https:\/\/cyprusbosch.com\/en\/wp-json\/wp\/v2\/product_tag?post=8602"}],"curies":[{"name":"wp","href":"https:\/\/api.w.org\/{rel}","templated":true}]}}