{"id":8618,"date":"2025-02-23T14:08:39","date_gmt":"2025-02-23T14:08:39","guid":{"rendered":"https:\/\/cyprusbosch.com\/?post_type=product&#038;p=8618"},"modified":"2025-02-23T14:08:39","modified_gmt":"2025-02-23T14:08:39","slug":"serie-2-gazli-ocak-60-cm-paslanmaz-celik","status":"publish","type":"product","link":"https:\/\/cyprusbosch.com\/en\/product\/serie-2-gazli-ocak-60-cm-paslanmaz-celik\/","title":{"rendered":"Serie | 2 Gazl\u0131 Ocak 60 cm Paslanmaz \u00e7elik"},"content":{"rendered":"<p>Boyutlar: 54 x 580 x 510 mm<br \/>\nOcak tipi: Gazl\u0131 ocak<br \/>\nKurulum t\u00fcr\u00fc: Kendi kendine yeten gazl\u0131 ocaklar<br \/>\nGeni\u015flik: 60 cm<br \/>\nIs\u0131tma elemanlar\u0131n\u0131n g\u00fcc\u00fc: 1 x 1,0 KW, 1 x 3,0 KW, 2 x 1,7 KW<br \/>\nTemel y\u00fczey malzemesi: Paslanmaz \u00e7elik<br \/>\n\u00c7er\u00e7eve tipi: \u00c7er\u00e7evesiz<br \/>\n\u00dcr\u00fcn\u00fcn ana rengi: Paslanmaz \u00e7elik<br \/>\nOca\u011f\u0131n enerji verimlili\u011fi: 57.0 %<br \/>\nBirlikte verilen aksesuarlar: 1 x espresso i\u00e7in \u00e7apraz destek<\/p>","protected":false},"excerpt":{"rendered":"<p>Boyutlar: 54 x 580 x 510 mm Ocak tipi: Gazl\u0131 ocak Kurulum t\u00fcr\u00fc: Kendi kendine yeten gazl\u0131 ocaklar Geni\u015flik: 60 cm Is\u0131tma elemanlar\u0131n\u0131n g\u00fcc\u00fc: 1 x 1,0 KW, 1 x 3,0 KW, 2 x 1,7 KW Temel y\u00fczey malzemesi: Paslanmaz \u00e7elik \u00c7er\u00e7eve tipi: \u00c7er\u00e7evesiz \u00dcr\u00fcn\u00fcn ana rengi: Paslanmaz \u00e7elik Oca\u011f\u0131n enerji verimlili\u011fi: 57.0 % Birlikte [&hellip;]<\/p>","protected":false},"featured_media":8623,"comment_status":"open","ping_status":"closed","template":"","meta":{"om_disable_all_campaigns":false,"_monsterinsights_skip_tracking":false,"_monsterinsights_sitenote_active":false,"_monsterinsights_sitenote_note":"","_monsterinsights_sitenote_category":0,"_joinchat":[]},"product_brand":[],"product_cat":[197],"product_tag":[],"class_list":{"0":"post-8618","1":"product","2":"type-product","3":"status-publish","4":"has-post-thumbnail","6":"product_cat-ocaklar","7":"ts_product_brand-bosch","9":"first","10":"instock","11":"shipping-taxable","12":"product-type-simple","13":"add-to-wishlist-after_add_to_cart"},"aioseo_notices":[],"_links":{"self":[{"href":"https:\/\/cyprusbosch.com\/en\/wp-json\/wp\/v2\/product\/8618","targetHints":{"allow":["GET"]}}],"collection":[{"href":"https:\/\/cyprusbosch.com\/en\/wp-json\/wp\/v2\/product"}],"about":[{"href":"https:\/\/cyprusbosch.com\/en\/wp-json\/wp\/v2\/types\/product"}],"replies":[{"embeddable":true,"href":"https:\/\/cyprusbosch.com\/en\/wp-json\/wp\/v2\/comments?post=8618"}],"wp:featuredmedia":[{"embeddable":true,"href":"https:\/\/cyprusbosch.com\/en\/wp-json\/wp\/v2\/media\/8623"}],"wp:attachment":[{"href":"https:\/\/cyprusbosch.com\/en\/wp-json\/wp\/v2\/media?parent=8618"}],"wp:term":[{"taxonomy":"product_brand","embeddable":true,"href":"https:\/\/cyprusbosch.com\/en\/wp-json\/wp\/v2\/product_brand?post=8618"},{"taxonomy":"product_cat","embeddable":true,"href":"https:\/\/cyprusbosch.com\/en\/wp-json\/wp\/v2\/product_cat?post=8618"},{"taxonomy":"product_tag","embeddable":true,"href":"https:\/\/cyprusbosch.com\/en\/wp-json\/wp\/v2\/product_tag?post=8618"}],"curies":[{"name":"wp","href":"https:\/\/api.w.org\/{rel}","templated":true}]}}