{"id":8624,"date":"2025-02-23T14:10:59","date_gmt":"2025-02-23T14:10:59","guid":{"rendered":"https:\/\/cyprusbosch.com\/?post_type=product&#038;p=8624"},"modified":"2025-02-23T14:10:59","modified_gmt":"2025-02-23T14:10:59","slug":"serie-2-beyaz-ankastre-3-goz-gaz-1-goz-elektrik-ocak-60cm","status":"publish","type":"product","link":"https:\/\/cyprusbosch.com\/en\/product\/serie-2-beyaz-ankastre-3-goz-gaz-1-goz-elektrik-ocak-60cm\/","title":{"rendered":"Serie | 2 Beyaz Ankastre 3 G\u00f6z Gaz + 1 G\u00f6z Elektrik Ocak 60cm"},"content":{"rendered":"<p>Boyutlar: 43 x 580 x 510 mm<br \/>\nRenk: Beyaz<br \/>\nS\u00fcre: 2 y\u0131l<br \/>\nDaire Say\u0131s\u0131 : 4<br \/>\nConcorde Gaz\u0131 : 3<br \/>\nElektrik Confor : 1<br \/>\nElektromanyetik : Evet<br \/>\nPanelin konumu: Sa\u011fda<\/p>","protected":false},"excerpt":{"rendered":"<p>Boyutlar: 43 x 580 x 510 mm Renk: Beyaz S\u00fcre: 2 y\u0131l Daire Say\u0131s\u0131 : 4 Concorde Gaz\u0131 : 3 Elektrik Confor : 1 Elektromanyetik : Evet Panelin konumu: Sa\u011fda<\/p>","protected":false},"featured_media":8629,"comment_status":"open","ping_status":"closed","template":"","meta":{"om_disable_all_campaigns":false,"_monsterinsights_skip_tracking":false,"_monsterinsights_sitenote_active":false,"_monsterinsights_sitenote_note":"","_monsterinsights_sitenote_category":0,"_joinchat":[]},"product_brand":[],"product_cat":[197],"product_tag":[],"class_list":{"0":"post-8624","1":"product","2":"type-product","3":"status-publish","4":"has-post-thumbnail","6":"product_cat-ocaklar","7":"ts_product_brand-bosch","9":"first","10":"instock","11":"shipping-taxable","12":"product-type-simple","13":"add-to-wishlist-after_add_to_cart"},"aioseo_notices":[],"_links":{"self":[{"href":"https:\/\/cyprusbosch.com\/en\/wp-json\/wp\/v2\/product\/8624","targetHints":{"allow":["GET"]}}],"collection":[{"href":"https:\/\/cyprusbosch.com\/en\/wp-json\/wp\/v2\/product"}],"about":[{"href":"https:\/\/cyprusbosch.com\/en\/wp-json\/wp\/v2\/types\/product"}],"replies":[{"embeddable":true,"href":"https:\/\/cyprusbosch.com\/en\/wp-json\/wp\/v2\/comments?post=8624"}],"wp:featuredmedia":[{"embeddable":true,"href":"https:\/\/cyprusbosch.com\/en\/wp-json\/wp\/v2\/media\/8629"}],"wp:attachment":[{"href":"https:\/\/cyprusbosch.com\/en\/wp-json\/wp\/v2\/media?parent=8624"}],"wp:term":[{"taxonomy":"product_brand","embeddable":true,"href":"https:\/\/cyprusbosch.com\/en\/wp-json\/wp\/v2\/product_brand?post=8624"},{"taxonomy":"product_cat","embeddable":true,"href":"https:\/\/cyprusbosch.com\/en\/wp-json\/wp\/v2\/product_cat?post=8624"},{"taxonomy":"product_tag","embeddable":true,"href":"https:\/\/cyprusbosch.com\/en\/wp-json\/wp\/v2\/product_tag?post=8624"}],"curies":[{"name":"wp","href":"https:\/\/api.w.org\/{rel}","templated":true}]}}