{"id":8630,"date":"2025-02-23T14:13:05","date_gmt":"2025-02-23T14:13:05","guid":{"rendered":"https:\/\/cyprusbosch.com\/?post_type=product&#038;p=8630"},"modified":"2025-02-23T14:13:05","modified_gmt":"2025-02-23T14:13:05","slug":"serie-2-gazli-ocak-60cm-4-gazli-siyah-otomatik-atesleme-sistemli","status":"publish","type":"product","link":"https:\/\/cyprusbosch.com\/en\/product\/serie-2-gazli-ocak-60cm-4-gazli-siyah-otomatik-atesleme-sistemli\/","title":{"rendered":"Serie | 2 Gazl\u0131 ocak 60cm 4 Gazl\u0131 Siyah Otomatik Ate\u015fleme Sistemli"},"content":{"rendered":"<p>Anahtarl\u0131 gazl\u0131 ocak, 60 cm<br \/>\n4 gaz br\u00fcl\u00f6r\u00fc<br \/>\nSol \u00f6n: Y\u00fcksek g\u00fc\u00e7l\u00fc br\u00fcl\u00f6r 3 kW<br \/>\nSol arka: Standart br\u00fcl\u00f6r 1,7 kW<br \/>\nSa\u011f arka: Standart br\u00fcl\u00f6r 1,7 kW<br \/>\nSa\u011f \u00f6n: Ekonomik br\u00fcl\u00f6r 1 kW<br \/>\nOtomatik elektrikli ate\u015fleme<br \/>\nTermoelektrik gaz ka\u00e7a\u011f\u0131 korumas\u0131<br \/>\n\u00c7elik \u0131zgara<br \/>\nDo\u011falgaz i\u00e7in fabrika ayar\u0131 (20 mbar)<br \/>\nKit i\u00e7erisinde s\u0131v\u0131la\u015ft\u0131r\u0131lm\u0131\u015f gaz (28-30\/37mbar) i\u00e7in nozullar bulunmaktad\u0131r<br \/>\n1 m uzunlu\u011funda elektrik kablosu<\/p>","protected":false},"excerpt":{"rendered":"<p>Anahtarl\u0131 gazl\u0131 ocak, 60 cm 4 gaz br\u00fcl\u00f6r\u00fc Sol \u00f6n: Y\u00fcksek g\u00fc\u00e7l\u00fc br\u00fcl\u00f6r 3 kW Sol arka: Standart br\u00fcl\u00f6r 1,7 kW Sa\u011f arka: Standart br\u00fcl\u00f6r 1,7 kW Sa\u011f \u00f6n: Ekonomik br\u00fcl\u00f6r 1 kW Otomatik elektrikli ate\u015fleme Termoelektrik gaz ka\u00e7a\u011f\u0131 korumas\u0131 \u00c7elik \u0131zgara Do\u011falgaz i\u00e7in fabrika ayar\u0131 (20 mbar) Kit i\u00e7erisinde s\u0131v\u0131la\u015ft\u0131r\u0131lm\u0131\u015f gaz (28-30\/37mbar) i\u00e7in nozullar [&hellip;]<\/p>","protected":false},"featured_media":8633,"comment_status":"open","ping_status":"closed","template":"","meta":{"om_disable_all_campaigns":false,"_monsterinsights_skip_tracking":false,"_monsterinsights_sitenote_active":false,"_monsterinsights_sitenote_note":"","_monsterinsights_sitenote_category":0,"_joinchat":[]},"product_brand":[],"product_cat":[197],"product_tag":[],"class_list":{"0":"post-8630","1":"product","2":"type-product","3":"status-publish","4":"has-post-thumbnail","6":"product_cat-ocaklar","7":"ts_product_brand-bosch","9":"first","10":"instock","11":"shipping-taxable","12":"product-type-simple","13":"add-to-wishlist-after_add_to_cart"},"aioseo_notices":[],"_links":{"self":[{"href":"https:\/\/cyprusbosch.com\/en\/wp-json\/wp\/v2\/product\/8630","targetHints":{"allow":["GET"]}}],"collection":[{"href":"https:\/\/cyprusbosch.com\/en\/wp-json\/wp\/v2\/product"}],"about":[{"href":"https:\/\/cyprusbosch.com\/en\/wp-json\/wp\/v2\/types\/product"}],"replies":[{"embeddable":true,"href":"https:\/\/cyprusbosch.com\/en\/wp-json\/wp\/v2\/comments?post=8630"}],"wp:featuredmedia":[{"embeddable":true,"href":"https:\/\/cyprusbosch.com\/en\/wp-json\/wp\/v2\/media\/8633"}],"wp:attachment":[{"href":"https:\/\/cyprusbosch.com\/en\/wp-json\/wp\/v2\/media?parent=8630"}],"wp:term":[{"taxonomy":"product_brand","embeddable":true,"href":"https:\/\/cyprusbosch.com\/en\/wp-json\/wp\/v2\/product_brand?post=8630"},{"taxonomy":"product_cat","embeddable":true,"href":"https:\/\/cyprusbosch.com\/en\/wp-json\/wp\/v2\/product_cat?post=8630"},{"taxonomy":"product_tag","embeddable":true,"href":"https:\/\/cyprusbosch.com\/en\/wp-json\/wp\/v2\/product_tag?post=8630"}],"curies":[{"name":"wp","href":"https:\/\/api.w.org\/{rel}","templated":true}]}}