{"id":8644,"date":"2025-02-23T14:18:44","date_gmt":"2025-02-23T14:18:44","guid":{"rendered":"https:\/\/cyprusbosch.com\/?post_type=product&#038;p=8644"},"modified":"2025-02-23T14:20:15","modified_gmt":"2025-02-23T14:20:15","slug":"serie-6-gazli-ocak-60-cm-siyah-2","status":"publish","type":"product","link":"https:\/\/cyprusbosch.com\/en\/product\/serie-6-gazli-ocak-60-cm-siyah-2\/","title":{"rendered":"Serie | 6 Gazl\u0131 Ocak 60 cm siyah"},"content":{"rendered":"<p>Performans 4 g\u00f6z\u00fc gazl\u0131 ocak (2 normal, 1 ekonomik, 1 wok ocak g\u00f6z\u00fc)<br \/>\nSol \u00f6n: Normal ocak g\u00f6z\u00fc 1.75 kW\u2019a kadar (gaz t\u00fcr\u00fcne ba\u011fl\u0131)<br \/>\nSol arka: normal ocak g\u00f6z\u00fc 1.75 kW\u2019a kadar (gaz t\u00fcr\u00fcne ba\u011fl\u0131) Sa\u011f arka: Wok ocak g\u00f6z\u00fc 3.5 kW\u2019a kadar (gaz t\u00fcr\u00fcne ba\u011fl\u0131)<br \/>\nSa\u011f \u00f6n: Ekonomik ocak g\u00f6z\u00fc 1.75 kW\u2019a kadar (gaz t\u00fcr\u00fcne ba\u011fl\u0131)<br \/>\nKolay Kullan\u0131m FlameSelect Teknolojisi<br \/>\nD\u00fc\u011fmeden otomatik ate\u015fleme K\u0131l\u0131\u00e7 d\u00fc\u011fme<br \/>\nFabrika \u00e7\u0131k\u0131\u015f\u0131 do\u011falgaza ayarl\u0131 (20 mbar)<br \/>\nLPG enjekt\u00f6r seti cihaz i\u00e7inde (28-30\/37mbar)<br \/>\nG\u00fcvenlik Gaz emniyet sistemi<br \/>\nD\u00f6kme demir ocak \u0131zgaras\u0131<br \/>\nMin. tezgah derinli\u011fi: 30 mm<br \/>\nCihaz \u00f6l\u00e7\u00fcs\u00fc (YxGxD): 58 mm x 590 mm x 520 mm<br \/>\nDolap \u00f6l\u00e7\u00fcs\u00fc (GxD): 560 mm x 480-490 mm<\/p>","protected":false},"excerpt":{"rendered":"<p>Performans 4 g\u00f6z\u00fc gazl\u0131 ocak (2 normal, 1 ekonomik, 1 wok ocak g\u00f6z\u00fc) Sol \u00f6n: Normal ocak g\u00f6z\u00fc 1.75 kW\u2019a kadar (gaz t\u00fcr\u00fcne ba\u011fl\u0131) Sol arka: normal ocak g\u00f6z\u00fc 1.75 kW\u2019a kadar (gaz t\u00fcr\u00fcne ba\u011fl\u0131) Sa\u011f arka: Wok ocak g\u00f6z\u00fc 3.5 kW\u2019a kadar (gaz t\u00fcr\u00fcne ba\u011fl\u0131) Sa\u011f \u00f6n: Ekonomik ocak g\u00f6z\u00fc 1.75 kW\u2019a kadar (gaz [&hellip;]<\/p>","protected":false},"featured_media":8647,"comment_status":"open","ping_status":"closed","template":"","meta":{"om_disable_all_campaigns":false,"_monsterinsights_skip_tracking":false,"_monsterinsights_sitenote_active":false,"_monsterinsights_sitenote_note":"","_monsterinsights_sitenote_category":0,"_joinchat":[]},"product_brand":[],"product_cat":[197],"product_tag":[],"class_list":{"0":"post-8644","1":"product","2":"type-product","3":"status-publish","4":"has-post-thumbnail","6":"product_cat-ocaklar","7":"ts_product_brand-bosch","9":"first","10":"instock","11":"shipping-taxable","12":"product-type-simple","13":"add-to-wishlist-after_add_to_cart"},"aioseo_notices":[],"_links":{"self":[{"href":"https:\/\/cyprusbosch.com\/en\/wp-json\/wp\/v2\/product\/8644","targetHints":{"allow":["GET"]}}],"collection":[{"href":"https:\/\/cyprusbosch.com\/en\/wp-json\/wp\/v2\/product"}],"about":[{"href":"https:\/\/cyprusbosch.com\/en\/wp-json\/wp\/v2\/types\/product"}],"replies":[{"embeddable":true,"href":"https:\/\/cyprusbosch.com\/en\/wp-json\/wp\/v2\/comments?post=8644"}],"wp:featuredmedia":[{"embeddable":true,"href":"https:\/\/cyprusbosch.com\/en\/wp-json\/wp\/v2\/media\/8647"}],"wp:attachment":[{"href":"https:\/\/cyprusbosch.com\/en\/wp-json\/wp\/v2\/media?parent=8644"}],"wp:term":[{"taxonomy":"product_brand","embeddable":true,"href":"https:\/\/cyprusbosch.com\/en\/wp-json\/wp\/v2\/product_brand?post=8644"},{"taxonomy":"product_cat","embeddable":true,"href":"https:\/\/cyprusbosch.com\/en\/wp-json\/wp\/v2\/product_cat?post=8644"},{"taxonomy":"product_tag","embeddable":true,"href":"https:\/\/cyprusbosch.com\/en\/wp-json\/wp\/v2\/product_tag?post=8644"}],"curies":[{"name":"wp","href":"https:\/\/api.w.org\/{rel}","templated":true}]}}