{"id":8653,"date":"2025-02-23T14:21:43","date_gmt":"2025-02-23T14:21:43","guid":{"rendered":"https:\/\/cyprusbosch.com\/?post_type=product&#038;p=8653"},"modified":"2025-02-23T14:21:43","modified_gmt":"2025-02-23T14:21:43","slug":"serie-4-gazli-ocak-60-cm-temperli-cam-beyaz","status":"publish","type":"product","link":"https:\/\/cyprusbosch.com\/en\/product\/serie-4-gazli-ocak-60-cm-temperli-cam-beyaz\/","title":{"rendered":"Serie | 4 Gazl\u0131 Ocak 60 cm Temperli cam, Beyaz"},"content":{"rendered":"<p>Cihaz\u0131n boyutlar\u0131: 56 x 590 x 520 mm<br \/>\nOcakl\u0131 tip: Gazl\u0131 ocak<br \/>\nKurulum Tipi: Kendi kendine yeten gazl\u0131 ocaklar<br \/>\nGeni\u015flik: 60 cm<br \/>\nAyn\u0131 anda kullan\u0131m i\u00e7in br\u00fcl\u00f6r say\u0131s\u0131: 4<br \/>\nIs\u0131tma elemanlar\u0131n\u0131n g\u00fcc\u00fc: 1 x 1,0 KW, 1 x 3,0 KW, 2 x 1,75 KW<br \/>\nTemel y\u00fczey malzemesi: Temperli cam<br \/>\n\u00c7er\u00e7eve tipi: G\u00f6mme ba\u011flant\u0131<br \/>\nRenk: Beyaz<br \/>\nOca\u011f\u0131n enerji verimlili\u011fi: 55,5 %<br \/>\nDenetim: silindirik d\u00fc\u011fmeler<br \/>\nElektronik Saat: Hay\u0131r<\/p>","protected":false},"excerpt":{"rendered":"<p>Cihaz\u0131n boyutlar\u0131: 56 x 590 x 520 mm Ocakl\u0131 tip: Gazl\u0131 ocak Kurulum Tipi: Kendi kendine yeten gazl\u0131 ocaklar Geni\u015flik: 60 cm Ayn\u0131 anda kullan\u0131m i\u00e7in br\u00fcl\u00f6r say\u0131s\u0131: 4 Is\u0131tma elemanlar\u0131n\u0131n g\u00fcc\u00fc: 1 x 1,0 KW, 1 x 3,0 KW, 2 x 1,75 KW Temel y\u00fczey malzemesi: Temperli cam \u00c7er\u00e7eve tipi: G\u00f6mme ba\u011flant\u0131 Renk: Beyaz [&hellip;]<\/p>","protected":false},"featured_media":8658,"comment_status":"open","ping_status":"closed","template":"","meta":{"om_disable_all_campaigns":false,"_monsterinsights_skip_tracking":false,"_monsterinsights_sitenote_active":false,"_monsterinsights_sitenote_note":"","_monsterinsights_sitenote_category":0,"_joinchat":[]},"product_brand":[],"product_cat":[197],"product_tag":[],"class_list":{"0":"post-8653","1":"product","2":"type-product","3":"status-publish","4":"has-post-thumbnail","6":"product_cat-ocaklar","7":"ts_product_brand-bosch","9":"first","10":"instock","11":"shipping-taxable","12":"product-type-simple","13":"add-to-wishlist-after_add_to_cart"},"aioseo_notices":[],"_links":{"self":[{"href":"https:\/\/cyprusbosch.com\/en\/wp-json\/wp\/v2\/product\/8653","targetHints":{"allow":["GET"]}}],"collection":[{"href":"https:\/\/cyprusbosch.com\/en\/wp-json\/wp\/v2\/product"}],"about":[{"href":"https:\/\/cyprusbosch.com\/en\/wp-json\/wp\/v2\/types\/product"}],"replies":[{"embeddable":true,"href":"https:\/\/cyprusbosch.com\/en\/wp-json\/wp\/v2\/comments?post=8653"}],"wp:featuredmedia":[{"embeddable":true,"href":"https:\/\/cyprusbosch.com\/en\/wp-json\/wp\/v2\/media\/8658"}],"wp:attachment":[{"href":"https:\/\/cyprusbosch.com\/en\/wp-json\/wp\/v2\/media?parent=8653"}],"wp:term":[{"taxonomy":"product_brand","embeddable":true,"href":"https:\/\/cyprusbosch.com\/en\/wp-json\/wp\/v2\/product_brand?post=8653"},{"taxonomy":"product_cat","embeddable":true,"href":"https:\/\/cyprusbosch.com\/en\/wp-json\/wp\/v2\/product_cat?post=8653"},{"taxonomy":"product_tag","embeddable":true,"href":"https:\/\/cyprusbosch.com\/en\/wp-json\/wp\/v2\/product_tag?post=8653"}],"curies":[{"name":"wp","href":"https:\/\/api.w.org\/{rel}","templated":true}]}}