{"id":8672,"date":"2025-02-23T14:33:49","date_gmt":"2025-02-23T14:33:49","guid":{"rendered":"https:\/\/cyprusbosch.com\/?post_type=product&#038;p=8672"},"modified":"2025-02-23T14:33:49","modified_gmt":"2025-02-23T14:33:49","slug":"serie-8-domino-ocak-gaz","status":"publish","type":"product","link":"https:\/\/cyprusbosch.com\/en\/product\/serie-8-domino-ocak-gaz\/","title":{"rendered":"Serie | 8 Domino Ocak, Gaz"},"content":{"rendered":"<p>Seramik cam<br \/>\nAd\u0131m valfi 9 ad\u0131m<br \/>\nElektronik g\u00f6sterge k\u0131l\u0131\u00e7 kollar\u0131<br \/>\nKontrol d\u00fc\u011fmesi ile tek elle ate\u015fleme<br \/>\nD\u00f6kme demir tava destekleri<br \/>\nTava bula\u015f\u0131k makinesinde y\u0131kanabilir<br \/>\nG\u00fc\u00e7 ve boyut: 2 adet 1 h\u0131zl\u0131, 1 standart br\u00fcl\u00f6r 2,8 KW\u2019a kadar y\u00fcksek h\u0131zl\u0131 br\u00fcl\u00f6r (gaz t\u00fcr\u00fcne ba\u011fl\u0131 olarak)<br \/>\nOrta \u00f6n: 0,4 KW\u2019a kadar standart br\u00fcl\u00f6r (gaz tipine ba\u011fl\u0131 olarak)<br \/>\nTam alev g\u00fcvenli\u011fi 2 katl\u0131 art\u0131k \u0131s\u0131 g\u00f6stergesi<br \/>\nS\u0131v\u0131 gaz \u00f6n ayar\u0131 (28-30 \/ 37mbar)<\/p>","protected":false},"excerpt":{"rendered":"<p>Seramik cam Ad\u0131m valfi 9 ad\u0131m Elektronik g\u00f6sterge k\u0131l\u0131\u00e7 kollar\u0131 Kontrol d\u00fc\u011fmesi ile tek elle ate\u015fleme D\u00f6kme demir tava destekleri Tava bula\u015f\u0131k makinesinde y\u0131kanabilir G\u00fc\u00e7 ve boyut: 2 adet 1 h\u0131zl\u0131, 1 standart br\u00fcl\u00f6r 2,8 KW\u2019a kadar y\u00fcksek h\u0131zl\u0131 br\u00fcl\u00f6r (gaz t\u00fcr\u00fcne ba\u011fl\u0131 olarak) Orta \u00f6n: 0,4 KW\u2019a kadar standart br\u00fcl\u00f6r (gaz tipine ba\u011fl\u0131 olarak) [&hellip;]<\/p>","protected":false},"featured_media":8674,"comment_status":"open","ping_status":"closed","template":"","meta":{"om_disable_all_campaigns":false,"_monsterinsights_skip_tracking":false,"_monsterinsights_sitenote_active":false,"_monsterinsights_sitenote_note":"","_monsterinsights_sitenote_category":0,"_joinchat":[]},"product_brand":[],"product_cat":[241,197],"product_tag":[],"class_list":{"0":"post-8672","1":"product","2":"type-product","3":"status-publish","4":"has-post-thumbnail","6":"product_cat-domino-serisi","7":"product_cat-ocaklar","8":"ts_product_brand-bosch","10":"first","11":"instock","12":"shipping-taxable","13":"product-type-simple","14":"add-to-wishlist-after_add_to_cart"},"aioseo_notices":[],"_links":{"self":[{"href":"https:\/\/cyprusbosch.com\/en\/wp-json\/wp\/v2\/product\/8672","targetHints":{"allow":["GET"]}}],"collection":[{"href":"https:\/\/cyprusbosch.com\/en\/wp-json\/wp\/v2\/product"}],"about":[{"href":"https:\/\/cyprusbosch.com\/en\/wp-json\/wp\/v2\/types\/product"}],"replies":[{"embeddable":true,"href":"https:\/\/cyprusbosch.com\/en\/wp-json\/wp\/v2\/comments?post=8672"}],"wp:featuredmedia":[{"embeddable":true,"href":"https:\/\/cyprusbosch.com\/en\/wp-json\/wp\/v2\/media\/8674"}],"wp:attachment":[{"href":"https:\/\/cyprusbosch.com\/en\/wp-json\/wp\/v2\/media?parent=8672"}],"wp:term":[{"taxonomy":"product_brand","embeddable":true,"href":"https:\/\/cyprusbosch.com\/en\/wp-json\/wp\/v2\/product_brand?post=8672"},{"taxonomy":"product_cat","embeddable":true,"href":"https:\/\/cyprusbosch.com\/en\/wp-json\/wp\/v2\/product_cat?post=8672"},{"taxonomy":"product_tag","embeddable":true,"href":"https:\/\/cyprusbosch.com\/en\/wp-json\/wp\/v2\/product_tag?post=8672"}],"curies":[{"name":"wp","href":"https:\/\/api.w.org\/{rel}","templated":true}]}}