{"id":8681,"date":"2025-02-23T14:37:59","date_gmt":"2025-02-23T14:37:59","guid":{"rendered":"https:\/\/cyprusbosch.com\/?post_type=product&#038;p=8681"},"modified":"2025-02-23T14:37:59","modified_gmt":"2025-02-23T14:37:59","slug":"serie-8-domino-gas-wok-30-cm","status":"publish","type":"product","link":"https:\/\/cyprusbosch.com\/en\/product\/serie-8-domino-gas-wok-30-cm\/","title":{"rendered":"Serie | 8 Domino Gas Wok 30 cm"},"content":{"rendered":"<p>\u00dcr\u00fcn bilgileri 1 Wok ocak g\u00f6z\u00fc<br \/>\nOrta: Wok ocak g\u00f6z\u00fc 6 kW\u2019a kadar (gaz t\u00fcr\u00fcne ba\u011fl\u0131)<br \/>\nD\u00fc\u011fmeden otomatik ate\u015fleme<br \/>\nGaz emniyet sistemi<br \/>\nD\u00f6kme demir ocak \u0131zgaras\u0131<br \/>\nBula\u015f\u0131k makinesinde y\u0131kanabilen ocak \u0131zgaralar\u0131<br \/>\nBa\u011flant\u0131 kablosu 1 m<br \/>\nFabrika \u00e7\u0131k\u0131\u015f\u0131 do\u011falgaza ayarl\u0131 (20 mbar)<br \/>\nLPG enjekt\u00f6r seti cihaz i\u00e7inde (28-30\/37mbar)<br \/>\nCam seramik dominolarla kombine edilebilir<\/p>","protected":false},"excerpt":{"rendered":"<p>\u00dcr\u00fcn bilgileri 1 Wok ocak g\u00f6z\u00fc Orta: Wok ocak g\u00f6z\u00fc 6 kW\u2019a kadar (gaz t\u00fcr\u00fcne ba\u011fl\u0131) D\u00fc\u011fmeden otomatik ate\u015fleme Gaz emniyet sistemi D\u00f6kme demir ocak \u0131zgaras\u0131 Bula\u015f\u0131k makinesinde y\u0131kanabilen ocak \u0131zgaralar\u0131 Ba\u011flant\u0131 kablosu 1 m Fabrika \u00e7\u0131k\u0131\u015f\u0131 do\u011falgaza ayarl\u0131 (20 mbar) LPG enjekt\u00f6r seti cihaz i\u00e7inde (28-30\/37mbar) Cam seramik dominolarla kombine edilebilir<\/p>","protected":false},"featured_media":8684,"comment_status":"open","ping_status":"closed","template":"","meta":{"om_disable_all_campaigns":false,"_monsterinsights_skip_tracking":false,"_monsterinsights_sitenote_active":false,"_monsterinsights_sitenote_note":"","_monsterinsights_sitenote_category":0,"_joinchat":[]},"product_brand":[],"product_cat":[241,197],"product_tag":[],"class_list":{"0":"post-8681","1":"product","2":"type-product","3":"status-publish","4":"has-post-thumbnail","6":"product_cat-domino-serisi","7":"product_cat-ocaklar","8":"ts_product_brand-bosch","10":"first","11":"instock","12":"shipping-taxable","13":"product-type-simple","14":"add-to-wishlist-after_add_to_cart"},"aioseo_notices":[],"_links":{"self":[{"href":"https:\/\/cyprusbosch.com\/en\/wp-json\/wp\/v2\/product\/8681","targetHints":{"allow":["GET"]}}],"collection":[{"href":"https:\/\/cyprusbosch.com\/en\/wp-json\/wp\/v2\/product"}],"about":[{"href":"https:\/\/cyprusbosch.com\/en\/wp-json\/wp\/v2\/types\/product"}],"replies":[{"embeddable":true,"href":"https:\/\/cyprusbosch.com\/en\/wp-json\/wp\/v2\/comments?post=8681"}],"wp:featuredmedia":[{"embeddable":true,"href":"https:\/\/cyprusbosch.com\/en\/wp-json\/wp\/v2\/media\/8684"}],"wp:attachment":[{"href":"https:\/\/cyprusbosch.com\/en\/wp-json\/wp\/v2\/media?parent=8681"}],"wp:term":[{"taxonomy":"product_brand","embeddable":true,"href":"https:\/\/cyprusbosch.com\/en\/wp-json\/wp\/v2\/product_brand?post=8681"},{"taxonomy":"product_cat","embeddable":true,"href":"https:\/\/cyprusbosch.com\/en\/wp-json\/wp\/v2\/product_cat?post=8681"},{"taxonomy":"product_tag","embeddable":true,"href":"https:\/\/cyprusbosch.com\/en\/wp-json\/wp\/v2\/product_tag?post=8681"}],"curies":[{"name":"wp","href":"https:\/\/api.w.org\/{rel}","templated":true}]}}