{"id":8697,"date":"2025-03-09T14:24:57","date_gmt":"2025-03-09T14:24:57","guid":{"rendered":"https:\/\/cyprusbosch.com\/?post_type=product&#038;p=8697"},"modified":"2025-03-09T14:25:50","modified_gmt":"2025-03-09T14:25:50","slug":"mum-serie-2-700-w-kirmizi","status":"publish","type":"product","link":"https:\/\/cyprusbosch.com\/en\/product\/mum-serie-2-700-w-kirmizi\/","title":{"rendered":"MUM Serie | 2 700 W  K\u0131rm\u0131z\u0131"},"content":{"rendered":"<p><strong>\u00c7ok y\u00f6nl\u00fc kullan\u0131ma sahip en kompakt mutfak makinemiz<\/strong><\/p>\n<p>G\u00fc\u00e7l\u00fc 700 watt Bosch motor: h\u0131zl\u0131 pi\u015firme ve pi\u015firme sonu\u00e7lar\u0131, kolay i\u015fleme, hatta a\u011f\u0131r hamurlar i\u00e7in idealdir.<br \/>\nB\u00fcy\u00fck 3.8l paslanmaz \u00e7elik kase: hamurlar\u0131n optimum haz\u0131rlanmas\u0131 i\u00e7in \u00f6zel i\u00e7 \u015fekle sahip. (2,4 kg\u2019a kadar kek kar\u0131\u015f\u0131m\u0131 veya 1,7 kg maya hamuru)<br \/>\nT\u00fcm bile\u015fenlerin optimum \u015fekilde kar\u0131\u015ft\u0131r\u0131lmas\u0131n\u0131 sa\u011flayan 3D PlanetaryMixing sayesinde m\u00fckemmel sonu\u00e7lar.<br \/>\n4 h\u0131z ayar\u0131: b\u00fcy\u00fck g\u00f6revler i\u00e7in 4 h\u0131z ayar\u0131 ile kolay haz\u0131rl\u0131k.<br \/>\nPastane seti: m\u00fckemmel pi\u015firme i\u00e7in \u00e7\u0131rpma, kar\u0131\u015ft\u0131r\u0131c\u0131 ve yo\u011furma kancas\u0131.<\/p>","protected":false},"excerpt":{"rendered":"<p>\u00c7ok y\u00f6nl\u00fc kullan\u0131ma sahip en kompakt mutfak makinemiz G\u00fc\u00e7l\u00fc 700 watt Bosch motor: h\u0131zl\u0131 pi\u015firme ve pi\u015firme sonu\u00e7lar\u0131, kolay i\u015fleme, hatta a\u011f\u0131r hamurlar i\u00e7in idealdir. B\u00fcy\u00fck 3.8l paslanmaz \u00e7elik kase: hamurlar\u0131n optimum haz\u0131rlanmas\u0131 i\u00e7in \u00f6zel i\u00e7 \u015fekle sahip. (2,4 kg\u2019a kadar kek kar\u0131\u015f\u0131m\u0131 veya 1,7 kg maya hamuru) T\u00fcm bile\u015fenlerin optimum \u015fekilde kar\u0131\u015ft\u0131r\u0131lmas\u0131n\u0131 sa\u011flayan 3D [&hellip;]<\/p>","protected":false},"featured_media":8698,"comment_status":"open","ping_status":"closed","template":"","meta":{"om_disable_all_campaigns":false,"_monsterinsights_skip_tracking":false,"_monsterinsights_sitenote_active":false,"_monsterinsights_sitenote_note":"","_monsterinsights_sitenote_category":0,"_joinchat":[]},"product_brand":[],"product_cat":[203],"product_tag":[],"class_list":{"0":"post-8697","1":"product","2":"type-product","3":"status-publish","4":"has-post-thumbnail","6":"product_cat-kucuk-ev-aletleri","8":"first","9":"instock","10":"shipping-taxable","11":"product-type-simple","12":"add-to-wishlist-after_add_to_cart"},"aioseo_notices":[],"_links":{"self":[{"href":"https:\/\/cyprusbosch.com\/en\/wp-json\/wp\/v2\/product\/8697","targetHints":{"allow":["GET"]}}],"collection":[{"href":"https:\/\/cyprusbosch.com\/en\/wp-json\/wp\/v2\/product"}],"about":[{"href":"https:\/\/cyprusbosch.com\/en\/wp-json\/wp\/v2\/types\/product"}],"replies":[{"embeddable":true,"href":"https:\/\/cyprusbosch.com\/en\/wp-json\/wp\/v2\/comments?post=8697"}],"wp:featuredmedia":[{"embeddable":true,"href":"https:\/\/cyprusbosch.com\/en\/wp-json\/wp\/v2\/media\/8698"}],"wp:attachment":[{"href":"https:\/\/cyprusbosch.com\/en\/wp-json\/wp\/v2\/media?parent=8697"}],"wp:term":[{"taxonomy":"product_brand","embeddable":true,"href":"https:\/\/cyprusbosch.com\/en\/wp-json\/wp\/v2\/product_brand?post=8697"},{"taxonomy":"product_cat","embeddable":true,"href":"https:\/\/cyprusbosch.com\/en\/wp-json\/wp\/v2\/product_cat?post=8697"},{"taxonomy":"product_tag","embeddable":true,"href":"https:\/\/cyprusbosch.com\/en\/wp-json\/wp\/v2\/product_tag?post=8697"}],"curies":[{"name":"wp","href":"https:\/\/api.w.org\/{rel}","templated":true}]}}