{"id":8699,"date":"2025-03-09T14:28:29","date_gmt":"2025-03-09T14:28:29","guid":{"rendered":"https:\/\/cyprusbosch.com\/?post_type=product&#038;p=8699"},"modified":"2025-03-09T14:28:29","modified_gmt":"2025-03-09T14:28:29","slug":"mum-serie-2-mutfak-makinesi-700-w-beyaz","status":"publish","type":"product","link":"https:\/\/cyprusbosch.com\/en\/product\/mum-serie-2-mutfak-makinesi-700-w-beyaz\/","title":{"rendered":"MUM Serie | 2 Mutfak makinesi 700 W Beyaz"},"content":{"rendered":"<p>Boyutlar: 266 x 266 x 277 mm<br \/>\nG\u00fc\u00e7 derecesi: 700 W<br \/>\nH\u0131z ayar\u0131 say\u0131s\u0131: 4<br \/>\n\u00dcr\u00fcn ana rengi: Beyaz<br \/>\nMalzeme g\u00f6vdesi: Plastik<br \/>\nKar\u0131\u015ft\u0131rma kab\u0131n\u0131n malzemesi: Paslanmaz \u00e7elik<br \/>\nKapasite: 3,8 litre<br \/>\nMaks. un i\u00e7in kar\u0131\u015ft\u0131rma kab\u0131 k\u00fctlesi: 0,8 kg<br \/>\nMaks. hamur kar\u0131\u015ft\u0131rma kab\u0131n\u0131n i\u00e7eri\u011fi: 2,0 kg<br \/>\nNet a\u011f\u0131rl\u0131k: 6,8 kg<br \/>\nElektrik kablosu uzunlu\u011fu:110,0 cm<br \/>\nBirlikte verilen aksesuarlar: 1 x kapak, 1 x s\u00fcrekli par\u00e7alay\u0131c\u0131, 1 x et k\u0131yma makinesi, 1 x yo\u011furma kancas\u0131, 1 x plastik blender aparat\u0131, 1 x Tersinir par\u00e7alama diski kaba\/ince, 1 x \u0130nce rendeleme diski, 1 x kar\u0131\u015ft\u0131rma \u00e7\u0131rpma teli, 1 x \u00e7\u0131rpma teli, 1 x Tersinir kal\u0131n\/ince dilimleme diski, 1 x narenciye s\u0131kaca\u011f\u0131<br \/>\n3D gezegensel kar\u0131\u015ft\u0131rma: Evet<br \/>\nEntegre \u00f6l\u00e7ek: Hay\u0131r<br \/>\n\u00d6nceden se\u00e7ilebilir i\u015flem s\u00fcresi: Hay\u0131r<br \/>\nSens\u00f6r kontrol\u00fc art\u0131: Hay\u0131r<br \/>\nPark konumu: Hay\u0131r<br \/>\nKapak mandal\u0131 mevcut: Hay\u0131r<br \/>\nAk\u0131ll\u0131 alet alg\u0131lama: Hay\u0131r<br \/>\nDarbe i\u015flevi: Hay\u0131r<br \/>\nHassas ba\u015flatma mevcut: Evet<br \/>\nKablo muhafazas\u0131: Kablo saklama b\u00f6lmesi<br \/>\nAksesuar \u00e7antas\u0131: Hay\u0131r<\/p>","protected":false},"excerpt":{"rendered":"<p>Boyutlar: 266 x 266 x 277 mm G\u00fc\u00e7 derecesi: 700 W H\u0131z ayar\u0131 say\u0131s\u0131: 4 \u00dcr\u00fcn ana rengi: Beyaz Malzeme g\u00f6vdesi: Plastik Kar\u0131\u015ft\u0131rma kab\u0131n\u0131n malzemesi: Paslanmaz \u00e7elik Kapasite: 3,8 litre Maks. un i\u00e7in kar\u0131\u015ft\u0131rma kab\u0131 k\u00fctlesi: 0,8 kg Maks. hamur kar\u0131\u015ft\u0131rma kab\u0131n\u0131n i\u00e7eri\u011fi: 2,0 kg Net a\u011f\u0131rl\u0131k: 6,8 kg Elektrik kablosu uzunlu\u011fu:110,0 cm Birlikte verilen [&hellip;]<\/p>","protected":false},"featured_media":8700,"comment_status":"open","ping_status":"closed","template":"","meta":{"om_disable_all_campaigns":false,"_monsterinsights_skip_tracking":false,"_monsterinsights_sitenote_active":false,"_monsterinsights_sitenote_note":"","_monsterinsights_sitenote_category":0,"_joinchat":[]},"product_brand":[],"product_cat":[203],"product_tag":[],"class_list":{"0":"post-8699","1":"product","2":"type-product","3":"status-publish","4":"has-post-thumbnail","6":"product_cat-kucuk-ev-aletleri","7":"ts_product_brand-bosch","9":"first","10":"instock","11":"shipping-taxable","12":"product-type-simple","13":"add-to-wishlist-after_add_to_cart"},"aioseo_notices":[],"_links":{"self":[{"href":"https:\/\/cyprusbosch.com\/en\/wp-json\/wp\/v2\/product\/8699","targetHints":{"allow":["GET"]}}],"collection":[{"href":"https:\/\/cyprusbosch.com\/en\/wp-json\/wp\/v2\/product"}],"about":[{"href":"https:\/\/cyprusbosch.com\/en\/wp-json\/wp\/v2\/types\/product"}],"replies":[{"embeddable":true,"href":"https:\/\/cyprusbosch.com\/en\/wp-json\/wp\/v2\/comments?post=8699"}],"wp:featuredmedia":[{"embeddable":true,"href":"https:\/\/cyprusbosch.com\/en\/wp-json\/wp\/v2\/media\/8700"}],"wp:attachment":[{"href":"https:\/\/cyprusbosch.com\/en\/wp-json\/wp\/v2\/media?parent=8699"}],"wp:term":[{"taxonomy":"product_brand","embeddable":true,"href":"https:\/\/cyprusbosch.com\/en\/wp-json\/wp\/v2\/product_brand?post=8699"},{"taxonomy":"product_cat","embeddable":true,"href":"https:\/\/cyprusbosch.com\/en\/wp-json\/wp\/v2\/product_cat?post=8699"},{"taxonomy":"product_tag","embeddable":true,"href":"https:\/\/cyprusbosch.com\/en\/wp-json\/wp\/v2\/product_tag?post=8699"}],"curies":[{"name":"wp","href":"https:\/\/api.w.org\/{rel}","templated":true}]}}