{"id":8706,"date":"2025-03-14T13:30:19","date_gmt":"2025-03-14T13:30:19","guid":{"rendered":"https:\/\/cyprusbosch.com\/?post_type=product&#038;p=8706"},"modified":"2025-03-14T13:34:25","modified_gmt":"2025-03-14T13:34:25","slug":"mum-serie-2-900-w-siyah-gumus","status":"publish","type":"product","link":"https:\/\/cyprusbosch.com\/en\/product\/mum-serie-2-900-w-siyah-gumus\/","title":{"rendered":"MUM Serie 2 | 900 W Siyah, G\u00fcm\u00fc\u015f"},"content":{"rendered":"<p><strong>MUM ailesinin en kompakt \u00fcyesi MUM Serie 2<\/strong><\/p>\n<p>900W G\u00fc\u00e7l\u00fc Motor: Bosch motor kalitesi ile en yo\u011fun hamurlarda bile h\u0131zl\u0131 ve ideal sonu\u00e7lar<br \/>\nGeni\u015f 3,8L kapasiteli paslanmaz \u00e7elik hazne: optimum kar\u0131\u015f\u0131m ve hamur yo\u011furma performans\u0131 i\u00e7in tasarlanan hazne (2 .4 kg\u2019 a kadar kek kar\u0131\u015f\u0131m\u0131 veya 1.7 kg hamur kapasitesi)<br \/>\n3 boyutlu kar\u0131\u015ft\u0131rma: h\u0131zl\u0131 ve homojen kar\u0131\u015f\u0131m<br \/>\n7 h\u0131z ayar\u0131: 7 h\u0131z ayar\u0131 ve pulse fonksiyonu sayesinde h\u0131zl\u0131 ve kolay haz\u0131rlama<br \/>\nPark pozisyonu: otomatik park pozisyonu sayesinde hamur aksesuarlar\u0131 kar\u0131\u015ft\u0131rma haznesinin arkas\u0131nda durarak kolayl\u0131kla malzeme eklenmesine olanak tan\u0131r.<\/p>","protected":false},"excerpt":{"rendered":"<p>MUM ailesinin en kompakt \u00fcyesi MUM Serie 2 900W G\u00fc\u00e7l\u00fc Motor: Bosch motor kalitesi ile en yo\u011fun hamurlarda bile h\u0131zl\u0131 ve ideal sonu\u00e7lar Geni\u015f 3,8L kapasiteli paslanmaz \u00e7elik hazne: optimum kar\u0131\u015f\u0131m ve hamur yo\u011furma performans\u0131 i\u00e7in tasarlanan hazne (2 .4 kg\u2019 a kadar kek kar\u0131\u015f\u0131m\u0131 veya 1.7 kg hamur kapasitesi) 3 boyutlu kar\u0131\u015ft\u0131rma: h\u0131zl\u0131 ve [&hellip;]<\/p>","protected":false},"featured_media":8707,"comment_status":"open","ping_status":"closed","template":"","meta":{"om_disable_all_campaigns":false,"_monsterinsights_skip_tracking":false,"_monsterinsights_sitenote_active":false,"_monsterinsights_sitenote_note":"","_monsterinsights_sitenote_category":0,"_joinchat":[]},"product_brand":[],"product_cat":[203],"product_tag":[],"class_list":{"0":"post-8706","1":"product","2":"type-product","3":"status-publish","4":"has-post-thumbnail","6":"product_cat-kucuk-ev-aletleri","7":"ts_product_brand-bosch","9":"first","10":"instock","11":"shipping-taxable","12":"product-type-simple","13":"add-to-wishlist-after_add_to_cart"},"aioseo_notices":[],"_links":{"self":[{"href":"https:\/\/cyprusbosch.com\/en\/wp-json\/wp\/v2\/product\/8706","targetHints":{"allow":["GET"]}}],"collection":[{"href":"https:\/\/cyprusbosch.com\/en\/wp-json\/wp\/v2\/product"}],"about":[{"href":"https:\/\/cyprusbosch.com\/en\/wp-json\/wp\/v2\/types\/product"}],"replies":[{"embeddable":true,"href":"https:\/\/cyprusbosch.com\/en\/wp-json\/wp\/v2\/comments?post=8706"}],"wp:featuredmedia":[{"embeddable":true,"href":"https:\/\/cyprusbosch.com\/en\/wp-json\/wp\/v2\/media\/8707"}],"wp:attachment":[{"href":"https:\/\/cyprusbosch.com\/en\/wp-json\/wp\/v2\/media?parent=8706"}],"wp:term":[{"taxonomy":"product_brand","embeddable":true,"href":"https:\/\/cyprusbosch.com\/en\/wp-json\/wp\/v2\/product_brand?post=8706"},{"taxonomy":"product_cat","embeddable":true,"href":"https:\/\/cyprusbosch.com\/en\/wp-json\/wp\/v2\/product_cat?post=8706"},{"taxonomy":"product_tag","embeddable":true,"href":"https:\/\/cyprusbosch.com\/en\/wp-json\/wp\/v2\/product_tag?post=8706"}],"curies":[{"name":"wp","href":"https:\/\/api.w.org\/{rel}","templated":true}]}}