{"id":8719,"date":"2025-03-14T13:54:13","date_gmt":"2025-03-14T13:54:13","guid":{"rendered":"https:\/\/cyprusbosch.com\/?post_type=product&#038;p=8719"},"modified":"2025-03-14T13:54:13","modified_gmt":"2025-03-14T13:54:13","slug":"mutfak-robotu-mum5-900-w-beyaz-gumus","status":"publish","type":"product","link":"https:\/\/cyprusbosch.com\/en\/product\/mutfak-robotu-mum5-900-w-beyaz-gumus\/","title":{"rendered":"Mutfak Robotu MUM5 900 W Beyaz, G\u00fcm\u00fc\u015f"},"content":{"rendered":"<p>G\u00fc\u00e7l\u00fc 900 W motor<br \/>\nG\u00f6vde rengi<br \/>\nBeyaz 7 Anahtar ayarlar\u0131 art\u0131<br \/>\nSeri \u00e7ekim \/ seri \u00e7ekim anahtar\u0131<br \/>\nElektronik h\u0131z kontrol\u00fc<br \/>\n3,9 lt kapasiteli paslanmaz \u00e7elik kazan<br \/>\n3D kar\u0131\u015ft\u0131rma sistemi \u201c\u00c7ok hareketli s\u00fcr\u00fcc\u00fc\u201d<br \/>\nOptimum g\u00fc\u00e7 aktar\u0131m\u0131 i\u00e7in \u00f6zel di\u015fli ve 3 s\u00fcr\u00fc\u015f pozisyonlu \u00e7ok fonksiyonlu kol<br \/>\nK\u00fcp kesme aparat\u0131<br \/>\nHamur kancas\u0131, \u00e7\u0131rp\u0131c\u0131 ve \u00e7\u0131rpma aparat\u0131<br \/>\nKar\u0131\u015ft\u0131r\u0131c\u0131 Plastik 1,25 lt<br \/>\nEt k\u0131yma makinesi<br \/>\nNarenciye s\u0131kaca\u011f\u0131<br \/>\nTemizlemesi kolay<br \/>\n\u00c7al\u0131\u015fma modu ve ar\u0131za modu i\u00e7in<br \/>\nLED ekran doldurma deli\u011fi ile \u015feffaf kapak<br \/>\nA\u015f\u0131r\u0131 \u0131s\u0131nma korumas\u0131 sayesinde y\u00fcksek g\u00fcvenlik<br \/>\nKapsaml\u0131 iste\u011fe ba\u011fl\u0131 aksesuarlar<br \/>\nElektronik g\u00fcvenlik kapatmas\u0131<br \/>\nNazik ba\u015flatma Styline extra: aksesuar \u00e7antas\u0131 koyu gri etkile\u015fimli<br \/>\nTarif DVD Entegre kablo saklama<br \/>\nEkstra stabilite i\u00e7in kau\u00e7uk emme ayaklar\u0131<\/p>","protected":false},"excerpt":{"rendered":"<p>G\u00fc\u00e7l\u00fc 900 W motor G\u00f6vde rengi Beyaz 7 Anahtar ayarlar\u0131 art\u0131 Seri \u00e7ekim \/ seri \u00e7ekim anahtar\u0131 Elektronik h\u0131z kontrol\u00fc 3,9 lt kapasiteli paslanmaz \u00e7elik kazan 3D kar\u0131\u015ft\u0131rma sistemi \u201c\u00c7ok hareketli s\u00fcr\u00fcc\u00fc\u201d Optimum g\u00fc\u00e7 aktar\u0131m\u0131 i\u00e7in \u00f6zel di\u015fli ve 3 s\u00fcr\u00fc\u015f pozisyonlu \u00e7ok fonksiyonlu kol K\u00fcp kesme aparat\u0131 Hamur kancas\u0131, \u00e7\u0131rp\u0131c\u0131 ve \u00e7\u0131rpma aparat\u0131 Kar\u0131\u015ft\u0131r\u0131c\u0131 [&hellip;]<\/p>","protected":false},"featured_media":8727,"comment_status":"open","ping_status":"closed","template":"","meta":{"om_disable_all_campaigns":false,"_monsterinsights_skip_tracking":false,"_monsterinsights_sitenote_active":false,"_monsterinsights_sitenote_note":"","_monsterinsights_sitenote_category":0,"_joinchat":[]},"product_brand":[],"product_cat":[203],"product_tag":[],"class_list":{"0":"post-8719","1":"product","2":"type-product","3":"status-publish","4":"has-post-thumbnail","6":"product_cat-kucuk-ev-aletleri","7":"ts_product_brand-bosch","9":"first","10":"instock","11":"shipping-taxable","12":"product-type-simple","13":"add-to-wishlist-after_add_to_cart"},"aioseo_notices":[],"_links":{"self":[{"href":"https:\/\/cyprusbosch.com\/en\/wp-json\/wp\/v2\/product\/8719","targetHints":{"allow":["GET"]}}],"collection":[{"href":"https:\/\/cyprusbosch.com\/en\/wp-json\/wp\/v2\/product"}],"about":[{"href":"https:\/\/cyprusbosch.com\/en\/wp-json\/wp\/v2\/types\/product"}],"replies":[{"embeddable":true,"href":"https:\/\/cyprusbosch.com\/en\/wp-json\/wp\/v2\/comments?post=8719"}],"wp:featuredmedia":[{"embeddable":true,"href":"https:\/\/cyprusbosch.com\/en\/wp-json\/wp\/v2\/media\/8727"}],"wp:attachment":[{"href":"https:\/\/cyprusbosch.com\/en\/wp-json\/wp\/v2\/media?parent=8719"}],"wp:term":[{"taxonomy":"product_brand","embeddable":true,"href":"https:\/\/cyprusbosch.com\/en\/wp-json\/wp\/v2\/product_brand?post=8719"},{"taxonomy":"product_cat","embeddable":true,"href":"https:\/\/cyprusbosch.com\/en\/wp-json\/wp\/v2\/product_cat?post=8719"},{"taxonomy":"product_tag","embeddable":true,"href":"https:\/\/cyprusbosch.com\/en\/wp-json\/wp\/v2\/product_tag?post=8719"}],"curies":[{"name":"wp","href":"https:\/\/api.w.org\/{rel}","templated":true}]}}