{"id":8732,"date":"2025-03-14T14:07:12","date_gmt":"2025-03-14T14:07:12","guid":{"rendered":"https:\/\/cyprusbosch.com\/?post_type=product&#038;p=8732"},"modified":"2025-03-14T14:07:12","modified_gmt":"2025-03-14T14:07:12","slug":"mutfak-robotu-mum5-1000-w-siyah-gumus","status":"publish","type":"product","link":"https:\/\/cyprusbosch.com\/en\/product\/mutfak-robotu-mum5-1000-w-siyah-gumus\/","title":{"rendered":"Mutfak Robotu MUM5 1000 W Siyah, G\u00fcm\u00fc\u015f"},"content":{"rendered":"<p>G\u00fc\u00e7l\u00fc 1000 W motor 3D PlanetaryMixing: T\u00fcm malzemelerin h\u0131zl\u0131 ve m\u00fckemmel bir \u015fekilde kar\u0131\u015ft\u0131r\u0131lmas\u0131; Ayn\u0131 anda \u00fc\u00e7 boyutta benzersiz kar\u0131\u015ft\u0131rma hareketi ile geli\u015ftirilmi\u015f planet kar\u0131\u015ft\u0131rma sistemi sayesinde 7 Anahtar ayarlar\u0131 art\u0131<br \/>\nSeri \u00e7ekim anahtar\u0131<br \/>\nElektronik h\u0131z kontrol\u00fc<br \/>\nB\u00fcy\u00fck \u00f6l\u00e7\u00fcde f\u0131r\u00e7alanm\u0131\u015f paslanmaz \u00e7elik kase 3,9L \u2013 2,7 kg\u2019a kadar kek kar\u0131\u015f\u0131m\u0131 veya 1,9 kg maya hamuru i\u00e7in<br \/>\nM\u00fckemmel sonu\u00e7lar i\u00e7in profesyonel pastane seti: Silikon kenarl\u0131 profesyonel flexi kar\u0131\u015ft\u0131rma \u00e7\u0131rp\u0131c\u0131, Profesyonel \u00e7\u0131rpma \u00e7\u0131rpma teli (y\u00fckseklik ayarl\u0131 ve tam metal), di\u015fli koruyuculu yo\u011furma kancas\u0131<br \/>\nKar\u0131\u015ft\u0131rma b\u0131\u00e7a\u011f\u0131na sahip multimixer, orta \u0131zgaral\u0131 disk, ters \u00e7evrilebilir par\u00e7alama diski, ters \u00e7evrilebilir dilimleme diski.<br \/>\nKar\u0131\u015ft\u0131rma ve kendi sallama veya smoothie\u2019lerinizi almak i\u00e7in<br \/>\nKi\u015fisel Blender (0,5 L) Portakal konili \u015feffaf narenciye s\u0131kaca\u011f\u0131<br \/>\nEt k\u0131yma makinesi<br \/>\nSebze ve otlar do\u011frama i\u00e7in helikopter doldurma deli\u011fi ile \u015feffaf kapak<br \/>\nNazik ba\u015flatma<br \/>\nElektronik g\u00fcvenlik kapatmas\u0131 etkile\u015fimli<br \/>\nTarif DVD Kullan\u0131\u015fl\u0131 aksesuar \u00e7antas\u0131 koyu gri ile pastane seti kasede kolayca saklanabilir<br \/>\nEkstra stabilite i\u00e7in kau\u00e7uk emme ayaklar\u0131<br \/>\nKapsaml\u0131 iste\u011fe ba\u011fl\u0131 aksesuarlar<br \/>\nOtomatik kablo geri sarma<br \/>\n\u00c7al\u0131\u015fma modu ve ar\u0131za modu i\u00e7in<br \/>\nLED ekran<br \/>\nTemizlemesi kolay<br \/>\nKasenin kolay doldurulmas\u0131 i\u00e7in otomatik stand-by ara\u00e7lar\u0131<br \/>\nG\u0131da ile temas eden t\u00fcm plastikler BPA i\u00e7ermez<br \/>\nEasyArmLift: Bir d\u00fc\u011fmeye basarak 3 b\u00f6lgeli \u00e7ok i\u015flevli kolun kolay ve zahmetsizce hareket ettirilmesi<br \/>\nA\u015f\u0131r\u0131 \u0131s\u0131nma korumas\u0131 sayesinde y\u00fcksek g\u00fcvenlik<\/p>","protected":false},"excerpt":{"rendered":"<p>G\u00fc\u00e7l\u00fc 1000 W motor 3D PlanetaryMixing: T\u00fcm malzemelerin h\u0131zl\u0131 ve m\u00fckemmel bir \u015fekilde kar\u0131\u015ft\u0131r\u0131lmas\u0131; Ayn\u0131 anda \u00fc\u00e7 boyutta benzersiz kar\u0131\u015ft\u0131rma hareketi ile geli\u015ftirilmi\u015f planet kar\u0131\u015ft\u0131rma sistemi sayesinde 7 Anahtar ayarlar\u0131 art\u0131 Seri \u00e7ekim anahtar\u0131 Elektronik h\u0131z kontrol\u00fc B\u00fcy\u00fck \u00f6l\u00e7\u00fcde f\u0131r\u00e7alanm\u0131\u015f paslanmaz \u00e7elik kase 3,9L \u2013 2,7 kg\u2019a kadar kek kar\u0131\u015f\u0131m\u0131 veya 1,9 kg maya hamuru [&hellip;]<\/p>","protected":false},"featured_media":8734,"comment_status":"open","ping_status":"closed","template":"","meta":{"om_disable_all_campaigns":false,"_monsterinsights_skip_tracking":false,"_monsterinsights_sitenote_active":false,"_monsterinsights_sitenote_note":"","_monsterinsights_sitenote_category":0,"_joinchat":[]},"product_brand":[],"product_cat":[203],"product_tag":[],"class_list":{"0":"post-8732","1":"product","2":"type-product","3":"status-publish","4":"has-post-thumbnail","6":"product_cat-kucuk-ev-aletleri","7":"ts_product_brand-bosch","9":"first","10":"instock","11":"shipping-taxable","12":"product-type-simple","13":"add-to-wishlist-after_add_to_cart"},"aioseo_notices":[],"_links":{"self":[{"href":"https:\/\/cyprusbosch.com\/en\/wp-json\/wp\/v2\/product\/8732","targetHints":{"allow":["GET"]}}],"collection":[{"href":"https:\/\/cyprusbosch.com\/en\/wp-json\/wp\/v2\/product"}],"about":[{"href":"https:\/\/cyprusbosch.com\/en\/wp-json\/wp\/v2\/types\/product"}],"replies":[{"embeddable":true,"href":"https:\/\/cyprusbosch.com\/en\/wp-json\/wp\/v2\/comments?post=8732"}],"wp:featuredmedia":[{"embeddable":true,"href":"https:\/\/cyprusbosch.com\/en\/wp-json\/wp\/v2\/media\/8734"}],"wp:attachment":[{"href":"https:\/\/cyprusbosch.com\/en\/wp-json\/wp\/v2\/media?parent=8732"}],"wp:term":[{"taxonomy":"product_brand","embeddable":true,"href":"https:\/\/cyprusbosch.com\/en\/wp-json\/wp\/v2\/product_brand?post=8732"},{"taxonomy":"product_cat","embeddable":true,"href":"https:\/\/cyprusbosch.com\/en\/wp-json\/wp\/v2\/product_cat?post=8732"},{"taxonomy":"product_tag","embeddable":true,"href":"https:\/\/cyprusbosch.com\/en\/wp-json\/wp\/v2\/product_tag?post=8732"}],"curies":[{"name":"wp","href":"https:\/\/api.w.org\/{rel}","templated":true}]}}