{"id":8740,"date":"2025-03-14T14:09:20","date_gmt":"2025-03-14T14:09:20","guid":{"rendered":"https:\/\/cyprusbosch.com\/?post_type=product&#038;p=8740"},"modified":"2025-03-14T14:09:20","modified_gmt":"2025-03-14T14:09:20","slug":"mutfak-makinesi-mum5-1000-w-beyaz","status":"publish","type":"product","link":"https:\/\/cyprusbosch.com\/en\/product\/mutfak-makinesi-mum5-1000-w-beyaz\/","title":{"rendered":"Mutfak Makinesi MUM5 1000 W Beyaz"},"content":{"rendered":"<p>G\u00fc\u00e7: 1.000 W<br \/>\nH\u0131z ayar\u0131 say\u0131s\u0131: 7<br \/>\nRenk: Beyaz<br \/>\nG\u00f6vde Materyali: Plastik<br \/>\nMaterial of mixing bowl: paslanmaz \u00e7elik<br \/>\nKapasite: 3,9 litre<br \/>\nMax. mass of mix bowl for flour: 1,0 kg<br \/>\nMax. content of mix bowl for dough: 2,7 kg<br \/>\n\u00dcr\u00fcn \u00d6l\u00e7\u00fcleri: 282 x 280 x 271 mm<br \/>\nNet a\u011f\u0131rl\u0131k: 7,2 kg<br \/>\nElektrik kablosu uzunlu\u011fu: 110,0 cm<br \/>\nEntegre aksesuarlar: 1 x Kapak, 1 x Devaml\u0131 \u0131s\u0131t\u0131c\u0131, 1 x Paslanmaz \u00e7elikten kar\u0131\u015ft\u0131rma kab\u0131, 1 x Kar\u0131\u015ft\u0131rma kancas\u0131, metal, 1 x Mikser par\u00e7as\u0131, plastik, 1 x \u00c7evrilebilir raspa diski, 1 x Orta incelikte rendeleme diski, 1 x \u00c7ift tarafl\u0131 kesme\/rendeleme diski, 1 x \u00c7ift tarafl\u0131 kesme diski<\/p>","protected":false},"excerpt":{"rendered":"<p>G\u00fc\u00e7: 1.000 W H\u0131z ayar\u0131 say\u0131s\u0131: 7 Renk: Beyaz G\u00f6vde Materyali: Plastik Material of mixing bowl: paslanmaz \u00e7elik Kapasite: 3,9 litre Max. mass of mix bowl for flour: 1,0 kg Max. content of mix bowl for dough: 2,7 kg \u00dcr\u00fcn \u00d6l\u00e7\u00fcleri: 282 x 280 x 271 mm Net a\u011f\u0131rl\u0131k: 7,2 kg Elektrik kablosu uzunlu\u011fu: 110,0 [&hellip;]<\/p>","protected":false},"featured_media":8742,"comment_status":"open","ping_status":"closed","template":"","meta":{"om_disable_all_campaigns":false,"_monsterinsights_skip_tracking":false,"_monsterinsights_sitenote_active":false,"_monsterinsights_sitenote_note":"","_monsterinsights_sitenote_category":0,"_joinchat":[]},"product_brand":[],"product_cat":[203],"product_tag":[],"class_list":{"0":"post-8740","1":"product","2":"type-product","3":"status-publish","4":"has-post-thumbnail","6":"product_cat-kucuk-ev-aletleri","7":"ts_product_brand-bosch","9":"first","10":"instock","11":"shipping-taxable","12":"product-type-simple","13":"add-to-wishlist-after_add_to_cart"},"aioseo_notices":[],"_links":{"self":[{"href":"https:\/\/cyprusbosch.com\/en\/wp-json\/wp\/v2\/product\/8740","targetHints":{"allow":["GET"]}}],"collection":[{"href":"https:\/\/cyprusbosch.com\/en\/wp-json\/wp\/v2\/product"}],"about":[{"href":"https:\/\/cyprusbosch.com\/en\/wp-json\/wp\/v2\/types\/product"}],"replies":[{"embeddable":true,"href":"https:\/\/cyprusbosch.com\/en\/wp-json\/wp\/v2\/comments?post=8740"}],"wp:featuredmedia":[{"embeddable":true,"href":"https:\/\/cyprusbosch.com\/en\/wp-json\/wp\/v2\/media\/8742"}],"wp:attachment":[{"href":"https:\/\/cyprusbosch.com\/en\/wp-json\/wp\/v2\/media?parent=8740"}],"wp:term":[{"taxonomy":"product_brand","embeddable":true,"href":"https:\/\/cyprusbosch.com\/en\/wp-json\/wp\/v2\/product_brand?post=8740"},{"taxonomy":"product_cat","embeddable":true,"href":"https:\/\/cyprusbosch.com\/en\/wp-json\/wp\/v2\/product_cat?post=8740"},{"taxonomy":"product_tag","embeddable":true,"href":"https:\/\/cyprusbosch.com\/en\/wp-json\/wp\/v2\/product_tag?post=8740"}],"curies":[{"name":"wp","href":"https:\/\/api.w.org\/{rel}","templated":true}]}}