{"id":8747,"date":"2025-03-14T14:15:01","date_gmt":"2025-03-14T14:15:01","guid":{"rendered":"https:\/\/cyprusbosch.com\/?post_type=product&#038;p=8747"},"modified":"2025-03-14T14:16:42","modified_gmt":"2025-03-14T14:16:42","slug":"serie-8-mutfak-makinesi-optimum-1600-w-kirmizi-gumus","status":"publish","type":"product","link":"https:\/\/cyprusbosch.com\/en\/product\/serie-8-mutfak-makinesi-optimum-1600-w-kirmizi-gumus\/","title":{"rendered":"Serie 8 | Mutfak Makinesi OptiMUM 1600 W K\u0131rm\u0131z\u0131, G\u00fcm\u00fc\u015f"},"content":{"rendered":"<div class=\"description woocommerce-product-details__short-description\">\n<p>G\u00fc\u00e7: 1.600W<br \/>\nH\u0131z ayar say\u0131lar\u0131: 7<br \/>\nKiraz k\u0131rm\u0131z\u0131s\u0131<br \/>\nG\u00f6vde Malzemesi: Metal<br \/>\nKar\u0131\u015ft\u0131rma kab\u0131 malzemesi: Paslanmaz \u00e7elik<br \/>\nKapasite: 5,5 litre<br \/>\nMaks. un i\u00e7in kar\u0131\u015ft\u0131rma kab\u0131n\u0131n k\u00fctlesi: 1,5 kg<br \/>\nMaks. hamur kar\u0131\u015ft\u0131rma kab\u0131n\u0131n i\u00e7eri\u011fi: 3,5 kg<br \/>\n\u00dcr\u00fcn \u00d6l\u00e7\u00fcleri: 317 x 222 x 395 mm<br \/>\nNet a\u011f\u0131rl\u0131k: 9,6 kg<br \/>\nElektrik uzunlu\u011fu: 100,0 cm<br \/>\nEntegre aksesuarlar: 1 x Paslanmaz \u00e7elikten kapak kab\u0131<\/p>\n<\/div>\n<div class=\"wpb_custom_62a00e12846b079eb829d6ad33598f3e\">\n<div class=\"product-summary-wrap\"><\/div>\n<\/div>\n<div class=\"product-share\"><\/div>","protected":false},"excerpt":{"rendered":"<p>G\u00fc\u00e7: 1.600W H\u0131z ayar say\u0131lar\u0131: 7 Kiraz k\u0131rm\u0131z\u0131s\u0131 G\u00f6vde Malzemesi: Metal Kar\u0131\u015ft\u0131rma kab\u0131 malzemesi: Paslanmaz \u00e7elik Kapasite: 5,5 litre Maks. un i\u00e7in kar\u0131\u015ft\u0131rma kab\u0131n\u0131n k\u00fctlesi: 1,5 kg Maks. hamur kar\u0131\u015ft\u0131rma kab\u0131n\u0131n i\u00e7eri\u011fi: 3,5 kg \u00dcr\u00fcn \u00d6l\u00e7\u00fcleri: 317 x 222 x 395 mm Net a\u011f\u0131rl\u0131k: 9,6 kg Elektrik uzunlu\u011fu: 100,0 cm Entegre aksesuarlar: 1 x Paslanmaz [&hellip;]<\/p>","protected":false},"featured_media":8751,"comment_status":"open","ping_status":"closed","template":"","meta":{"om_disable_all_campaigns":false,"_monsterinsights_skip_tracking":false,"_monsterinsights_sitenote_active":false,"_monsterinsights_sitenote_note":"","_monsterinsights_sitenote_category":0,"_joinchat":[]},"product_brand":[],"product_cat":[203],"product_tag":[],"class_list":{"0":"post-8747","1":"product","2":"type-product","3":"status-publish","4":"has-post-thumbnail","6":"product_cat-kucuk-ev-aletleri","7":"ts_product_brand-bosch","9":"first","10":"instock","11":"shipping-taxable","12":"product-type-simple","13":"add-to-wishlist-after_add_to_cart"},"aioseo_notices":[],"_links":{"self":[{"href":"https:\/\/cyprusbosch.com\/en\/wp-json\/wp\/v2\/product\/8747","targetHints":{"allow":["GET"]}}],"collection":[{"href":"https:\/\/cyprusbosch.com\/en\/wp-json\/wp\/v2\/product"}],"about":[{"href":"https:\/\/cyprusbosch.com\/en\/wp-json\/wp\/v2\/types\/product"}],"replies":[{"embeddable":true,"href":"https:\/\/cyprusbosch.com\/en\/wp-json\/wp\/v2\/comments?post=8747"}],"wp:featuredmedia":[{"embeddable":true,"href":"https:\/\/cyprusbosch.com\/en\/wp-json\/wp\/v2\/media\/8751"}],"wp:attachment":[{"href":"https:\/\/cyprusbosch.com\/en\/wp-json\/wp\/v2\/media?parent=8747"}],"wp:term":[{"taxonomy":"product_brand","embeddable":true,"href":"https:\/\/cyprusbosch.com\/en\/wp-json\/wp\/v2\/product_brand?post=8747"},{"taxonomy":"product_cat","embeddable":true,"href":"https:\/\/cyprusbosch.com\/en\/wp-json\/wp\/v2\/product_cat?post=8747"},{"taxonomy":"product_tag","embeddable":true,"href":"https:\/\/cyprusbosch.com\/en\/wp-json\/wp\/v2\/product_tag?post=8747"}],"curies":[{"name":"wp","href":"https:\/\/api.w.org\/{rel}","templated":true}]}}