{"id":8771,"date":"2025-03-14T14:19:37","date_gmt":"2025-03-14T14:19:37","guid":{"rendered":"https:\/\/cyprusbosch.com\/?post_type=product&#038;p=8771"},"modified":"2025-03-14T14:19:37","modified_gmt":"2025-03-14T14:19:37","slug":"serie-8-mutfak-makinesi-optimum-1600-w-metalik-inoks-gumus-siyah","status":"publish","type":"product","link":"https:\/\/cyprusbosch.com\/en\/product\/serie-8-mutfak-makinesi-optimum-1600-w-metalik-inoks-gumus-siyah\/","title":{"rendered":"Serie 8 | Mutfak Makinesi OptiMUM 1600 W Metalik inoks g\u00fcm\u00fc\u015f, Siyah"},"content":{"rendered":"<p><strong>Yeni ince ve zarif tasar\u0131m\u0131yla OptiMUM. Dahili tart\u0131s\u0131, SensorControl Plus \u00f6zelli\u011fi ve 1500W ile her seferinde kusursuz sonu\u00e7lar<\/strong><\/p>\n<p>Ekstra b\u00fcy\u00fck 5,5 L paslanmaz \u00e7elik kar\u0131\u015ft\u0131rma haznesi: tek ad\u0131mda b\u00fcy\u00fck miktarda kar\u0131\u015f\u0131mlar ve hamurlar i\u00e7in ideal (3.5 kg \u2018a kadar kek kar\u0131\u015f\u0131m\u0131)<br \/>\nFull-metal g\u00f6vde: uzun s\u00fcre kullan\u0131labilen dayan\u0131kl\u0131 metal g\u00f6vde<br \/>\n7 h\u0131z ayar\u0131: 7 h\u0131z ayar\u0131 ve pulse fonksiyonu sayesinde h\u0131zl\u0131 ve kolay haz\u0131rlama<br \/>\nEasyArmLift: Rahat ve kolayca kald\u0131r\u0131labilen cihaz kolu<br \/>\nBula\u015f\u0131k makinesinde y\u0131kanabilen par\u00e7alar ile kolay temizlik<\/p>","protected":false},"excerpt":{"rendered":"<p>Yeni ince ve zarif tasar\u0131m\u0131yla OptiMUM. Dahili tart\u0131s\u0131, SensorControl Plus \u00f6zelli\u011fi ve 1500W ile her seferinde kusursuz sonu\u00e7lar Ekstra b\u00fcy\u00fck 5,5 L paslanmaz \u00e7elik kar\u0131\u015ft\u0131rma haznesi: tek ad\u0131mda b\u00fcy\u00fck miktarda kar\u0131\u015f\u0131mlar ve hamurlar i\u00e7in ideal (3.5 kg \u2018a kadar kek kar\u0131\u015f\u0131m\u0131) Full-metal g\u00f6vde: uzun s\u00fcre kullan\u0131labilen dayan\u0131kl\u0131 metal g\u00f6vde 7 h\u0131z ayar\u0131: 7 h\u0131z ayar\u0131 [&hellip;]<\/p>","protected":false},"featured_media":8772,"comment_status":"open","ping_status":"closed","template":"","meta":{"om_disable_all_campaigns":false,"_monsterinsights_skip_tracking":false,"_monsterinsights_sitenote_active":false,"_monsterinsights_sitenote_note":"","_monsterinsights_sitenote_category":0,"_joinchat":[]},"product_brand":[],"product_cat":[203],"product_tag":[],"class_list":{"0":"post-8771","1":"product","2":"type-product","3":"status-publish","4":"has-post-thumbnail","6":"product_cat-kucuk-ev-aletleri","7":"ts_product_brand-bosch","9":"first","10":"instock","11":"shipping-taxable","12":"product-type-simple","13":"add-to-wishlist-after_add_to_cart"},"aioseo_notices":[],"_links":{"self":[{"href":"https:\/\/cyprusbosch.com\/en\/wp-json\/wp\/v2\/product\/8771","targetHints":{"allow":["GET"]}}],"collection":[{"href":"https:\/\/cyprusbosch.com\/en\/wp-json\/wp\/v2\/product"}],"about":[{"href":"https:\/\/cyprusbosch.com\/en\/wp-json\/wp\/v2\/types\/product"}],"replies":[{"embeddable":true,"href":"https:\/\/cyprusbosch.com\/en\/wp-json\/wp\/v2\/comments?post=8771"}],"wp:featuredmedia":[{"embeddable":true,"href":"https:\/\/cyprusbosch.com\/en\/wp-json\/wp\/v2\/media\/8772"}],"wp:attachment":[{"href":"https:\/\/cyprusbosch.com\/en\/wp-json\/wp\/v2\/media?parent=8771"}],"wp:term":[{"taxonomy":"product_brand","embeddable":true,"href":"https:\/\/cyprusbosch.com\/en\/wp-json\/wp\/v2\/product_brand?post=8771"},{"taxonomy":"product_cat","embeddable":true,"href":"https:\/\/cyprusbosch.com\/en\/wp-json\/wp\/v2\/product_cat?post=8771"},{"taxonomy":"product_tag","embeddable":true,"href":"https:\/\/cyprusbosch.com\/en\/wp-json\/wp\/v2\/product_tag?post=8771"}],"curies":[{"name":"wp","href":"https:\/\/api.w.org\/{rel}","templated":true}]}}