{"id":8794,"date":"2025-03-14T14:33:44","date_gmt":"2025-03-14T14:33:44","guid":{"rendered":"https:\/\/cyprusbosch.com\/?post_type=product&#038;p=8794"},"modified":"2025-03-14T14:33:44","modified_gmt":"2025-03-14T14:33:44","slug":"kahve-degirmeni-siyah","status":"publish","type":"product","link":"https:\/\/cyprusbosch.com\/en\/product\/kahve-degirmeni-siyah\/","title":{"rendered":"Kahve De\u011firmeni Siyah"},"content":{"rendered":"<p>180 W Cihaz\u0131n, sadece kapa\u011f\u0131 kapal\u0131yken \u00e7al\u0131\u015fmas\u0131n\u0131 sa\u011flayan emniyet sistemi kapasite: 75 Gram paslanmaz \u00e7elik \u00f6\u011f\u00fctme b\u0131\u00e7a\u011f\u0131 ve haznesi emniyet \u015falteri<\/p>","protected":false},"excerpt":{"rendered":"<p>180 W Cihaz\u0131n, sadece kapa\u011f\u0131 kapal\u0131yken \u00e7al\u0131\u015fmas\u0131n\u0131 sa\u011flayan emniyet sistemi kapasite: 75 Gram paslanmaz \u00e7elik \u00f6\u011f\u00fctme b\u0131\u00e7a\u011f\u0131 ve haznesi emniyet \u015falteri<\/p>","protected":false},"featured_media":8796,"comment_status":"open","ping_status":"closed","template":"","meta":{"om_disable_all_campaigns":false,"_monsterinsights_skip_tracking":false,"_monsterinsights_sitenote_active":false,"_monsterinsights_sitenote_note":"","_monsterinsights_sitenote_category":0,"_joinchat":[]},"product_brand":[],"product_cat":[203],"product_tag":[],"class_list":{"0":"post-8794","1":"product","2":"type-product","3":"status-publish","4":"has-post-thumbnail","6":"product_cat-kucuk-ev-aletleri","7":"ts_product_brand-bosch","9":"first","10":"instock","11":"shipping-taxable","12":"product-type-simple","13":"add-to-wishlist-after_add_to_cart"},"aioseo_notices":[],"_links":{"self":[{"href":"https:\/\/cyprusbosch.com\/en\/wp-json\/wp\/v2\/product\/8794","targetHints":{"allow":["GET"]}}],"collection":[{"href":"https:\/\/cyprusbosch.com\/en\/wp-json\/wp\/v2\/product"}],"about":[{"href":"https:\/\/cyprusbosch.com\/en\/wp-json\/wp\/v2\/types\/product"}],"replies":[{"embeddable":true,"href":"https:\/\/cyprusbosch.com\/en\/wp-json\/wp\/v2\/comments?post=8794"}],"wp:featuredmedia":[{"embeddable":true,"href":"https:\/\/cyprusbosch.com\/en\/wp-json\/wp\/v2\/media\/8796"}],"wp:attachment":[{"href":"https:\/\/cyprusbosch.com\/en\/wp-json\/wp\/v2\/media?parent=8794"}],"wp:term":[{"taxonomy":"product_brand","embeddable":true,"href":"https:\/\/cyprusbosch.com\/en\/wp-json\/wp\/v2\/product_brand?post=8794"},{"taxonomy":"product_cat","embeddable":true,"href":"https:\/\/cyprusbosch.com\/en\/wp-json\/wp\/v2\/product_cat?post=8794"},{"taxonomy":"product_tag","embeddable":true,"href":"https:\/\/cyprusbosch.com\/en\/wp-json\/wp\/v2\/product_tag?post=8794"}],"curies":[{"name":"wp","href":"https:\/\/api.w.org\/{rel}","templated":true}]}}