{"id":8803,"date":"2025-03-14T14:35:59","date_gmt":"2025-03-14T14:35:59","guid":{"rendered":"https:\/\/cyprusbosch.com\/?post_type=product&#038;p=8803"},"modified":"2025-03-14T14:36:07","modified_gmt":"2025-03-14T14:36:07","slug":"serie-2-blender-vitapower-450-w-gumus","status":"publish","type":"product","link":"https:\/\/cyprusbosch.com\/en\/product\/serie-2-blender-vitapower-450-w-gumus\/","title":{"rendered":"Serie 2 | Blender VitaPower 450 W G\u00fcm\u00fc\u015f"},"content":{"rendered":"<p>Boyutlar: 367 x 122 x 126 mm<br \/>\n\u00dcr\u00fcn\u00fcn ana rengi: G\u00fcm\u00fc\u015f<br \/>\nMaksimum G\u00fc\u00e7: 450 W<br \/>\nMaks. d\u00f6n\u00fc\u015f h\u0131z\u0131: 40.000 dak-1<br \/>\nNet a\u011f\u0131rl\u0131k: 1,3 kg<br \/>\nG\u00f6vde malzemesi: Plastik<br \/>\nKar\u0131\u015ft\u0131rma kab\u0131n\u0131n malzemesi: Tritan<br \/>\nKapasite: 0,6 litre<br \/>\nElektrik kablosu uzunlu\u011fu: 80,0 cm<br \/>\nG\u00fcvenlik cihaz\u0131: A\u015f\u0131r\u0131 y\u00fck sigortas\u0131, G\u00fcvenlik kilidi<br \/>\nBuz ge\u00e7irmez kar\u0131\u015ft\u0131rma kab\u0131: Evet<br \/>\nG\u0131da ile temas eden t\u00fcm plastikler BPA i\u00e7ermez: Evet<br \/>\nH\u0131z ayar\u0131 say\u0131s\u0131: 1<br \/>\nBirlikte verilen aksesuarlar: 1 x ToGo blender kab\u0131<br \/>\nDarbe i\u015flevi: Hay\u0131r<br \/>\nB\u0131\u00e7ak tasar\u0131m\u0131: 4 kanatl\u0131 b\u0131\u00e7ak, Paslanmaz \u00e7elik<br \/>\nG\u00fcr\u00fclt\u00fc seviyesi (dB): 86 dB(A) re 1 pW<\/p>","protected":false},"excerpt":{"rendered":"<p>Boyutlar: 367 x 122 x 126 mm \u00dcr\u00fcn\u00fcn ana rengi: G\u00fcm\u00fc\u015f Maksimum G\u00fc\u00e7: 450 W Maks. d\u00f6n\u00fc\u015f h\u0131z\u0131: 40.000 dak-1 Net a\u011f\u0131rl\u0131k: 1,3 kg G\u00f6vde malzemesi: Plastik Kar\u0131\u015ft\u0131rma kab\u0131n\u0131n malzemesi: Tritan Kapasite: 0,6 litre Elektrik kablosu uzunlu\u011fu: 80,0 cm G\u00fcvenlik cihaz\u0131: A\u015f\u0131r\u0131 y\u00fck sigortas\u0131, G\u00fcvenlik kilidi Buz ge\u00e7irmez kar\u0131\u015ft\u0131rma kab\u0131: Evet G\u0131da ile temas eden [&hellip;]<\/p>","protected":false},"featured_media":8807,"comment_status":"open","ping_status":"closed","template":"","meta":{"om_disable_all_campaigns":false,"_monsterinsights_skip_tracking":false,"_monsterinsights_sitenote_active":false,"_monsterinsights_sitenote_note":"","_monsterinsights_sitenote_category":0,"_joinchat":[]},"product_brand":[],"product_cat":[203],"product_tag":[],"class_list":{"0":"post-8803","1":"product","2":"type-product","3":"status-publish","4":"has-post-thumbnail","6":"product_cat-kucuk-ev-aletleri","7":"ts_product_brand-bosch","9":"first","10":"instock","11":"shipping-taxable","12":"product-type-simple","13":"add-to-wishlist-after_add_to_cart"},"aioseo_notices":[],"_links":{"self":[{"href":"https:\/\/cyprusbosch.com\/en\/wp-json\/wp\/v2\/product\/8803","targetHints":{"allow":["GET"]}}],"collection":[{"href":"https:\/\/cyprusbosch.com\/en\/wp-json\/wp\/v2\/product"}],"about":[{"href":"https:\/\/cyprusbosch.com\/en\/wp-json\/wp\/v2\/types\/product"}],"replies":[{"embeddable":true,"href":"https:\/\/cyprusbosch.com\/en\/wp-json\/wp\/v2\/comments?post=8803"}],"wp:featuredmedia":[{"embeddable":true,"href":"https:\/\/cyprusbosch.com\/en\/wp-json\/wp\/v2\/media\/8807"}],"wp:attachment":[{"href":"https:\/\/cyprusbosch.com\/en\/wp-json\/wp\/v2\/media?parent=8803"}],"wp:term":[{"taxonomy":"product_brand","embeddable":true,"href":"https:\/\/cyprusbosch.com\/en\/wp-json\/wp\/v2\/product_brand?post=8803"},{"taxonomy":"product_cat","embeddable":true,"href":"https:\/\/cyprusbosch.com\/en\/wp-json\/wp\/v2\/product_cat?post=8803"},{"taxonomy":"product_tag","embeddable":true,"href":"https:\/\/cyprusbosch.com\/en\/wp-json\/wp\/v2\/product_tag?post=8803"}],"curies":[{"name":"wp","href":"https:\/\/api.w.org\/{rel}","templated":true}]}}