{"id":8811,"date":"2025-03-14T14:38:17","date_gmt":"2025-03-14T14:38:17","guid":{"rendered":"https:\/\/cyprusbosch.com\/?post_type=product&#038;p=8811"},"modified":"2025-03-14T14:38:17","modified_gmt":"2025-03-14T14:38:17","slug":"serie-4-blender-vitapower-1200-w-paslanmaz-celik","status":"publish","type":"product","link":"https:\/\/cyprusbosch.com\/en\/product\/serie-4-blender-vitapower-1200-w-paslanmaz-celik\/","title":{"rendered":"Serie 4  | Blender VitaPower 1200 W Paslanmaz \u00e7elik"},"content":{"rendered":"<p>Boyutlar: 410x230x195mm<br \/>\n\u00dcr\u00fcn\u00fcn ana rengi: Paslanmaz \u00e7elik<br \/>\nMaksimum G\u00fc\u00e7: 1.200 W<br \/>\nMaks. d\u00f6n\u00fc\u015f h\u0131z\u0131: 30.000 dak-1<br \/>\nNet a\u011f\u0131rl\u0131k: 4,8 kg<br \/>\nG\u00f6vde malzemesi: Paslanmaz \u00e7elik<br \/>\nKar\u0131\u015ft\u0131rma kab\u0131n\u0131n malzemesi: Borosilikat<br \/>\nKapasite: 1,5 litre<br \/>\nElektrik kablosu uzunlu\u011fu: 100,0 cm<br \/>\nG\u00fcvenlik cihaz\u0131: A\u015f\u0131r\u0131 y\u00fck sigortas\u0131, G\u00fcvenlik kilidi<br \/>\nBuz ge\u00e7irmez kar\u0131\u015ft\u0131rma kab\u0131: Evet<br \/>\nG\u0131da ile temas eden t\u00fcm plastikler BPA i\u00e7ermez: Hay\u0131r<br \/>\nH\u0131z ayar\u0131 say\u0131s\u0131: Kademesiz<br \/>\nBirlikte verilen aksesuarlar: 1 x doldurucu, 1 x ToGo blender kab\u0131<br \/>\nH\u0131z ayar\u0131 say\u0131s\u0131: Kademesiz<br \/>\nDarbe i\u015flevi: Evet<br \/>\nB\u0131\u00e7ak tasar\u0131m\u0131: Paslanmaz \u00e7elik<br \/>\nG\u00fcr\u00fclt\u00fc seviyesi (dB): 80 dB(A) re 1 pW<\/p>","protected":false},"excerpt":{"rendered":"<p>Boyutlar: 410x230x195mm \u00dcr\u00fcn\u00fcn ana rengi: Paslanmaz \u00e7elik Maksimum G\u00fc\u00e7: 1.200 W Maks. d\u00f6n\u00fc\u015f h\u0131z\u0131: 30.000 dak-1 Net a\u011f\u0131rl\u0131k: 4,8 kg G\u00f6vde malzemesi: Paslanmaz \u00e7elik Kar\u0131\u015ft\u0131rma kab\u0131n\u0131n malzemesi: Borosilikat Kapasite: 1,5 litre Elektrik kablosu uzunlu\u011fu: 100,0 cm G\u00fcvenlik cihaz\u0131: A\u015f\u0131r\u0131 y\u00fck sigortas\u0131, G\u00fcvenlik kilidi Buz ge\u00e7irmez kar\u0131\u015ft\u0131rma kab\u0131: Evet G\u0131da ile temas eden t\u00fcm plastikler BPA [&hellip;]<\/p>","protected":false},"featured_media":8816,"comment_status":"open","ping_status":"closed","template":"","meta":{"om_disable_all_campaigns":false,"_monsterinsights_skip_tracking":false,"_monsterinsights_sitenote_active":false,"_monsterinsights_sitenote_note":"","_monsterinsights_sitenote_category":0,"_joinchat":[]},"product_brand":[],"product_cat":[203],"product_tag":[],"class_list":{"0":"post-8811","1":"product","2":"type-product","3":"status-publish","4":"has-post-thumbnail","6":"product_cat-kucuk-ev-aletleri","7":"ts_product_brand-bosch","9":"first","10":"instock","11":"shipping-taxable","12":"product-type-simple","13":"add-to-wishlist-after_add_to_cart"},"aioseo_notices":[],"_links":{"self":[{"href":"https:\/\/cyprusbosch.com\/en\/wp-json\/wp\/v2\/product\/8811","targetHints":{"allow":["GET"]}}],"collection":[{"href":"https:\/\/cyprusbosch.com\/en\/wp-json\/wp\/v2\/product"}],"about":[{"href":"https:\/\/cyprusbosch.com\/en\/wp-json\/wp\/v2\/types\/product"}],"replies":[{"embeddable":true,"href":"https:\/\/cyprusbosch.com\/en\/wp-json\/wp\/v2\/comments?post=8811"}],"wp:featuredmedia":[{"embeddable":true,"href":"https:\/\/cyprusbosch.com\/en\/wp-json\/wp\/v2\/media\/8816"}],"wp:attachment":[{"href":"https:\/\/cyprusbosch.com\/en\/wp-json\/wp\/v2\/media?parent=8811"}],"wp:term":[{"taxonomy":"product_brand","embeddable":true,"href":"https:\/\/cyprusbosch.com\/en\/wp-json\/wp\/v2\/product_brand?post=8811"},{"taxonomy":"product_cat","embeddable":true,"href":"https:\/\/cyprusbosch.com\/en\/wp-json\/wp\/v2\/product_cat?post=8811"},{"taxonomy":"product_tag","embeddable":true,"href":"https:\/\/cyprusbosch.com\/en\/wp-json\/wp\/v2\/product_tag?post=8811"}],"curies":[{"name":"wp","href":"https:\/\/api.w.org\/{rel}","templated":true}]}}