{"id":8819,"date":"2025-03-14T14:45:09","date_gmt":"2025-03-14T14:45:09","guid":{"rendered":"https:\/\/cyprusbosch.com\/?post_type=product&#038;p=8819"},"modified":"2025-03-14T14:45:09","modified_gmt":"2025-03-14T14:45:09","slug":"serie-4-blender-vitapower-1200-w-gumus","status":"publish","type":"product","link":"https:\/\/cyprusbosch.com\/en\/product\/serie-4-blender-vitapower-1200-w-gumus\/","title":{"rendered":"Serie | 4 Blender VitaPower 1200 W G\u00fcm\u00fc\u015f"},"content":{"rendered":"<p>\u00dcr\u00fcn \u00d6l\u00e7\u00fcleri: 410 x 230 x 195 mm<br \/>\n\u00dcr\u00fcn ismi\/aile: Blend\u0131r<br \/>\nG\u00fc\u00e7: 1.200 W<br \/>\nG\u00f6vde Malzemeli: Plastik<br \/>\nKapasite: 1,5 litre<br \/>\nH\u0131z ayar\u0131 say\u0131s\u0131: 2<br \/>\nAnl\u0131k \u00e7al\u0131\u015fma i\u015flevi: Evet<br \/>\nB\u0131\u00e7ak tasar\u0131m\u0131: paslanmaz \u00e7elik<\/p>","protected":false},"excerpt":{"rendered":"<p>\u00dcr\u00fcn \u00d6l\u00e7\u00fcleri: 410 x 230 x 195 mm \u00dcr\u00fcn ismi\/aile: Blend\u0131r G\u00fc\u00e7: 1.200 W G\u00f6vde Malzemeli: Plastik Kapasite: 1,5 litre H\u0131z ayar\u0131 say\u0131s\u0131: 2 Anl\u0131k \u00e7al\u0131\u015fma i\u015flevi: Evet B\u0131\u00e7ak tasar\u0131m\u0131: paslanmaz \u00e7elik<\/p>","protected":false},"featured_media":8825,"comment_status":"open","ping_status":"closed","template":"","meta":{"om_disable_all_campaigns":false,"_monsterinsights_skip_tracking":false,"_monsterinsights_sitenote_active":false,"_monsterinsights_sitenote_note":"","_monsterinsights_sitenote_category":0,"_joinchat":[]},"product_brand":[],"product_cat":[203],"product_tag":[],"class_list":{"0":"post-8819","1":"product","2":"type-product","3":"status-publish","4":"has-post-thumbnail","6":"product_cat-kucuk-ev-aletleri","7":"ts_product_brand-bosch","9":"first","10":"instock","11":"shipping-taxable","12":"product-type-simple","13":"add-to-wishlist-after_add_to_cart"},"aioseo_notices":[],"_links":{"self":[{"href":"https:\/\/cyprusbosch.com\/en\/wp-json\/wp\/v2\/product\/8819","targetHints":{"allow":["GET"]}}],"collection":[{"href":"https:\/\/cyprusbosch.com\/en\/wp-json\/wp\/v2\/product"}],"about":[{"href":"https:\/\/cyprusbosch.com\/en\/wp-json\/wp\/v2\/types\/product"}],"replies":[{"embeddable":true,"href":"https:\/\/cyprusbosch.com\/en\/wp-json\/wp\/v2\/comments?post=8819"}],"wp:featuredmedia":[{"embeddable":true,"href":"https:\/\/cyprusbosch.com\/en\/wp-json\/wp\/v2\/media\/8825"}],"wp:attachment":[{"href":"https:\/\/cyprusbosch.com\/en\/wp-json\/wp\/v2\/media?parent=8819"}],"wp:term":[{"taxonomy":"product_brand","embeddable":true,"href":"https:\/\/cyprusbosch.com\/en\/wp-json\/wp\/v2\/product_brand?post=8819"},{"taxonomy":"product_cat","embeddable":true,"href":"https:\/\/cyprusbosch.com\/en\/wp-json\/wp\/v2\/product_cat?post=8819"},{"taxonomy":"product_tag","embeddable":true,"href":"https:\/\/cyprusbosch.com\/en\/wp-json\/wp\/v2\/product_tag?post=8819"}],"curies":[{"name":"wp","href":"https:\/\/api.w.org\/{rel}","templated":true}]}}