{"id":8826,"date":"2025-03-14T14:50:46","date_gmt":"2025-03-14T14:50:46","guid":{"rendered":"https:\/\/cyprusbosch.com\/?post_type=product&#038;p=8826"},"modified":"2025-03-14T14:53:36","modified_gmt":"2025-03-14T14:53:36","slug":"yuksek-hizli-blender-vitaboost-1600-w-siyah","status":"publish","type":"product","link":"https:\/\/cyprusbosch.com\/en\/product\/yuksek-hizli-blender-vitaboost-1600-w-siyah\/","title":{"rendered":"Y\u00fcksek H\u0131zl\u0131 Blender VitaBoost 1600 W Siyah"},"content":{"rendered":"<p>Boyutlar: 500x200x225mm<br \/>\n\u00dcr\u00fcn ad\u0131\/ailesi: Blender<br \/>\nBa\u011flant\u0131 derecesi: 1.600 W<br \/>\nMalzeme g\u00f6vdesi: Plastik<br \/>\nKapasite: 2,0 litre<br \/>\nH\u0131z ayar\u0131 say\u0131s\u0131: Kademesiz<br \/>\nDarbe i\u015flevi: Evet<br \/>\nB\u0131\u00e7ak tasar\u0131m\u0131: Paslanmaz \u00e7elik<\/p>","protected":false},"excerpt":{"rendered":"<p>Boyutlar: 500x200x225mm \u00dcr\u00fcn ad\u0131\/ailesi: Blender Ba\u011flant\u0131 derecesi: 1.600 W Malzeme g\u00f6vdesi: Plastik Kapasite: 2,0 litre H\u0131z ayar\u0131 say\u0131s\u0131: Kademesiz Darbe i\u015flevi: Evet B\u0131\u00e7ak tasar\u0131m\u0131: Paslanmaz \u00e7elik<\/p>","protected":false},"featured_media":8828,"comment_status":"open","ping_status":"closed","template":"","meta":{"om_disable_all_campaigns":false,"_monsterinsights_skip_tracking":false,"_monsterinsights_sitenote_active":false,"_monsterinsights_sitenote_note":"","_monsterinsights_sitenote_category":0,"_joinchat":[]},"product_brand":[],"product_cat":[203],"product_tag":[],"class_list":{"0":"post-8826","1":"product","2":"type-product","3":"status-publish","4":"has-post-thumbnail","6":"product_cat-kucuk-ev-aletleri","7":"ts_product_brand-bosch","9":"first","10":"instock","11":"shipping-taxable","12":"product-type-simple","13":"add-to-wishlist-after_add_to_cart"},"aioseo_notices":[],"_links":{"self":[{"href":"https:\/\/cyprusbosch.com\/en\/wp-json\/wp\/v2\/product\/8826","targetHints":{"allow":["GET"]}}],"collection":[{"href":"https:\/\/cyprusbosch.com\/en\/wp-json\/wp\/v2\/product"}],"about":[{"href":"https:\/\/cyprusbosch.com\/en\/wp-json\/wp\/v2\/types\/product"}],"replies":[{"embeddable":true,"href":"https:\/\/cyprusbosch.com\/en\/wp-json\/wp\/v2\/comments?post=8826"}],"wp:featuredmedia":[{"embeddable":true,"href":"https:\/\/cyprusbosch.com\/en\/wp-json\/wp\/v2\/media\/8828"}],"wp:attachment":[{"href":"https:\/\/cyprusbosch.com\/en\/wp-json\/wp\/v2\/media?parent=8826"}],"wp:term":[{"taxonomy":"product_brand","embeddable":true,"href":"https:\/\/cyprusbosch.com\/en\/wp-json\/wp\/v2\/product_brand?post=8826"},{"taxonomy":"product_cat","embeddable":true,"href":"https:\/\/cyprusbosch.com\/en\/wp-json\/wp\/v2\/product_cat?post=8826"},{"taxonomy":"product_tag","embeddable":true,"href":"https:\/\/cyprusbosch.com\/en\/wp-json\/wp\/v2\/product_tag?post=8826"}],"curies":[{"name":"wp","href":"https:\/\/api.w.org\/{rel}","templated":true}]}}