{"id":8835,"date":"2025-03-14T14:57:06","date_gmt":"2025-03-14T14:57:06","guid":{"rendered":"https:\/\/cyprusbosch.com\/?post_type=product&#038;p=8835"},"modified":"2025-03-14T14:57:06","modified_gmt":"2025-03-14T14:57:06","slug":"series-8-vakumlu-blender-vitapower-1000-w-gumus","status":"publish","type":"product","link":"https:\/\/cyprusbosch.com\/en\/product\/series-8-vakumlu-blender-vitapower-1000-w-gumus\/","title":{"rendered":"Series 8 Vakumlu blender VitaPower 1000 W G\u00fcm\u00fc\u015f"},"content":{"rendered":"<p><strong>%100 aroma, muhtesem kar\u0131\u015f\u0131m ve do\u011fal renkler i\u00e7in ideal blender. \u00dcstelik smoothileriniz daha uzun s\u00fcre taze kalacak.<\/strong><\/p>","protected":false},"excerpt":{"rendered":"<p>%100 aroma, muhtesem kar\u0131\u015f\u0131m ve do\u011fal renkler i\u00e7in ideal blender. \u00dcstelik smoothileriniz daha uzun s\u00fcre taze kalacak.<\/p>","protected":false},"featured_media":8844,"comment_status":"open","ping_status":"closed","template":"","meta":{"om_disable_all_campaigns":false,"_monsterinsights_skip_tracking":false,"_monsterinsights_sitenote_active":false,"_monsterinsights_sitenote_note":"","_monsterinsights_sitenote_category":0,"_joinchat":[]},"product_brand":[],"product_cat":[203],"product_tag":[],"class_list":{"0":"post-8835","1":"product","2":"type-product","3":"status-publish","4":"has-post-thumbnail","6":"product_cat-kucuk-ev-aletleri","7":"ts_product_brand-bosch","9":"first","10":"instock","11":"shipping-taxable","12":"product-type-simple","13":"add-to-wishlist-after_add_to_cart"},"aioseo_notices":[],"_links":{"self":[{"href":"https:\/\/cyprusbosch.com\/en\/wp-json\/wp\/v2\/product\/8835","targetHints":{"allow":["GET"]}}],"collection":[{"href":"https:\/\/cyprusbosch.com\/en\/wp-json\/wp\/v2\/product"}],"about":[{"href":"https:\/\/cyprusbosch.com\/en\/wp-json\/wp\/v2\/types\/product"}],"replies":[{"embeddable":true,"href":"https:\/\/cyprusbosch.com\/en\/wp-json\/wp\/v2\/comments?post=8835"}],"wp:featuredmedia":[{"embeddable":true,"href":"https:\/\/cyprusbosch.com\/en\/wp-json\/wp\/v2\/media\/8844"}],"wp:attachment":[{"href":"https:\/\/cyprusbosch.com\/en\/wp-json\/wp\/v2\/media?parent=8835"}],"wp:term":[{"taxonomy":"product_brand","embeddable":true,"href":"https:\/\/cyprusbosch.com\/en\/wp-json\/wp\/v2\/product_brand?post=8835"},{"taxonomy":"product_cat","embeddable":true,"href":"https:\/\/cyprusbosch.com\/en\/wp-json\/wp\/v2\/product_cat?post=8835"},{"taxonomy":"product_tag","embeddable":true,"href":"https:\/\/cyprusbosch.com\/en\/wp-json\/wp\/v2\/product_tag?post=8835"}],"curies":[{"name":"wp","href":"https:\/\/api.w.org\/{rel}","templated":true}]}}