{"id":8852,"date":"2025-03-15T09:30:36","date_gmt":"2025-03-15T09:30:36","guid":{"rendered":"https:\/\/cyprusbosch.com\/?post_type=product&#038;p=8852"},"modified":"2025-12-18T15:54:32","modified_gmt":"2025-12-18T15:54:32","slug":"citrus-press","status":"publish","type":"product","link":"https:\/\/cyprusbosch.com\/en\/product\/citrus-press\/","title":{"rendered":"Citrus Press"},"content":{"rendered":"<p>Sa\u011fa ve sola d\u00f6nen ba\u015fl\u0131k sayesinde daha fazla meyve suyu<br \/>\nLimon ve portakallar i\u00e7in \u00fcretilmi\u015f ideal s\u0131kma ba\u015fl\u0131\u011f\u0131<br \/>\nG\u00fc\u00e7: 40 W<br \/>\nKonfor 1.000ml kapasiteli cam s\u00fcrahi ile hem aileniz hem de arkada\u015flar\u0131n\u0131za yetecek kadar meyve suyu<br \/>\nSalata ve soslar i\u00e7in (\u00f6rne\u011fin 1 adet limon) cam s\u00fcrahiye gerek olmadan haznede kullanabilme<br \/>\nDolapta saklamak ve tazeli\u011fi korumak i\u00e7in s\u00fcrahi kapa\u011f\u0131<br \/>\nLED g\u00f6sterge<br \/>\nMalzeme \/ Tasar\u0131m Zarif ve \u015f\u0131k cam s\u00fcrahi ile meyve suyunu an\u0131nda servis edin<br \/>\nPaslanmaz \u00e7elik s\u00fczge\u00e7 ve metal ba\u015fl\u0131k sayesinde \u00e7ok daha uzun \u00f6m\u00fcrl\u00fc ve dayan\u0131kl\u0131<br \/>\nG\u0131da ile temas halinde olan hi\u00e7 bir y\u00fczey BPA i\u00e7ermez<br \/>\nDamlama emniyeti ile tezgahlar\u0131n\u0131z tertemiz kal\u0131r<br \/>\nS\u00fcrahi, s\u00fczge\u00e7, s\u0131kma ba\u015fl\u0131\u011f\u0131, posa haznesi ve kapaklar\u0131n hepsi bula\u015f\u0131k makinesinde y\u0131kanabilir<br \/>\nAksesuarlar Saklamas\u0131 kolay kapakl\u0131 cam s\u00fcrahi Koruma kapa\u011f\u0131 sayesinde narenciye s\u0131kaca\u011f\u0131n\u0131z her an temiz ve kullan\u0131ma haz\u0131r<\/p>","protected":false},"excerpt":{"rendered":"<p>Sa\u011fa ve sola d\u00f6nen ba\u015fl\u0131k sayesinde daha fazla meyve suyu Limon ve portakallar i\u00e7in \u00fcretilmi\u015f ideal s\u0131kma ba\u015fl\u0131\u011f\u0131 G\u00fc\u00e7: 40 W Konfor 1.000ml kapasiteli cam s\u00fcrahi ile hem aileniz hem de arkada\u015flar\u0131n\u0131za yetecek kadar meyve suyu Salata ve soslar i\u00e7in (\u00f6rne\u011fin 1 adet limon) cam s\u00fcrahiye gerek olmadan haznede kullanabilme Dolapta saklamak ve tazeli\u011fi korumak [&hellip;]<\/p>","protected":false},"featured_media":8855,"comment_status":"open","ping_status":"closed","template":"","meta":{"om_disable_all_campaigns":false,"_monsterinsights_skip_tracking":false,"_monsterinsights_sitenote_active":false,"_monsterinsights_sitenote_note":"","_monsterinsights_sitenote_category":0,"_joinchat":[]},"product_brand":[],"product_cat":[203],"product_tag":[],"class_list":{"0":"post-8852","1":"product","2":"type-product","3":"status-publish","4":"has-post-thumbnail","6":"product_cat-kucuk-ev-aletleri","7":"ts_product_brand-bosch","9":"first","10":"instock","11":"shipping-taxable","12":"product-type-simple","13":"add-to-wishlist-after_add_to_cart"},"aioseo_notices":[],"_links":{"self":[{"href":"https:\/\/cyprusbosch.com\/en\/wp-json\/wp\/v2\/product\/8852","targetHints":{"allow":["GET"]}}],"collection":[{"href":"https:\/\/cyprusbosch.com\/en\/wp-json\/wp\/v2\/product"}],"about":[{"href":"https:\/\/cyprusbosch.com\/en\/wp-json\/wp\/v2\/types\/product"}],"replies":[{"embeddable":true,"href":"https:\/\/cyprusbosch.com\/en\/wp-json\/wp\/v2\/comments?post=8852"}],"wp:featuredmedia":[{"embeddable":true,"href":"https:\/\/cyprusbosch.com\/en\/wp-json\/wp\/v2\/media\/8855"}],"wp:attachment":[{"href":"https:\/\/cyprusbosch.com\/en\/wp-json\/wp\/v2\/media?parent=8852"}],"wp:term":[{"taxonomy":"product_brand","embeddable":true,"href":"https:\/\/cyprusbosch.com\/en\/wp-json\/wp\/v2\/product_brand?post=8852"},{"taxonomy":"product_cat","embeddable":true,"href":"https:\/\/cyprusbosch.com\/en\/wp-json\/wp\/v2\/product_cat?post=8852"},{"taxonomy":"product_tag","embeddable":true,"href":"https:\/\/cyprusbosch.com\/en\/wp-json\/wp\/v2\/product_tag?post=8852"}],"curies":[{"name":"wp","href":"https:\/\/api.w.org\/{rel}","templated":true}]}}