{"id":8868,"date":"2025-03-15T09:35:21","date_gmt":"2025-03-15T09:35:21","guid":{"rendered":"https:\/\/cyprusbosch.com\/?post_type=product&#038;p=8868"},"modified":"2025-03-15T09:35:21","modified_gmt":"2025-03-15T09:35:21","slug":"juice-extractor-vita-juice-3-700-w-mavi","status":"publish","type":"product","link":"https:\/\/cyprusbosch.com\/en\/product\/juice-extractor-vita-juice-3-700-w-mavi\/","title":{"rendered":"Juice Extractor Vita Juice 3 700 W Mavi"},"content":{"rendered":"<p>Y\u00fcksek performans sa\u011flayan g\u00fc\u00e7l\u00fc motor: 700 W<br \/>\n73mm geni\u015fli\u011finde XL besleme a\u011fz\u0131yla meyve ve sebzeleri kesmeden haz\u0131rlama imkan\u0131<br \/>\nPaslanmaz \u00e7elik mikro g\u00f6zenekli s\u00fczgeci ile meyve ve sebzeleri son damlas\u0131na kadar h\u0131zl\u0131 ve verimli bir \u015fekilde s\u0131kar<br \/>\nDayan\u0131kl\u0131 al\u00fcminyum k\u0131ska\u00e7lar\u0131 sayesinde g\u00fcvenli ve s\u0131z\u0131nt\u0131s\u0131z kapak sistemi. Farkl\u0131 sebze ve meyve t\u00fcrleri i\u00e7in kullan\u0131labilir Konfor Damlama emniyetli a\u011fz\u0131 sayesinde damlatmadan birinci s\u0131n\u0131f temizlik<br \/>\n2lt kapasiteli geni\u015f posa haznesi<br \/>\nDayan\u0131kl\u0131 ve \u015f\u0131k \u00e7elik d\u0131\u015f g\u00f6vdesi ve ak\u0131\u015f ba\u015fl\u0131\u011f\u0131<br \/>\n2 kademeli h\u0131z ayar\u0131<br \/>\nOtomatik posa atma i\u015flemi<br \/>\nKablo dolama yeri<br \/>\nG\u00fcvenlik G\u00fcvenli \u00c7al\u0131\u015fma: b\u00fct\u00fcn par\u00e7alar d\u00fczg\u00fcnce tak\u0131ld\u0131\u011f\u0131nda \u00e7al\u0131\u015fan \u00fcr\u00fcn, i\u015flem s\u0131ras\u0131nda herhangi bir par\u00e7a a\u00e7\u0131l\u0131rsa durmaktad\u0131r. yaralanma ve s\u0131\u00e7ratma derdine son.<br \/>\nKaymay\u0131 engelleyen lastik ayaklar sayesinde sars\u0131nt\u0131s\u0131z \u00e7al\u0131\u015fma \u00f6zelli\u011fi<br \/>\nTemizlik Kolay temizleme: t\u00fcm par\u00e7alar bula\u015f\u0131k makinesinde y\u0131kanabilir<br \/>\nAksesuarlar K\u00f6p\u00fck ayra\u00e7l\u0131 1,25lt meyve suyu haznesi<br \/>\nS\u00fczgecin rahat\u00e7a temizlenmesi i\u00e7in f\u0131r\u00e7a<\/p>","protected":false},"excerpt":{"rendered":"<p>Y\u00fcksek performans sa\u011flayan g\u00fc\u00e7l\u00fc motor: 700 W 73mm geni\u015fli\u011finde XL besleme a\u011fz\u0131yla meyve ve sebzeleri kesmeden haz\u0131rlama imkan\u0131 Paslanmaz \u00e7elik mikro g\u00f6zenekli s\u00fczgeci ile meyve ve sebzeleri son damlas\u0131na kadar h\u0131zl\u0131 ve verimli bir \u015fekilde s\u0131kar Dayan\u0131kl\u0131 al\u00fcminyum k\u0131ska\u00e7lar\u0131 sayesinde g\u00fcvenli ve s\u0131z\u0131nt\u0131s\u0131z kapak sistemi. Farkl\u0131 sebze ve meyve t\u00fcrleri i\u00e7in kullan\u0131labilir Konfor Damlama emniyetli [&hellip;]<\/p>","protected":false},"featured_media":8870,"comment_status":"open","ping_status":"closed","template":"","meta":{"om_disable_all_campaigns":false,"_monsterinsights_skip_tracking":false,"_monsterinsights_sitenote_active":false,"_monsterinsights_sitenote_note":"","_monsterinsights_sitenote_category":0,"_joinchat":[]},"product_brand":[],"product_cat":[203],"product_tag":[],"class_list":{"0":"post-8868","1":"product","2":"type-product","3":"status-publish","4":"has-post-thumbnail","6":"product_cat-kucuk-ev-aletleri","7":"ts_product_brand-bosch","9":"first","10":"instock","11":"shipping-taxable","12":"product-type-simple","13":"add-to-wishlist-after_add_to_cart"},"aioseo_notices":[],"_links":{"self":[{"href":"https:\/\/cyprusbosch.com\/en\/wp-json\/wp\/v2\/product\/8868","targetHints":{"allow":["GET"]}}],"collection":[{"href":"https:\/\/cyprusbosch.com\/en\/wp-json\/wp\/v2\/product"}],"about":[{"href":"https:\/\/cyprusbosch.com\/en\/wp-json\/wp\/v2\/types\/product"}],"replies":[{"embeddable":true,"href":"https:\/\/cyprusbosch.com\/en\/wp-json\/wp\/v2\/comments?post=8868"}],"wp:featuredmedia":[{"embeddable":true,"href":"https:\/\/cyprusbosch.com\/en\/wp-json\/wp\/v2\/media\/8870"}],"wp:attachment":[{"href":"https:\/\/cyprusbosch.com\/en\/wp-json\/wp\/v2\/media?parent=8868"}],"wp:term":[{"taxonomy":"product_brand","embeddable":true,"href":"https:\/\/cyprusbosch.com\/en\/wp-json\/wp\/v2\/product_brand?post=8868"},{"taxonomy":"product_cat","embeddable":true,"href":"https:\/\/cyprusbosch.com\/en\/wp-json\/wp\/v2\/product_cat?post=8868"},{"taxonomy":"product_tag","embeddable":true,"href":"https:\/\/cyprusbosch.com\/en\/wp-json\/wp\/v2\/product_tag?post=8868"}],"curies":[{"name":"wp","href":"https:\/\/api.w.org\/{rel}","templated":true}]}}