{"id":8882,"date":"2025-03-15T09:40:41","date_gmt":"2025-03-15T09:40:41","guid":{"rendered":"https:\/\/cyprusbosch.com\/?post_type=product&#038;p=8882"},"modified":"2025-03-15T09:40:41","modified_gmt":"2025-03-15T09:40:41","slug":"mutfak-robotu-multitalent-3-800-w-siyah-brushed-stainless-steel","status":"publish","type":"product","link":"https:\/\/cyprusbosch.com\/en\/product\/mutfak-robotu-multitalent-3-800-w-siyah-brushed-stainless-steel\/","title":{"rendered":"Mutfak Robotu MultiTalent 3 800 W Siyah, Brushed Stainless Steel"},"content":{"rendered":"<p>G\u00fc\u00e7: 800 Watt motoru, 2 h\u0131z ayar\u0131 ve darbeli \u00e7al\u0131\u015ft\u0131rma \u00f6zelli\u011fi ile k\u0131sa s\u00fcrede kusursuz sonu\u00e7lar<br \/>\nPaslanmaz \u00e7elik, \u00e7ok fonskiyonlu b\u0131\u00e7ak<br \/>\nAksesuarlar 500gr un ve maksimum 0.8 kg malzeme kapasiteli<br \/>\n2.3 lt hazne 1 litre kapasiteli polikarbon kar\u0131\u015ft\u0131rma kab\u0131<br \/>\nSo\u011fuk i\u00e7ecekleriniz i\u00e7in buz k\u0131rma \u00f6zelli\u011fi<br \/>\nKahve \u00e7ekirde\u011fi, sert peynir \u00e7e\u015fitleri, baharat, taneli yemi\u015fler ve buz k\u00fcplerini kesip do\u011framak i\u00e7in \u00f6zel b\u0131\u00e7ak<br \/>\n6\u2019l\u0131 b\u0131\u00e7a\u011f\u0131 ile baharat, peynir, so\u011fan ve sar\u0131msaklar h\u0131zl\u0131 ve kusursuzca do\u011fran\u0131r<br \/>\n\u00c7ift tarafl\u0131 2\u015fer adet dilimleme (kal\u0131n ve ince) ve rendeleme diski (kal\u0131n ve ince)<br \/>\nPaslanmaz \u00e7elik diskler<br \/>\nHamur yo\u011furma aparat\u0131<br \/>\nKrema ve yumurta beyaz\u0131 \u00e7\u0131rpmak i\u00e7in \u00e7\u0131rp\u0131c\u0131<br \/>\nG\u00fcvenlik Kapak ve kar\u0131\u015ft\u0131rma kab\u0131 emniyet kilidi<br \/>\nG\u00fcvenli kullan\u0131m: Kaymay\u0131 engelleyen kau\u00e7uk ayaklar sayesinde g\u00fcvenli ve sars\u0131nt\u0131s\u0131z \u00e7al\u0131\u015fma<br \/>\nYer kazand\u0131ran tasar\u0131m<br \/>\nAksesuarlar\u0131n hepsi haznede saklanabilir bu sayede yerden tasarruf edersiniz<br \/>\nOtomatik kablo sarma: kolay saklama i\u00e7in otomatik kablo sarma<\/p>","protected":false},"excerpt":{"rendered":"<p>G\u00fc\u00e7: 800 Watt motoru, 2 h\u0131z ayar\u0131 ve darbeli \u00e7al\u0131\u015ft\u0131rma \u00f6zelli\u011fi ile k\u0131sa s\u00fcrede kusursuz sonu\u00e7lar Paslanmaz \u00e7elik, \u00e7ok fonskiyonlu b\u0131\u00e7ak Aksesuarlar 500gr un ve maksimum 0.8 kg malzeme kapasiteli 2.3 lt hazne 1 litre kapasiteli polikarbon kar\u0131\u015ft\u0131rma kab\u0131 So\u011fuk i\u00e7ecekleriniz i\u00e7in buz k\u0131rma \u00f6zelli\u011fi Kahve \u00e7ekirde\u011fi, sert peynir \u00e7e\u015fitleri, baharat, taneli yemi\u015fler ve buz [&hellip;]<\/p>","protected":false},"featured_media":8887,"comment_status":"open","ping_status":"closed","template":"","meta":{"om_disable_all_campaigns":false,"_monsterinsights_skip_tracking":false,"_monsterinsights_sitenote_active":false,"_monsterinsights_sitenote_note":"","_monsterinsights_sitenote_category":0,"_joinchat":[]},"product_brand":[],"product_cat":[203],"product_tag":[],"class_list":{"0":"post-8882","1":"product","2":"type-product","3":"status-publish","4":"has-post-thumbnail","6":"product_cat-kucuk-ev-aletleri","7":"ts_product_brand-bosch","9":"first","10":"instock","11":"shipping-taxable","12":"product-type-simple","13":"add-to-wishlist-after_add_to_cart"},"aioseo_notices":[],"_links":{"self":[{"href":"https:\/\/cyprusbosch.com\/en\/wp-json\/wp\/v2\/product\/8882","targetHints":{"allow":["GET"]}}],"collection":[{"href":"https:\/\/cyprusbosch.com\/en\/wp-json\/wp\/v2\/product"}],"about":[{"href":"https:\/\/cyprusbosch.com\/en\/wp-json\/wp\/v2\/types\/product"}],"replies":[{"embeddable":true,"href":"https:\/\/cyprusbosch.com\/en\/wp-json\/wp\/v2\/comments?post=8882"}],"wp:featuredmedia":[{"embeddable":true,"href":"https:\/\/cyprusbosch.com\/en\/wp-json\/wp\/v2\/media\/8887"}],"wp:attachment":[{"href":"https:\/\/cyprusbosch.com\/en\/wp-json\/wp\/v2\/media?parent=8882"}],"wp:term":[{"taxonomy":"product_brand","embeddable":true,"href":"https:\/\/cyprusbosch.com\/en\/wp-json\/wp\/v2\/product_brand?post=8882"},{"taxonomy":"product_cat","embeddable":true,"href":"https:\/\/cyprusbosch.com\/en\/wp-json\/wp\/v2\/product_cat?post=8882"},{"taxonomy":"product_tag","embeddable":true,"href":"https:\/\/cyprusbosch.com\/en\/wp-json\/wp\/v2\/product_tag?post=8882"}],"curies":[{"name":"wp","href":"https:\/\/api.w.org\/{rel}","templated":true}]}}