{"id":8891,"date":"2025-03-15T09:42:57","date_gmt":"2025-03-15T09:42:57","guid":{"rendered":"https:\/\/cyprusbosch.com\/?post_type=product&#038;p=8891"},"modified":"2025-03-15T09:42:57","modified_gmt":"2025-03-15T09:42:57","slug":"mutfak-robotu-multitalent-8-1250-w-beyaz-gumus","status":"publish","type":"product","link":"https:\/\/cyprusbosch.com\/en\/product\/mutfak-robotu-multitalent-8-1250-w-beyaz-gumus\/","title":{"rendered":"Mutfak Robotu MultiTalent 8 1250 W Beyaz, G\u00fcm\u00fc\u015f"},"content":{"rendered":"<p>G\u00fc\u00e7: 1250 Watt<br \/>\nG\u00f6vde rengi Beyaz \/ G\u00fcm\u00fc\u015f<br \/>\nK\u0131sa s\u00fcrede m\u00fckemmel sonu\u00e7lar: 1250 watt motor, 2 h\u0131z ayar\u0131 ve moment fonksiyonu<br \/>\n\u00c7ok fonksiyonlu b\u0131\u00e7ak, paslanmaz \u00e7elik 2.3 lt<br \/>\nHuni ve doldurucu i\u00e7eren kapak dahil, 750 g un + i\u00e7indekiler (maksimum 1,5 kg hamur kar\u0131\u015f\u0131m\u0131) i\u00e7in \u015feffaf plastik kar\u0131\u015ft\u0131rma kab\u0131<br \/>\nPolikarbonat s\u0131v\u0131la\u015ft\u0131r\u0131c\u0131 (1 litre kapasiteli)<br \/>\nSo\u011fuk i\u00e7ecekler i\u00e7in buz k\u0131rmak i\u00e7in de uygundur<br \/>\nTersinir dilimleme (kal\u0131n ve ince) ve tersinir \u0131zgara (kaba ve ince) diskler<br \/>\nPaslanmaz \u00e7elik diskler<br \/>\nKrem \u015fanti ve yumurta ak\u0131 i\u00e7in dayak diski<br \/>\nG\u0131da ile temas eden t\u00fcm plastikler BPA i\u00e7ermez<br \/>\nSmartStorage: standart aksesuarlar\u0131n do\u011frudan kasede saklanmas\u0131<br \/>\nEmniyet kilitleme kapa\u011f\u0131 ve hazne Entegre kablo saklama<br \/>\nEkstra stabilite i\u00e7in kau\u00e7uk emme ayaklar\u0131<\/p>","protected":false},"excerpt":{"rendered":"<p>G\u00fc\u00e7: 1250 Watt G\u00f6vde rengi Beyaz \/ G\u00fcm\u00fc\u015f K\u0131sa s\u00fcrede m\u00fckemmel sonu\u00e7lar: 1250 watt motor, 2 h\u0131z ayar\u0131 ve moment fonksiyonu \u00c7ok fonksiyonlu b\u0131\u00e7ak, paslanmaz \u00e7elik 2.3 lt Huni ve doldurucu i\u00e7eren kapak dahil, 750 g un + i\u00e7indekiler (maksimum 1,5 kg hamur kar\u0131\u015f\u0131m\u0131) i\u00e7in \u015feffaf plastik kar\u0131\u015ft\u0131rma kab\u0131 Polikarbonat s\u0131v\u0131la\u015ft\u0131r\u0131c\u0131 (1 litre kapasiteli) So\u011fuk [&hellip;]<\/p>","protected":false},"featured_media":8894,"comment_status":"open","ping_status":"closed","template":"","meta":{"om_disable_all_campaigns":false,"_monsterinsights_skip_tracking":false,"_monsterinsights_sitenote_active":false,"_monsterinsights_sitenote_note":"","_monsterinsights_sitenote_category":0,"_joinchat":[]},"product_brand":[],"product_cat":[203],"product_tag":[],"class_list":{"0":"post-8891","1":"product","2":"type-product","3":"status-publish","4":"has-post-thumbnail","6":"product_cat-kucuk-ev-aletleri","7":"ts_product_brand-bosch","9":"first","10":"instock","11":"shipping-taxable","12":"product-type-simple","13":"add-to-wishlist-after_add_to_cart"},"aioseo_notices":[],"_links":{"self":[{"href":"https:\/\/cyprusbosch.com\/en\/wp-json\/wp\/v2\/product\/8891","targetHints":{"allow":["GET"]}}],"collection":[{"href":"https:\/\/cyprusbosch.com\/en\/wp-json\/wp\/v2\/product"}],"about":[{"href":"https:\/\/cyprusbosch.com\/en\/wp-json\/wp\/v2\/types\/product"}],"replies":[{"embeddable":true,"href":"https:\/\/cyprusbosch.com\/en\/wp-json\/wp\/v2\/comments?post=8891"}],"wp:featuredmedia":[{"embeddable":true,"href":"https:\/\/cyprusbosch.com\/en\/wp-json\/wp\/v2\/media\/8894"}],"wp:attachment":[{"href":"https:\/\/cyprusbosch.com\/en\/wp-json\/wp\/v2\/media?parent=8891"}],"wp:term":[{"taxonomy":"product_brand","embeddable":true,"href":"https:\/\/cyprusbosch.com\/en\/wp-json\/wp\/v2\/product_brand?post=8891"},{"taxonomy":"product_cat","embeddable":true,"href":"https:\/\/cyprusbosch.com\/en\/wp-json\/wp\/v2\/product_cat?post=8891"},{"taxonomy":"product_tag","embeddable":true,"href":"https:\/\/cyprusbosch.com\/en\/wp-json\/wp\/v2\/product_tag?post=8891"}],"curies":[{"name":"wp","href":"https:\/\/api.w.org\/{rel}","templated":true}]}}