{"id":8897,"date":"2025-03-15T09:44:45","date_gmt":"2025-03-15T09:44:45","guid":{"rendered":"https:\/\/cyprusbosch.com\/?post_type=product&#038;p=8897"},"modified":"2025-03-15T09:45:34","modified_gmt":"2025-03-15T09:45:34","slug":"mutfak-robotu-multitalent-8-1250-w-siyah-fircalanmis-paslanmaz-celik","status":"publish","type":"product","link":"https:\/\/cyprusbosch.com\/en\/product\/mutfak-robotu-multitalent-8-1250-w-siyah-fircalanmis-paslanmaz-celik\/","title":{"rendered":"Mutfak Robotu MultiTalent 8 1250 W Siyah, F\u0131r\u00e7alanm\u0131\u015f Paslanmaz \u00c7elik"},"content":{"rendered":"<p>Boyutlar: 430x250x300mm<br \/>\nG\u00fc\u00e7 derecesi: 1.250 W<br \/>\nH\u0131z ayar\u0131 say\u0131s\u0131: Kademesiz<br \/>\nMaks. d\u00f6n\u00fc\u015f h\u0131z\u0131: 15.000 dak-1<br \/>\n\u00dcr\u00fcn\u00fcn ana rengi: Siyah<br \/>\nG\u00f6vde malzemesi: Plastik<br \/>\nKar\u0131\u015ft\u0131rma kab\u0131n\u0131n malzemesi: Plastik<br \/>\nKapasite: 2,4 lt<br \/>\nMaks. un i\u00e7in kar\u0131\u015ft\u0131rma kab\u0131 k\u00fctlesi: 1,5 kg<br \/>\nMaks. hamur kar\u0131\u015ft\u0131rma kab\u0131n\u0131n i\u00e7eri\u011fi: 1,5 kg<br \/>\nNet a\u011f\u0131rl\u0131k: 6,0 kg<br \/>\nElektrik kablosu uzunlu\u011fu: 110,0 cm<br \/>\nBirlikte verilen aksesuarlar: 1 x kapak, 1 x plastik yo\u011furma kancas\u0131, 1 x plastik kar\u0131\u015ft\u0131rma kab\u0131, 1 x plastik blender aparat\u0131, 1 x patates k\u0131zartmas\u0131 diski, 1 x Tersine \u00e7evrilebilir rendeleme diski kaba\/ince, 1 x Kaba rendeleme diski, 1 x kar\u0131\u015ft\u0131rma \u00e7\u0131rpma teli , 1 x disk deste\u011fi, 1 x Tersine \u00e7evrilebilir dilimleme diski kal\u0131n\/ince, 1 x doldurma, 1 x \u00fcniversal b\u0131\u00e7ak, 1 x kare kesici, 1 x Asya sebze diski, 1 x k\u00fcp kesici u\u00e7 9 mm<\/p>","protected":false},"excerpt":{"rendered":"<p>Boyutlar: 430x250x300mm G\u00fc\u00e7 derecesi: 1.250 W H\u0131z ayar\u0131 say\u0131s\u0131: Kademesiz Maks. d\u00f6n\u00fc\u015f h\u0131z\u0131: 15.000 dak-1 \u00dcr\u00fcn\u00fcn ana rengi: Siyah G\u00f6vde malzemesi: Plastik Kar\u0131\u015ft\u0131rma kab\u0131n\u0131n malzemesi: Plastik Kapasite: 2,4 lt Maks. un i\u00e7in kar\u0131\u015ft\u0131rma kab\u0131 k\u00fctlesi: 1,5 kg Maks. hamur kar\u0131\u015ft\u0131rma kab\u0131n\u0131n i\u00e7eri\u011fi: 1,5 kg Net a\u011f\u0131rl\u0131k: 6,0 kg Elektrik kablosu uzunlu\u011fu: 110,0 cm Birlikte verilen [&hellip;]<\/p>","protected":false},"featured_media":8901,"comment_status":"open","ping_status":"closed","template":"","meta":{"om_disable_all_campaigns":false,"_monsterinsights_skip_tracking":false,"_monsterinsights_sitenote_active":false,"_monsterinsights_sitenote_note":"","_monsterinsights_sitenote_category":0,"_joinchat":[]},"product_brand":[],"product_cat":[203],"product_tag":[],"class_list":{"0":"post-8897","1":"product","2":"type-product","3":"status-publish","4":"has-post-thumbnail","6":"product_cat-kucuk-ev-aletleri","7":"ts_product_brand-bosch","9":"first","10":"instock","11":"shipping-taxable","12":"product-type-simple","13":"add-to-wishlist-after_add_to_cart"},"aioseo_notices":[],"_links":{"self":[{"href":"https:\/\/cyprusbosch.com\/en\/wp-json\/wp\/v2\/product\/8897","targetHints":{"allow":["GET"]}}],"collection":[{"href":"https:\/\/cyprusbosch.com\/en\/wp-json\/wp\/v2\/product"}],"about":[{"href":"https:\/\/cyprusbosch.com\/en\/wp-json\/wp\/v2\/types\/product"}],"replies":[{"embeddable":true,"href":"https:\/\/cyprusbosch.com\/en\/wp-json\/wp\/v2\/comments?post=8897"}],"wp:featuredmedia":[{"embeddable":true,"href":"https:\/\/cyprusbosch.com\/en\/wp-json\/wp\/v2\/media\/8901"}],"wp:attachment":[{"href":"https:\/\/cyprusbosch.com\/en\/wp-json\/wp\/v2\/media?parent=8897"}],"wp:term":[{"taxonomy":"product_brand","embeddable":true,"href":"https:\/\/cyprusbosch.com\/en\/wp-json\/wp\/v2\/product_brand?post=8897"},{"taxonomy":"product_cat","embeddable":true,"href":"https:\/\/cyprusbosch.com\/en\/wp-json\/wp\/v2\/product_cat?post=8897"},{"taxonomy":"product_tag","embeddable":true,"href":"https:\/\/cyprusbosch.com\/en\/wp-json\/wp\/v2\/product_tag?post=8897"}],"curies":[{"name":"wp","href":"https:\/\/api.w.org\/{rel}","templated":true}]}}