{"id":8903,"date":"2025-03-15T09:47:42","date_gmt":"2025-03-15T09:47:42","guid":{"rendered":"https:\/\/cyprusbosch.com\/?post_type=product&#038;p=8903"},"modified":"2025-03-15T09:47:42","modified_gmt":"2025-03-15T09:47:42","slug":"el-mikseri-styline-color-500-w-turkuaz","status":"publish","type":"product","link":"https:\/\/cyprusbosch.com\/en\/product\/el-mikseri-styline-color-500-w-turkuaz\/","title":{"rendered":"El mikseri Styline Color 500 W Turkuaz"},"content":{"rendered":"<p>Ba\u011flant\u0131 derecesi: 500 W<br \/>\nDarbe i\u015flevi: Evet<br \/>\nVoltaj: 220-240 V<br \/>\nNet a\u011f\u0131rl\u0131k: 1,1 kg<\/p>","protected":false},"excerpt":{"rendered":"<p>Ba\u011flant\u0131 derecesi: 500 W Darbe i\u015flevi: Evet Voltaj: 220-240 V Net a\u011f\u0131rl\u0131k: 1,1 kg<\/p>","protected":false},"featured_media":8909,"comment_status":"open","ping_status":"closed","template":"","meta":{"om_disable_all_campaigns":false,"_monsterinsights_skip_tracking":false,"_monsterinsights_sitenote_active":false,"_monsterinsights_sitenote_note":"","_monsterinsights_sitenote_category":0,"_joinchat":[]},"product_brand":[],"product_cat":[203],"product_tag":[],"class_list":{"0":"post-8903","1":"product","2":"type-product","3":"status-publish","4":"has-post-thumbnail","6":"product_cat-kucuk-ev-aletleri","7":"ts_product_brand-bosch","9":"first","10":"instock","11":"shipping-taxable","12":"product-type-simple","13":"add-to-wishlist-after_add_to_cart"},"aioseo_notices":[],"_links":{"self":[{"href":"https:\/\/cyprusbosch.com\/en\/wp-json\/wp\/v2\/product\/8903","targetHints":{"allow":["GET"]}}],"collection":[{"href":"https:\/\/cyprusbosch.com\/en\/wp-json\/wp\/v2\/product"}],"about":[{"href":"https:\/\/cyprusbosch.com\/en\/wp-json\/wp\/v2\/types\/product"}],"replies":[{"embeddable":true,"href":"https:\/\/cyprusbosch.com\/en\/wp-json\/wp\/v2\/comments?post=8903"}],"wp:featuredmedia":[{"embeddable":true,"href":"https:\/\/cyprusbosch.com\/en\/wp-json\/wp\/v2\/media\/8909"}],"wp:attachment":[{"href":"https:\/\/cyprusbosch.com\/en\/wp-json\/wp\/v2\/media?parent=8903"}],"wp:term":[{"taxonomy":"product_brand","embeddable":true,"href":"https:\/\/cyprusbosch.com\/en\/wp-json\/wp\/v2\/product_brand?post=8903"},{"taxonomy":"product_cat","embeddable":true,"href":"https:\/\/cyprusbosch.com\/en\/wp-json\/wp\/v2\/product_cat?post=8903"},{"taxonomy":"product_tag","embeddable":true,"href":"https:\/\/cyprusbosch.com\/en\/wp-json\/wp\/v2\/product_tag?post=8903"}],"curies":[{"name":"wp","href":"https:\/\/api.w.org\/{rel}","templated":true}]}}