{"id":8910,"date":"2025-03-15T09:49:23","date_gmt":"2025-03-15T09:49:23","guid":{"rendered":"https:\/\/cyprusbosch.com\/?post_type=product&#038;p=8910"},"modified":"2025-03-15T09:49:23","modified_gmt":"2025-03-15T09:49:23","slug":"el-mikseri-300-w-beyaz","status":"publish","type":"product","link":"https:\/\/cyprusbosch.com\/en\/product\/el-mikseri-300-w-beyaz\/","title":{"rendered":"El Mikseri 300 W Beyaz"},"content":{"rendered":"<p>G\u00fc\u00e7: 300 W<br \/>\nBeyaz Modern motor teknolojisi: G\u00fc\u00e7l\u00fc ama ayn\u0131 zamanda hafif ve sessiz<br \/>\n2 h\u0131z ayar\u0131 Ek darbe \/ turbo ayar\u0131<br \/>\n\u00c7\u0131rp\u0131c\u0131lar ve hamur kancalar\u0131 i\u00e7in ayr\u0131 \u00e7\u0131kartma d\u00fc\u011fmesi<br \/>\nErgonomik olarak tasarlanm\u0131\u015f k\u0131r\u0131lmaz plastik g\u00f6vde<br \/>\n\u00c7\u0131rpma ve \u00e7\u0131rpma i\u00e7in 2 paslanmaz \u00e7elik \u00e7\u0131rp\u0131c\u0131<br \/>\n2 a\u011f\u0131r hizmet tipi paslanmaz \u00e7elik yo\u011furma kancas\u0131<br \/>\nSol veya sa\u011f elini kullananlar i\u00e7in uygun<br \/>\nKablo muhafazas\u0131n\u0131n etraf\u0131na sar\u0131n<\/p>","protected":false},"excerpt":{"rendered":"<p>G\u00fc\u00e7: 300 W Beyaz Modern motor teknolojisi: G\u00fc\u00e7l\u00fc ama ayn\u0131 zamanda hafif ve sessiz 2 h\u0131z ayar\u0131 Ek darbe \/ turbo ayar\u0131 \u00c7\u0131rp\u0131c\u0131lar ve hamur kancalar\u0131 i\u00e7in ayr\u0131 \u00e7\u0131kartma d\u00fc\u011fmesi Ergonomik olarak tasarlanm\u0131\u015f k\u0131r\u0131lmaz plastik g\u00f6vde \u00c7\u0131rpma ve \u00e7\u0131rpma i\u00e7in 2 paslanmaz \u00e7elik \u00e7\u0131rp\u0131c\u0131 2 a\u011f\u0131r hizmet tipi paslanmaz \u00e7elik yo\u011furma kancas\u0131 Sol veya sa\u011f [&hellip;]<\/p>","protected":false},"featured_media":8912,"comment_status":"open","ping_status":"closed","template":"","meta":{"om_disable_all_campaigns":false,"_monsterinsights_skip_tracking":false,"_monsterinsights_sitenote_active":false,"_monsterinsights_sitenote_note":"","_monsterinsights_sitenote_category":0,"_joinchat":[]},"product_brand":[],"product_cat":[203],"product_tag":[],"class_list":{"0":"post-8910","1":"product","2":"type-product","3":"status-publish","4":"has-post-thumbnail","6":"product_cat-kucuk-ev-aletleri","7":"ts_product_brand-bosch","9":"first","10":"instock","11":"shipping-taxable","12":"product-type-simple","13":"add-to-wishlist-after_add_to_cart"},"aioseo_notices":[],"_links":{"self":[{"href":"https:\/\/cyprusbosch.com\/en\/wp-json\/wp\/v2\/product\/8910","targetHints":{"allow":["GET"]}}],"collection":[{"href":"https:\/\/cyprusbosch.com\/en\/wp-json\/wp\/v2\/product"}],"about":[{"href":"https:\/\/cyprusbosch.com\/en\/wp-json\/wp\/v2\/types\/product"}],"replies":[{"embeddable":true,"href":"https:\/\/cyprusbosch.com\/en\/wp-json\/wp\/v2\/comments?post=8910"}],"wp:featuredmedia":[{"embeddable":true,"href":"https:\/\/cyprusbosch.com\/en\/wp-json\/wp\/v2\/media\/8912"}],"wp:attachment":[{"href":"https:\/\/cyprusbosch.com\/en\/wp-json\/wp\/v2\/media?parent=8910"}],"wp:term":[{"taxonomy":"product_brand","embeddable":true,"href":"https:\/\/cyprusbosch.com\/en\/wp-json\/wp\/v2\/product_brand?post=8910"},{"taxonomy":"product_cat","embeddable":true,"href":"https:\/\/cyprusbosch.com\/en\/wp-json\/wp\/v2\/product_cat?post=8910"},{"taxonomy":"product_tag","embeddable":true,"href":"https:\/\/cyprusbosch.com\/en\/wp-json\/wp\/v2\/product_tag?post=8910"}],"curies":[{"name":"wp","href":"https:\/\/api.w.org\/{rel}","templated":true}]}}