{"id":8914,"date":"2025-03-15T09:51:10","date_gmt":"2025-03-15T09:51:10","guid":{"rendered":"https:\/\/cyprusbosch.com\/?post_type=product&#038;p=8914"},"modified":"2025-03-15T09:51:10","modified_gmt":"2025-03-15T09:51:10","slug":"el-mikseri-450-w-beyaz","status":"publish","type":"product","link":"https:\/\/cyprusbosch.com\/en\/product\/el-mikseri-450-w-beyaz\/","title":{"rendered":"El Mikseri 450 W Beyaz"},"content":{"rendered":"<p>G\u00fc\u00e7: 450 watt<br \/>\nModern Motor Teknolojisi: G\u00fc\u00e7l\u00fc, sessiz ve hafif<br \/>\nErgonomik tasar\u0131m ve \u00f6zel yumu\u015fak tutma yeri sayesinde kolay kullan\u0131m imkan\u0131<br \/>\n5 farkl\u0131 h\u0131z kademesi \u201canl\u0131k \u00e7al\u0131\u015ft\u0131rma\u201d ve \u201cturbo\u201d fonksiyonlar\u0131 \u00e7\u0131rpma ve yo\u011furma u\u00e7lar\u0131n\u0131 kolayca \u00e7\u0131kartmaya yarayan \u201ceject\u201d tu\u015fu<br \/>\n2 adet \u00e7\u0131rpma ucu 2 adet hamur yo\u011furma aya\u011f\u0131<br \/>\nKablo sarma yeri blender aya\u011f\u0131 ile kullan\u0131labilme imkan\u0131<br \/>\nPaslanmaz \u00e7elik d\u00f6ner mikser kab\u0131<br \/>\nMaksimum 500 gr (un ve di\u011fer malzeme) kapasiteli kar\u0131\u015ft\u0131rma kab\u0131<\/p>","protected":false},"excerpt":{"rendered":"<p>G\u00fc\u00e7: 450 watt Modern Motor Teknolojisi: G\u00fc\u00e7l\u00fc, sessiz ve hafif Ergonomik tasar\u0131m ve \u00f6zel yumu\u015fak tutma yeri sayesinde kolay kullan\u0131m imkan\u0131 5 farkl\u0131 h\u0131z kademesi \u201canl\u0131k \u00e7al\u0131\u015ft\u0131rma\u201d ve \u201cturbo\u201d fonksiyonlar\u0131 \u00e7\u0131rpma ve yo\u011furma u\u00e7lar\u0131n\u0131 kolayca \u00e7\u0131kartmaya yarayan \u201ceject\u201d tu\u015fu 2 adet \u00e7\u0131rpma ucu 2 adet hamur yo\u011furma aya\u011f\u0131 Kablo sarma yeri blender aya\u011f\u0131 ile kullan\u0131labilme [&hellip;]<\/p>","protected":false},"featured_media":8916,"comment_status":"open","ping_status":"closed","template":"","meta":{"om_disable_all_campaigns":false,"_monsterinsights_skip_tracking":false,"_monsterinsights_sitenote_active":false,"_monsterinsights_sitenote_note":"","_monsterinsights_sitenote_category":0,"_joinchat":[]},"product_brand":[],"product_cat":[203],"product_tag":[],"class_list":{"0":"post-8914","1":"product","2":"type-product","3":"status-publish","4":"has-post-thumbnail","6":"product_cat-kucuk-ev-aletleri","7":"ts_product_brand-bosch","9":"first","10":"instock","11":"shipping-taxable","12":"product-type-simple","13":"add-to-wishlist-after_add_to_cart"},"aioseo_notices":[],"_links":{"self":[{"href":"https:\/\/cyprusbosch.com\/en\/wp-json\/wp\/v2\/product\/8914","targetHints":{"allow":["GET"]}}],"collection":[{"href":"https:\/\/cyprusbosch.com\/en\/wp-json\/wp\/v2\/product"}],"about":[{"href":"https:\/\/cyprusbosch.com\/en\/wp-json\/wp\/v2\/types\/product"}],"replies":[{"embeddable":true,"href":"https:\/\/cyprusbosch.com\/en\/wp-json\/wp\/v2\/comments?post=8914"}],"wp:featuredmedia":[{"embeddable":true,"href":"https:\/\/cyprusbosch.com\/en\/wp-json\/wp\/v2\/media\/8916"}],"wp:attachment":[{"href":"https:\/\/cyprusbosch.com\/en\/wp-json\/wp\/v2\/media?parent=8914"}],"wp:term":[{"taxonomy":"product_brand","embeddable":true,"href":"https:\/\/cyprusbosch.com\/en\/wp-json\/wp\/v2\/product_brand?post=8914"},{"taxonomy":"product_cat","embeddable":true,"href":"https:\/\/cyprusbosch.com\/en\/wp-json\/wp\/v2\/product_cat?post=8914"},{"taxonomy":"product_tag","embeddable":true,"href":"https:\/\/cyprusbosch.com\/en\/wp-json\/wp\/v2\/product_tag?post=8914"}],"curies":[{"name":"wp","href":"https:\/\/api.w.org\/{rel}","templated":true}]}}