{"id":8920,"date":"2025-03-15T09:53:50","date_gmt":"2025-03-15T09:53:50","guid":{"rendered":"https:\/\/cyprusbosch.com\/?post_type=product&#038;p=8920"},"modified":"2025-03-15T09:53:50","modified_gmt":"2025-03-15T09:53:50","slug":"el-mikseri-850w-beyaz","status":"publish","type":"product","link":"https:\/\/cyprusbosch.com\/en\/product\/el-mikseri-850w-beyaz\/","title":{"rendered":"El Mikseri 850W Beyaz"},"content":{"rendered":"<p>Cihaz\u0131n boyutlar\u0131: 142 x 200 x 75 mm<br \/>\n\u00dcr\u00fcn kategorisi: Stil \u00e7izgisi<br \/>\nBa\u011fl\u0131 y\u00fck: 850 W<br \/>\nH\u0131z seviyeleri: 5<br \/>\nAnl\u0131k a\u015fama\/anl\u0131k ge\u00e7i\u015f: Evet<br \/>\nBeyaz renk<br \/>\nMuhafaza malzemesi: plastik<br \/>\nH\u0131z seviyeleri: 5<br \/>\nAnl\u0131k a\u015fama\/anl\u0131k ge\u00e7i\u015f: Evet<br \/>\n\u00c7\u0131rpma teli\/hamur kancas\u0131 i\u00e7in \u00e7\u0131karma d\u00fc\u011fmesi mevcuttur: Evet<br \/>\nsarmal kordon: Evet<br \/>\nVakum seti: Hay\u0131r<br \/>\nNet A\u011f\u0131rl\u0131k: 1,4 kg<\/p>","protected":false},"excerpt":{"rendered":"<p>Cihaz\u0131n boyutlar\u0131: 142 x 200 x 75 mm \u00dcr\u00fcn kategorisi: Stil \u00e7izgisi Ba\u011fl\u0131 y\u00fck: 850 W H\u0131z seviyeleri: 5 Anl\u0131k a\u015fama\/anl\u0131k ge\u00e7i\u015f: Evet Beyaz renk Muhafaza malzemesi: plastik H\u0131z seviyeleri: 5 Anl\u0131k a\u015fama\/anl\u0131k ge\u00e7i\u015f: Evet \u00c7\u0131rpma teli\/hamur kancas\u0131 i\u00e7in \u00e7\u0131karma d\u00fc\u011fmesi mevcuttur: Evet sarmal kordon: Evet Vakum seti: Hay\u0131r Net A\u011f\u0131rl\u0131k: 1,4 kg<\/p>","protected":false},"featured_media":8921,"comment_status":"open","ping_status":"closed","template":"","meta":{"om_disable_all_campaigns":false,"_monsterinsights_skip_tracking":false,"_monsterinsights_sitenote_active":false,"_monsterinsights_sitenote_note":"","_monsterinsights_sitenote_category":0,"_joinchat":[]},"product_brand":[],"product_cat":[203],"product_tag":[],"class_list":{"0":"post-8920","1":"product","2":"type-product","3":"status-publish","4":"has-post-thumbnail","6":"product_cat-kucuk-ev-aletleri","7":"ts_product_brand-bosch","9":"first","10":"instock","11":"shipping-taxable","12":"product-type-simple","13":"add-to-wishlist-after_add_to_cart"},"aioseo_notices":[],"_links":{"self":[{"href":"https:\/\/cyprusbosch.com\/en\/wp-json\/wp\/v2\/product\/8920","targetHints":{"allow":["GET"]}}],"collection":[{"href":"https:\/\/cyprusbosch.com\/en\/wp-json\/wp\/v2\/product"}],"about":[{"href":"https:\/\/cyprusbosch.com\/en\/wp-json\/wp\/v2\/types\/product"}],"replies":[{"embeddable":true,"href":"https:\/\/cyprusbosch.com\/en\/wp-json\/wp\/v2\/comments?post=8920"}],"wp:featuredmedia":[{"embeddable":true,"href":"https:\/\/cyprusbosch.com\/en\/wp-json\/wp\/v2\/media\/8921"}],"wp:attachment":[{"href":"https:\/\/cyprusbosch.com\/en\/wp-json\/wp\/v2\/media?parent=8920"}],"wp:term":[{"taxonomy":"product_brand","embeddable":true,"href":"https:\/\/cyprusbosch.com\/en\/wp-json\/wp\/v2\/product_brand?post=8920"},{"taxonomy":"product_cat","embeddable":true,"href":"https:\/\/cyprusbosch.com\/en\/wp-json\/wp\/v2\/product_cat?post=8920"},{"taxonomy":"product_tag","embeddable":true,"href":"https:\/\/cyprusbosch.com\/en\/wp-json\/wp\/v2\/product_tag?post=8920"}],"curies":[{"name":"wp","href":"https:\/\/api.w.org\/{rel}","templated":true}]}}