{"id":8928,"date":"2025-03-15T09:56:03","date_gmt":"2025-03-15T09:56:03","guid":{"rendered":"https:\/\/cyprusbosch.com\/?post_type=product&#038;p=8928"},"modified":"2025-03-15T09:56:03","modified_gmt":"2025-03-15T09:56:03","slug":"el-mikseri-styline-500-w-beyaz","status":"publish","type":"product","link":"https:\/\/cyprusbosch.com\/en\/product\/el-mikseri-styline-500-w-beyaz\/","title":{"rendered":"El Mikseri Styline 500 W Beyaz"},"content":{"rendered":"<p>500 W Modern Motor Teknolojisi: G\u00fc\u00e7l\u00fc, sessiz ve hafif ergonomik bir \u015fekilde tasarlanm\u0131\u015f \u201csoft-touch\u201d tutma yeri<br \/>\n5 farkl\u0131 h\u0131z kademesi \u201canl\u0131k \u00e7al\u0131\u015ft\u0131rma\u201d ve \u201cturbo\u201d fonksiyonlar\u0131 \u00e7\u0131rpma ve yo\u011furma u\u00e7lar\u0131n\u0131 kolayca \u00e7\u0131kartmaya yarayan \u201ceject\u201d tu\u015fu<br \/>\n2 adet \u00f6zel tasar\u0131ml\u0131 \u00e7elik \u00e7\u0131rpma u\u00e7lar\u0131 sayesinde m\u00fckemmel \u00e7\u0131rpma ve kar\u0131\u015ft\u0131rma \u00f6zelli\u011fi<br \/>\n2 adet hamur yo\u011furma aya\u011f\u0131<br \/>\n\u00c7elik b\u0131\u00e7akl\u0131 XL do\u011fray\u0131c\u0131 aksesuar\u0131<br \/>\nDayan\u0131kl\u0131 \u00e7elik blender aya\u011f\u0131<br \/>\nKapakl\u0131, \u00f6l\u00e7ekli 1200ml kar\u0131\u015ft\u0131rma kab\u0131<br \/>\nKlipsli kablo ile kolay muhafaza imkan\u0131<\/p>","protected":false},"excerpt":{"rendered":"<p>500 W Modern Motor Teknolojisi: G\u00fc\u00e7l\u00fc, sessiz ve hafif ergonomik bir \u015fekilde tasarlanm\u0131\u015f \u201csoft-touch\u201d tutma yeri 5 farkl\u0131 h\u0131z kademesi \u201canl\u0131k \u00e7al\u0131\u015ft\u0131rma\u201d ve \u201cturbo\u201d fonksiyonlar\u0131 \u00e7\u0131rpma ve yo\u011furma u\u00e7lar\u0131n\u0131 kolayca \u00e7\u0131kartmaya yarayan \u201ceject\u201d tu\u015fu 2 adet \u00f6zel tasar\u0131ml\u0131 \u00e7elik \u00e7\u0131rpma u\u00e7lar\u0131 sayesinde m\u00fckemmel \u00e7\u0131rpma ve kar\u0131\u015ft\u0131rma \u00f6zelli\u011fi 2 adet hamur yo\u011furma aya\u011f\u0131 \u00c7elik b\u0131\u00e7akl\u0131 XL [&hellip;]<\/p>","protected":false},"featured_media":8933,"comment_status":"open","ping_status":"closed","template":"","meta":{"om_disable_all_campaigns":false,"_monsterinsights_skip_tracking":false,"_monsterinsights_sitenote_active":false,"_monsterinsights_sitenote_note":"","_monsterinsights_sitenote_category":0,"_joinchat":[]},"product_brand":[],"product_cat":[203],"product_tag":[],"class_list":{"0":"post-8928","1":"product","2":"type-product","3":"status-publish","4":"has-post-thumbnail","6":"product_cat-kucuk-ev-aletleri","7":"ts_product_brand-bosch","9":"first","10":"instock","11":"shipping-taxable","12":"product-type-simple","13":"add-to-wishlist-after_add_to_cart"},"aioseo_notices":[],"_links":{"self":[{"href":"https:\/\/cyprusbosch.com\/en\/wp-json\/wp\/v2\/product\/8928","targetHints":{"allow":["GET"]}}],"collection":[{"href":"https:\/\/cyprusbosch.com\/en\/wp-json\/wp\/v2\/product"}],"about":[{"href":"https:\/\/cyprusbosch.com\/en\/wp-json\/wp\/v2\/types\/product"}],"replies":[{"embeddable":true,"href":"https:\/\/cyprusbosch.com\/en\/wp-json\/wp\/v2\/comments?post=8928"}],"wp:featuredmedia":[{"embeddable":true,"href":"https:\/\/cyprusbosch.com\/en\/wp-json\/wp\/v2\/media\/8933"}],"wp:attachment":[{"href":"https:\/\/cyprusbosch.com\/en\/wp-json\/wp\/v2\/media?parent=8928"}],"wp:term":[{"taxonomy":"product_brand","embeddable":true,"href":"https:\/\/cyprusbosch.com\/en\/wp-json\/wp\/v2\/product_brand?post=8928"},{"taxonomy":"product_cat","embeddable":true,"href":"https:\/\/cyprusbosch.com\/en\/wp-json\/wp\/v2\/product_cat?post=8928"},{"taxonomy":"product_tag","embeddable":true,"href":"https:\/\/cyprusbosch.com\/en\/wp-json\/wp\/v2\/product_tag?post=8928"}],"curies":[{"name":"wp","href":"https:\/\/api.w.org\/{rel}","templated":true}]}}