{"id":8938,"date":"2025-03-15T09:58:25","date_gmt":"2025-03-15T09:58:25","guid":{"rendered":"https:\/\/cyprusbosch.com\/?post_type=product&#038;p=8938"},"modified":"2025-03-15T09:58:25","modified_gmt":"2025-03-15T09:58:25","slug":"el-blenderi-ergomixx-450-w-beyaz","status":"publish","type":"product","link":"https:\/\/cyprusbosch.com\/en\/product\/el-blenderi-ergomixx-450-w-beyaz\/","title":{"rendered":"El blenderi ErgoMixx 450 W Beyaz"},"content":{"rendered":"<p>Boyutlar: 393 x 55 x 62 mm<br \/>\nBa\u011flant\u0131 derecesi: 450 W<br \/>\nNet a\u011f\u0131rl\u0131k: 1,0 kg<br \/>\nElektrik besleme kablosunun uzunlu\u011fu: 140,0 cm<br \/>\nG\u0131dayla temas eden t\u00fcm plastikler BPA i\u00e7ermez: Evet<br \/>\nBirlikte verilen aksesuarlar: 1 x kar\u0131\u015ft\u0131rma\/\u00f6l\u00e7\u00fcm kab\u0131, 1 x paslanmaz \u00e7elik kar\u0131\u015ft\u0131rma \u00e7ubu\u011fu<br \/>\nSarmal kordon: Hay\u0131r<br \/>\nS\u00f6k\u00fclebilir mikser aya\u011f\u0131: Evet<br \/>\nDarbe fonksiyonu: Evet<\/p>","protected":false},"excerpt":{"rendered":"<p>Boyutlar: 393 x 55 x 62 mm Ba\u011flant\u0131 derecesi: 450 W Net a\u011f\u0131rl\u0131k: 1,0 kg Elektrik besleme kablosunun uzunlu\u011fu: 140,0 cm G\u0131dayla temas eden t\u00fcm plastikler BPA i\u00e7ermez: Evet Birlikte verilen aksesuarlar: 1 x kar\u0131\u015ft\u0131rma\/\u00f6l\u00e7\u00fcm kab\u0131, 1 x paslanmaz \u00e7elik kar\u0131\u015ft\u0131rma \u00e7ubu\u011fu Sarmal kordon: Hay\u0131r S\u00f6k\u00fclebilir mikser aya\u011f\u0131: Evet Darbe fonksiyonu: Evet<\/p>","protected":false},"featured_media":8945,"comment_status":"open","ping_status":"closed","template":"","meta":{"om_disable_all_campaigns":false,"_monsterinsights_skip_tracking":false,"_monsterinsights_sitenote_active":false,"_monsterinsights_sitenote_note":"","_monsterinsights_sitenote_category":0,"_joinchat":[]},"product_brand":[],"product_cat":[203],"product_tag":[],"class_list":{"0":"post-8938","1":"product","2":"type-product","3":"status-publish","4":"has-post-thumbnail","6":"product_cat-kucuk-ev-aletleri","7":"ts_product_brand-bosch","9":"first","10":"instock","11":"shipping-taxable","12":"product-type-simple","13":"add-to-wishlist-after_add_to_cart"},"aioseo_notices":[],"_links":{"self":[{"href":"https:\/\/cyprusbosch.com\/en\/wp-json\/wp\/v2\/product\/8938","targetHints":{"allow":["GET"]}}],"collection":[{"href":"https:\/\/cyprusbosch.com\/en\/wp-json\/wp\/v2\/product"}],"about":[{"href":"https:\/\/cyprusbosch.com\/en\/wp-json\/wp\/v2\/types\/product"}],"replies":[{"embeddable":true,"href":"https:\/\/cyprusbosch.com\/en\/wp-json\/wp\/v2\/comments?post=8938"}],"wp:featuredmedia":[{"embeddable":true,"href":"https:\/\/cyprusbosch.com\/en\/wp-json\/wp\/v2\/media\/8945"}],"wp:attachment":[{"href":"https:\/\/cyprusbosch.com\/en\/wp-json\/wp\/v2\/media?parent=8938"}],"wp:term":[{"taxonomy":"product_brand","embeddable":true,"href":"https:\/\/cyprusbosch.com\/en\/wp-json\/wp\/v2\/product_brand?post=8938"},{"taxonomy":"product_cat","embeddable":true,"href":"https:\/\/cyprusbosch.com\/en\/wp-json\/wp\/v2\/product_cat?post=8938"},{"taxonomy":"product_tag","embeddable":true,"href":"https:\/\/cyprusbosch.com\/en\/wp-json\/wp\/v2\/product_tag?post=8938"}],"curies":[{"name":"wp","href":"https:\/\/api.w.org\/{rel}","templated":true}]}}