{"id":8957,"date":"2025-03-15T10:03:47","date_gmt":"2025-03-15T10:03:47","guid":{"rendered":"https:\/\/cyprusbosch.com\/?post_type=product&#038;p=8957"},"modified":"2025-03-15T10:03:47","modified_gmt":"2025-03-15T10:03:47","slug":"el-blenderi-clevermixx-400-w-beyaz-koyu-kirmizi","status":"publish","type":"product","link":"https:\/\/cyprusbosch.com\/en\/product\/el-blenderi-clevermixx-400-w-beyaz-koyu-kirmizi\/","title":{"rendered":"El Blenderi CleverMixx 400 W Beyaz, Koyu K\u0131rm\u0131z\u0131"},"content":{"rendered":"<p>400 watt motor<br \/>\nD\u00fc\u015f\u00fck g\u00fcr\u00fclt\u00fc, hafif ve h\u0131zl\u0131 \u00e7al\u0131\u015fma<br \/>\nKonfor Yeni yenilik\u00e7i kar\u0131\u015ft\u0131rma \u00e7ubu\u011fu tasar\u0131m\u0131 sayesinde s\u0131\u00e7ramas\u0131z \u00e7al\u0131\u015fma Emniyet<br \/>\nG\u0131da ile temas eden t\u00fcm plastikler BPA i\u00e7ermez<br \/>\nBayonett kar\u0131\u015ft\u0131rma \u00e7ubu\u011funun yakalanmas\u0131 sayesinde emniyet kilidi \u00e7ok y\u00f6nl\u00fcl\u00fck<br \/>\n\u00c7\u0131kar\u0131labilir, y\u00fcksek kaliteli paslanmaz \u00e7elik blender aya\u011f\u0131<br \/>\n\u00c7\u0131rp\u0131lm\u0131\u015f yumurta ak\u0131, \u00e7\u0131rp\u0131lm\u0131\u015f krema, s\u00fct k\u00f6p\u00fc\u011f\u00fc veya hafif hamurlar\u0131n haz\u0131rlanmas\u0131 i\u00e7in paslanmaz \u00e7elik balon \u00e7\u0131rpma teli<\/p>","protected":false},"excerpt":{"rendered":"<p>400 watt motor D\u00fc\u015f\u00fck g\u00fcr\u00fclt\u00fc, hafif ve h\u0131zl\u0131 \u00e7al\u0131\u015fma Konfor Yeni yenilik\u00e7i kar\u0131\u015ft\u0131rma \u00e7ubu\u011fu tasar\u0131m\u0131 sayesinde s\u0131\u00e7ramas\u0131z \u00e7al\u0131\u015fma Emniyet G\u0131da ile temas eden t\u00fcm plastikler BPA i\u00e7ermez Bayonett kar\u0131\u015ft\u0131rma \u00e7ubu\u011funun yakalanmas\u0131 sayesinde emniyet kilidi \u00e7ok y\u00f6nl\u00fcl\u00fck \u00c7\u0131kar\u0131labilir, y\u00fcksek kaliteli paslanmaz \u00e7elik blender aya\u011f\u0131 \u00c7\u0131rp\u0131lm\u0131\u015f yumurta ak\u0131, \u00e7\u0131rp\u0131lm\u0131\u015f krema, s\u00fct k\u00f6p\u00fc\u011f\u00fc veya hafif hamurlar\u0131n haz\u0131rlanmas\u0131 i\u00e7in [&hellip;]<\/p>","protected":false},"featured_media":8959,"comment_status":"open","ping_status":"closed","template":"","meta":{"om_disable_all_campaigns":false,"_monsterinsights_skip_tracking":false,"_monsterinsights_sitenote_active":false,"_monsterinsights_sitenote_note":"","_monsterinsights_sitenote_category":0,"_joinchat":[]},"product_brand":[],"product_cat":[203],"product_tag":[],"class_list":{"0":"post-8957","1":"product","2":"type-product","3":"status-publish","4":"has-post-thumbnail","6":"product_cat-kucuk-ev-aletleri","7":"ts_product_brand-bosch","9":"first","10":"instock","11":"shipping-taxable","12":"product-type-simple","13":"add-to-wishlist-after_add_to_cart"},"aioseo_notices":[],"_links":{"self":[{"href":"https:\/\/cyprusbosch.com\/en\/wp-json\/wp\/v2\/product\/8957","targetHints":{"allow":["GET"]}}],"collection":[{"href":"https:\/\/cyprusbosch.com\/en\/wp-json\/wp\/v2\/product"}],"about":[{"href":"https:\/\/cyprusbosch.com\/en\/wp-json\/wp\/v2\/types\/product"}],"replies":[{"embeddable":true,"href":"https:\/\/cyprusbosch.com\/en\/wp-json\/wp\/v2\/comments?post=8957"}],"wp:featuredmedia":[{"embeddable":true,"href":"https:\/\/cyprusbosch.com\/en\/wp-json\/wp\/v2\/media\/8959"}],"wp:attachment":[{"href":"https:\/\/cyprusbosch.com\/en\/wp-json\/wp\/v2\/media?parent=8957"}],"wp:term":[{"taxonomy":"product_brand","embeddable":true,"href":"https:\/\/cyprusbosch.com\/en\/wp-json\/wp\/v2\/product_brand?post=8957"},{"taxonomy":"product_cat","embeddable":true,"href":"https:\/\/cyprusbosch.com\/en\/wp-json\/wp\/v2\/product_cat?post=8957"},{"taxonomy":"product_tag","embeddable":true,"href":"https:\/\/cyprusbosch.com\/en\/wp-json\/wp\/v2\/product_tag?post=8957"}],"curies":[{"name":"wp","href":"https:\/\/api.w.org\/{rel}","templated":true}]}}