{"id":8984,"date":"2025-03-15T10:11:13","date_gmt":"2025-03-15T10:11:13","guid":{"rendered":"https:\/\/cyprusbosch.com\/?post_type=product&#038;p=8984"},"modified":"2025-03-15T10:11:13","modified_gmt":"2025-03-15T10:11:13","slug":"ergomixx-1000-w-vakumlu-el-blenderi-siyah","status":"publish","type":"product","link":"https:\/\/cyprusbosch.com\/en\/product\/ergomixx-1000-w-vakumlu-el-blenderi-siyah\/","title":{"rendered":"ErgoMixx 1000 W Vakumlu El Blenderi Siyah"},"content":{"rendered":"<p><strong>Vakum aksesuarlar\u0131 ile g\u00fc\u00e7l\u00fc el blenderi. Her zaman tazeli\u011fin tad\u0131n\u0131 \u00e7\u0131kar\u0131n.<\/strong><\/p>\n<p>Vakum sistemi dahil: yiyecekleri daha uzun s\u00fcre taze tutun.<br \/>\n1000 watt: tariflerin ve malzemelerin haz\u0131rlanmas\u0131 i\u00e7in g\u00fc\u00e7l\u00fc bir Bosch motoru.<br \/>\nBosch QuattroBlade b\u0131\u00e7ak, malzemeleri keserken ve p\u00fcre haline al\u0131rken m\u00fckemmel sonu\u00e7lar sa\u011flar. AntiSplash fonksiyonu ile.<br \/>\nErgonomik ve basit kullan\u0131m: rahat ve s\u0131k\u0131 kavrama i\u00e7in yumu\u015fak kavramal\u0131 hafif g\u00f6vde.<br \/>\nDe\u011fi\u015fken h\u0131z: 12 konum ve turbo d\u00fc\u011fmesi. Tarifleriniz i\u00e7in her zaman do\u011fru h\u0131z.<\/p>\n<p><strong>Yiyecekleri daha uzun s\u00fcre taze tutun<\/strong><\/p>\n<p>Yeme\u011finizi daha uzun s\u00fcre taze tutun! Vakum pompas\u0131n\u0131 el blender\u2019\u0131na tak\u0131n ve art\u0131klar\u0131 saklay\u0131n veya yemek haz\u0131rlay\u0131n. Vakumlu saklama kutular\u0131 ve fermuar torbalar\u0131 sayesinde bu yiyecekler daha uzun s\u00fcre taze kal\u0131r.<\/p>","protected":false},"excerpt":{"rendered":"<p>Vakum aksesuarlar\u0131 ile g\u00fc\u00e7l\u00fc el blenderi. Her zaman tazeli\u011fin tad\u0131n\u0131 \u00e7\u0131kar\u0131n. Vakum sistemi dahil: yiyecekleri daha uzun s\u00fcre taze tutun. 1000 watt: tariflerin ve malzemelerin haz\u0131rlanmas\u0131 i\u00e7in g\u00fc\u00e7l\u00fc bir Bosch motoru. Bosch QuattroBlade b\u0131\u00e7ak, malzemeleri keserken ve p\u00fcre haline al\u0131rken m\u00fckemmel sonu\u00e7lar sa\u011flar. AntiSplash fonksiyonu ile. Ergonomik ve basit kullan\u0131m: rahat ve s\u0131k\u0131 kavrama i\u00e7in [&hellip;]<\/p>","protected":false},"featured_media":8987,"comment_status":"open","ping_status":"closed","template":"","meta":{"om_disable_all_campaigns":false,"_monsterinsights_skip_tracking":false,"_monsterinsights_sitenote_active":false,"_monsterinsights_sitenote_note":"","_monsterinsights_sitenote_category":0,"_joinchat":[]},"product_brand":[],"product_cat":[203],"product_tag":[],"class_list":{"0":"post-8984","1":"product","2":"type-product","3":"status-publish","4":"has-post-thumbnail","6":"product_cat-kucuk-ev-aletleri","7":"ts_product_brand-bosch","9":"first","10":"instock","11":"shipping-taxable","12":"product-type-simple","13":"add-to-wishlist-after_add_to_cart"},"aioseo_notices":[],"_links":{"self":[{"href":"https:\/\/cyprusbosch.com\/en\/wp-json\/wp\/v2\/product\/8984","targetHints":{"allow":["GET"]}}],"collection":[{"href":"https:\/\/cyprusbosch.com\/en\/wp-json\/wp\/v2\/product"}],"about":[{"href":"https:\/\/cyprusbosch.com\/en\/wp-json\/wp\/v2\/types\/product"}],"replies":[{"embeddable":true,"href":"https:\/\/cyprusbosch.com\/en\/wp-json\/wp\/v2\/comments?post=8984"}],"wp:featuredmedia":[{"embeddable":true,"href":"https:\/\/cyprusbosch.com\/en\/wp-json\/wp\/v2\/media\/8987"}],"wp:attachment":[{"href":"https:\/\/cyprusbosch.com\/en\/wp-json\/wp\/v2\/media?parent=8984"}],"wp:term":[{"taxonomy":"product_brand","embeddable":true,"href":"https:\/\/cyprusbosch.com\/en\/wp-json\/wp\/v2\/product_brand?post=8984"},{"taxonomy":"product_cat","embeddable":true,"href":"https:\/\/cyprusbosch.com\/en\/wp-json\/wp\/v2\/product_cat?post=8984"},{"taxonomy":"product_tag","embeddable":true,"href":"https:\/\/cyprusbosch.com\/en\/wp-json\/wp\/v2\/product_tag?post=8984"}],"curies":[{"name":"wp","href":"https:\/\/api.w.org\/{rel}","templated":true}]}}