{"id":9006,"date":"2025-03-15T10:18:33","date_gmt":"2025-03-15T10:18:33","guid":{"rendered":"https:\/\/cyprusbosch.com\/?post_type=product&#038;p=9006"},"modified":"2025-03-15T10:18:33","modified_gmt":"2025-03-15T10:18:33","slug":"el-blenderi-ergomixx-800-w-beyaz-antrasit","status":"publish","type":"product","link":"https:\/\/cyprusbosch.com\/en\/product\/el-blenderi-ergomixx-800-w-beyaz-antrasit\/","title":{"rendered":"El Blender\u0131 ErgoMixx 800 W Beyaz, Antrasit"},"content":{"rendered":"<p>\u00dcr\u00fcn \u00d6l\u00e7\u00fcleri (Y\u00fckseklik x Geni\u015flik x Derinlik): 393 x 55 x 62 mm<br \/>\nRenk: Beyaz<br \/>\nG\u00fc\u00e7: 800 W<br \/>\n10 y\u0131l motor garantisi: hay\u0131r<br \/>\nNet A\u011f\u0131rl\u0131k: 1,4 kg<br \/>\nAna malzeme: Plastik<br \/>\nMikser ayak malzemesi: Metal<br \/>\nElektrik kablosu uzunlu\u011fu: 140,0 cm<br \/>\nB\u0131\u00e7ak tasar\u0131m\u0131: 4 kanatl\u0131 b\u0131\u00e7ak<br \/>\nG\u0131da ile temas eden t\u00fcm plastikler BPA i\u00e7ermez: Evet<br \/>\nEntegre aksesuarlar: 2 x Kapak, 1 x Kar\u0131\u015ft\u0131rma\/\u00f6l\u00e7me kab\u0131, 1 x Kar\u0131\u015ft\u0131rma \u00e7ubu\u011fu, paslanmaz \u00e7elik, 1 x \u00c7\u0131rpma teli, 1 x \u00dcniversal doray\u0131c\u0131<\/p>","protected":false},"excerpt":{"rendered":"<p>\u00dcr\u00fcn \u00d6l\u00e7\u00fcleri (Y\u00fckseklik x Geni\u015flik x Derinlik): 393 x 55 x 62 mm Renk: Beyaz G\u00fc\u00e7: 800 W 10 y\u0131l motor garantisi: hay\u0131r Net A\u011f\u0131rl\u0131k: 1,4 kg Ana malzeme: Plastik Mikser ayak malzemesi: Metal Elektrik kablosu uzunlu\u011fu: 140,0 cm B\u0131\u00e7ak tasar\u0131m\u0131: 4 kanatl\u0131 b\u0131\u00e7ak G\u0131da ile temas eden t\u00fcm plastikler BPA i\u00e7ermez: Evet Entegre aksesuarlar: [&hellip;]<\/p>","protected":false},"featured_media":9012,"comment_status":"open","ping_status":"closed","template":"","meta":{"om_disable_all_campaigns":false,"_monsterinsights_skip_tracking":false,"_monsterinsights_sitenote_active":false,"_monsterinsights_sitenote_note":"","_monsterinsights_sitenote_category":0,"_joinchat":[]},"product_brand":[],"product_cat":[203],"product_tag":[],"class_list":{"0":"post-9006","1":"product","2":"type-product","3":"status-publish","4":"has-post-thumbnail","6":"product_cat-kucuk-ev-aletleri","7":"ts_product_brand-bosch","9":"first","10":"instock","11":"shipping-taxable","12":"product-type-simple","13":"add-to-wishlist-after_add_to_cart"},"aioseo_notices":[],"_links":{"self":[{"href":"https:\/\/cyprusbosch.com\/en\/wp-json\/wp\/v2\/product\/9006","targetHints":{"allow":["GET"]}}],"collection":[{"href":"https:\/\/cyprusbosch.com\/en\/wp-json\/wp\/v2\/product"}],"about":[{"href":"https:\/\/cyprusbosch.com\/en\/wp-json\/wp\/v2\/types\/product"}],"replies":[{"embeddable":true,"href":"https:\/\/cyprusbosch.com\/en\/wp-json\/wp\/v2\/comments?post=9006"}],"wp:featuredmedia":[{"embeddable":true,"href":"https:\/\/cyprusbosch.com\/en\/wp-json\/wp\/v2\/media\/9012"}],"wp:attachment":[{"href":"https:\/\/cyprusbosch.com\/en\/wp-json\/wp\/v2\/media?parent=9006"}],"wp:term":[{"taxonomy":"product_brand","embeddable":true,"href":"https:\/\/cyprusbosch.com\/en\/wp-json\/wp\/v2\/product_brand?post=9006"},{"taxonomy":"product_cat","embeddable":true,"href":"https:\/\/cyprusbosch.com\/en\/wp-json\/wp\/v2\/product_cat?post=9006"},{"taxonomy":"product_tag","embeddable":true,"href":"https:\/\/cyprusbosch.com\/en\/wp-json\/wp\/v2\/product_tag?post=9006"}],"curies":[{"name":"wp","href":"https:\/\/api.w.org\/{rel}","templated":true}]}}