{"id":9025,"date":"2025-03-15T10:24:07","date_gmt":"2025-03-15T10:24:07","guid":{"rendered":"https:\/\/cyprusbosch.com\/?post_type=product&#038;p=9025"},"modified":"2025-03-15T10:24:56","modified_gmt":"2025-03-15T10:24:56","slug":"chopper-yourcollection-400-w-beyaz-koyu-kirmizi","status":"publish","type":"product","link":"https:\/\/cyprusbosch.com\/en\/product\/chopper-yourcollection-400-w-beyaz-koyu-kirmizi\/","title":{"rendered":"Chopper YourCollection 400 W Beyaz, Koyu K\u0131rm\u0131z\u0131"},"content":{"rendered":"<p>\u00dcr\u00fcn \u00d6l\u00e7\u00fcleri: 250 x 195 x 195 mm<br \/>\nG\u00fc\u00e7: 400 W<br \/>\nKontrol \u015fekli: tu\u015f<br \/>\nH\u0131z art\u0131\u015f\u0131 say\u0131s\u0131: 1<br \/>\nRenk: Beyaz<br \/>\nG\u00f6vde Malzemeli: Plastik<br \/>\nKar\u0131\u015ft\u0131rma kab\u0131n\u0131n malzemesi: Plastik<br \/>\nB\u0131\u00e7ak tasar\u0131m\u0131: paslanmaz \u00e7elik<br \/>\nNet a\u011f\u0131rl\u0131k: 1,2 kg<br \/>\nElektrik kablosu uzunlu\u011fu: 120,0 cm<br \/>\nG\u0131da ile temas eden t\u00fcm plastikler BPA i\u00e7ermez: Hay\u0131r<br \/>\n\u00d6l\u00e7ekli kar\u0131\u015ft\u0131rma kab\u0131: Evet<br \/>\nIceproof kar\u0131\u015ft\u0131rma barda\u011f\u0131: hay\u0131r<br \/>\nTemizleme y\u00f6ntemi: bula\u015f. makinesinda zorunluluklar\u0131<\/p>","protected":false},"excerpt":{"rendered":"<p>\u00dcr\u00fcn \u00d6l\u00e7\u00fcleri: 250 x 195 x 195 mm G\u00fc\u00e7: 400 W Kontrol \u015fekli: tu\u015f H\u0131z art\u0131\u015f\u0131 say\u0131s\u0131: 1 Renk: Beyaz G\u00f6vde Malzemeli: Plastik Kar\u0131\u015ft\u0131rma kab\u0131n\u0131n malzemesi: Plastik B\u0131\u00e7ak tasar\u0131m\u0131: paslanmaz \u00e7elik Net a\u011f\u0131rl\u0131k: 1,2 kg Elektrik kablosu uzunlu\u011fu: 120,0 cm G\u0131da ile temas eden t\u00fcm plastikler BPA i\u00e7ermez: Hay\u0131r \u00d6l\u00e7ekli kar\u0131\u015ft\u0131rma kab\u0131: Evet Iceproof kar\u0131\u015ft\u0131rma [&hellip;]<\/p>","protected":false},"featured_media":9028,"comment_status":"open","ping_status":"closed","template":"","meta":{"om_disable_all_campaigns":false,"_monsterinsights_skip_tracking":false,"_monsterinsights_sitenote_active":false,"_monsterinsights_sitenote_note":"","_monsterinsights_sitenote_category":0,"_joinchat":[]},"product_brand":[],"product_cat":[203],"product_tag":[],"class_list":{"0":"post-9025","1":"product","2":"type-product","3":"status-publish","4":"has-post-thumbnail","6":"product_cat-kucuk-ev-aletleri","7":"ts_product_brand-bosch","9":"first","10":"instock","11":"shipping-taxable","12":"product-type-simple","13":"add-to-wishlist-after_add_to_cart"},"aioseo_notices":[],"_links":{"self":[{"href":"https:\/\/cyprusbosch.com\/en\/wp-json\/wp\/v2\/product\/9025","targetHints":{"allow":["GET"]}}],"collection":[{"href":"https:\/\/cyprusbosch.com\/en\/wp-json\/wp\/v2\/product"}],"about":[{"href":"https:\/\/cyprusbosch.com\/en\/wp-json\/wp\/v2\/types\/product"}],"replies":[{"embeddable":true,"href":"https:\/\/cyprusbosch.com\/en\/wp-json\/wp\/v2\/comments?post=9025"}],"wp:featuredmedia":[{"embeddable":true,"href":"https:\/\/cyprusbosch.com\/en\/wp-json\/wp\/v2\/media\/9028"}],"wp:attachment":[{"href":"https:\/\/cyprusbosch.com\/en\/wp-json\/wp\/v2\/media?parent=9025"}],"wp:term":[{"taxonomy":"product_brand","embeddable":true,"href":"https:\/\/cyprusbosch.com\/en\/wp-json\/wp\/v2\/product_brand?post=9025"},{"taxonomy":"product_cat","embeddable":true,"href":"https:\/\/cyprusbosch.com\/en\/wp-json\/wp\/v2\/product_cat?post=9025"},{"taxonomy":"product_tag","embeddable":true,"href":"https:\/\/cyprusbosch.com\/en\/wp-json\/wp\/v2\/product_tag?post=9025"}],"curies":[{"name":"wp","href":"https:\/\/api.w.org\/{rel}","templated":true}]}}