{"id":9046,"date":"2025-03-15T10:33:35","date_gmt":"2025-03-15T10:33:35","guid":{"rendered":"https:\/\/cyprusbosch.com\/?post_type=product&#038;p=9046"},"modified":"2025-03-15T10:33:35","modified_gmt":"2025-03-15T10:33:35","slug":"kiyma-makinesi-propower-2000-w-siyah-krom","status":"publish","type":"product","link":"https:\/\/cyprusbosch.com\/en\/product\/kiyma-makinesi-propower-2000-w-siyah-krom\/","title":{"rendered":"K\u0131yma Makinesi ProPower 2000 W Siyah, Krom"},"content":{"rendered":"<div class=\"css-dbs51r\">\n<div class=\"css-1g0qli5\" data-testid=\"item-0\"><strong><span class=\"css-wi2ych\" data-testid=\"feature-list-headline\">Serie: <\/span><\/strong>ProPower<\/div>\n<\/div>\n<div class=\"css-dbs51r\">\n<div class=\"css-1g0qli5\" data-testid=\"item-1\"><strong><span class=\"css-wi2ych\" data-testid=\"feature-list-headline\">Maksimum g\u00fc\u00e7: <\/span><\/strong>700 W<\/div>\n<\/div>\n<div class=\"css-dbs51r\">\n<div class=\"css-1g0qli5\" data-testid=\"item-2\"><span class=\"css-wi2ych\" data-testid=\"feature-list-headline\"><strong>Motor blo\u011fu g\u00fcc\u00fc:<\/strong> <\/span>2000 W<\/div>\n<\/div>\n<div class=\"css-dbs51r\">\n<div class=\"css-1g0qli5\" data-testid=\"item-3\"><strong><span class=\"css-wi2ych\" data-testid=\"feature-list-headline\">K\u0131yma \u00c7ekme Miktar\u0131 (Kg\/Dk): <\/span><\/strong>3.5 kg<\/div>\n<\/div>\n<div class=\"css-dbs51r\">\n<div class=\"css-1g0qli5\" data-testid=\"item-4\"><span class=\"css-wi2ych\" data-testid=\"feature-list-headline\"><strong>Disk Boyutu:<\/strong> <\/span>8 (b\u00fcy\u00fck)<\/div>\n<\/div>\n<div class=\"css-dbs51r\">\n<div class=\"css-1g0qli5\" data-testid=\"item-5\"><strong><span class=\"css-wi2ych\" data-testid=\"feature-list-headline\">Renk: <\/span><\/strong>Siyah<\/div>\n<\/div>\n<div class=\"css-dbs51r\">\n<div class=\"css-1g0qli5\" data-testid=\"item-6\"><strong><span class=\"css-wi2ych\" data-testid=\"feature-list-headline\">Ana malzeme: <\/span><\/strong>Plastik<\/div>\n<\/div>\n<div class=\"css-dbs51r\">\n<div class=\"css-1g0qli5\" data-testid=\"item-7\"><strong><span class=\"css-wi2ych\" data-testid=\"feature-list-headline\">\u00dcst A\u011f\u0131zl\u0131k Malzemesi: <\/span><\/strong>plastik<\/div>\n<\/div>\n<div class=\"css-dbs51r\">\n<div class=\"css-1g0qli5\" data-testid=\"item-8\"><span class=\"css-wi2ych\" data-testid=\"feature-list-headline\"><strong>\u00dcr\u00fcn \u00d6l\u00e7\u00fcleri (Y\u00fckseklik x Geni\u015flik x Derinlik):<\/strong> <\/span>254x199x295 mm<\/div>\n<\/div>\n<div class=\"css-dbs51r\">\n<div class=\"css-1g0qli5\" data-testid=\"item-9\"><strong><span class=\"css-wi2ych\" data-testid=\"feature-list-headline\">Net A\u011f\u0131rl\u0131k: <\/span><\/strong>6.1 kg<\/div>\n<\/div>\n<div class=\"css-oz3pyu\">\n<div class=\"css-1g0qli5\" data-testid=\"item-10\"><strong><span class=\"css-wi2ych\" data-testid=\"feature-list-headline\">Elektrik kablosu uzunlu\u011fu: <\/span><\/strong>100.0 cm<\/div>\n<\/div>\n<div class=\"css-1ihztx7\">\n<div class=\"css-1g0qli5\" data-testid=\"item-11\"><strong><span class=\"css-wi2ych\" data-testid=\"feature-list-headline\">Entegre aksesuarlar:<\/span><\/strong><\/p>\n<div class=\"css-1ibyzkn\" data-testid=\"feature-list-content\">1 x Doldurma yard\u0131m\u0131, 1 x Doldurma tepsisi, 1 x Bast\u0131rma par\u00e7as\u0131, 1 x Sucuk malzemesi bast\u0131rma parcas\u0131, 1 x Delikli disk seti 8 mm, 1 x Delikli disk seti 3 mm, 1 x Delikli disk seti 4,8 mm<\/div>\n<\/div>\n<\/div>","protected":false},"excerpt":{"rendered":"<p>Serie: ProPower Maksimum g\u00fc\u00e7: 700 W Motor blo\u011fu g\u00fcc\u00fc: 2000 W K\u0131yma \u00c7ekme Miktar\u0131 (Kg\/Dk): 3.5 kg Disk Boyutu: 8 (b\u00fcy\u00fck) Renk: Siyah Ana malzeme: Plastik \u00dcst A\u011f\u0131zl\u0131k Malzemesi: plastik \u00dcr\u00fcn \u00d6l\u00e7\u00fcleri (Y\u00fckseklik x Geni\u015flik x Derinlik): 254x199x295 mm Net A\u011f\u0131rl\u0131k: 6.1 kg Elektrik kablosu uzunlu\u011fu: 100.0 cm Entegre aksesuarlar: 1 x Doldurma yard\u0131m\u0131, 1 [&hellip;]<\/p>","protected":false},"featured_media":9047,"comment_status":"open","ping_status":"closed","template":"","meta":{"om_disable_all_campaigns":false,"_monsterinsights_skip_tracking":false,"_monsterinsights_sitenote_active":false,"_monsterinsights_sitenote_note":"","_monsterinsights_sitenote_category":0,"_joinchat":[]},"product_brand":[],"product_cat":[203],"product_tag":[],"class_list":{"0":"post-9046","1":"product","2":"type-product","3":"status-publish","4":"has-post-thumbnail","6":"product_cat-kucuk-ev-aletleri","7":"ts_product_brand-bosch","9":"first","10":"instock","11":"shipping-taxable","12":"product-type-simple","13":"add-to-wishlist-after_add_to_cart"},"aioseo_notices":[],"_links":{"self":[{"href":"https:\/\/cyprusbosch.com\/en\/wp-json\/wp\/v2\/product\/9046","targetHints":{"allow":["GET"]}}],"collection":[{"href":"https:\/\/cyprusbosch.com\/en\/wp-json\/wp\/v2\/product"}],"about":[{"href":"https:\/\/cyprusbosch.com\/en\/wp-json\/wp\/v2\/types\/product"}],"replies":[{"embeddable":true,"href":"https:\/\/cyprusbosch.com\/en\/wp-json\/wp\/v2\/comments?post=9046"}],"wp:featuredmedia":[{"embeddable":true,"href":"https:\/\/cyprusbosch.com\/en\/wp-json\/wp\/v2\/media\/9047"}],"wp:attachment":[{"href":"https:\/\/cyprusbosch.com\/en\/wp-json\/wp\/v2\/media?parent=9046"}],"wp:term":[{"taxonomy":"product_brand","embeddable":true,"href":"https:\/\/cyprusbosch.com\/en\/wp-json\/wp\/v2\/product_brand?post=9046"},{"taxonomy":"product_cat","embeddable":true,"href":"https:\/\/cyprusbosch.com\/en\/wp-json\/wp\/v2\/product_cat?post=9046"},{"taxonomy":"product_tag","embeddable":true,"href":"https:\/\/cyprusbosch.com\/en\/wp-json\/wp\/v2\/product_tag?post=9046"}],"curies":[{"name":"wp","href":"https:\/\/api.w.org\/{rel}","templated":true}]}}