{"id":9066,"date":"2025-03-15T14:08:12","date_gmt":"2025-03-15T14:08:12","guid":{"rendered":"https:\/\/cyprusbosch.com\/?post_type=product&#038;p=9066"},"modified":"2025-03-15T14:08:12","modified_gmt":"2025-03-15T14:08:12","slug":"serie-2-tam-otomatik-kahve-makinesi-verocafe-piyano-siyah-cikarilabilir-su-tanki","status":"publish","type":"product","link":"https:\/\/cyprusbosch.com\/en\/product\/serie-2-tam-otomatik-kahve-makinesi-verocafe-piyano-siyah-cikarilabilir-su-tanki\/","title":{"rendered":"Serie 2 | Tam Otomatik Kahve Makinesi VeroCafe Piyano siyah, \u00c7\u0131kar\u0131labilir su tank\u0131"},"content":{"rendered":"<div class=\"css-1g0qli5\" data-testid=\"technical-overview-item\">\n<div class=\"css-1follb1\"><span class=\"css-wi2ych\" tabindex=\"-1\">\u00dcr\u00fcn \u00d6l\u00e7\u00fcleri (Y\u00fckseklik x Geni\u015flik x Derinlik)<\/span><\/div>\n<div class=\"css-1ibyzkn\" tabindex=\"-1\">378x247x420 mm<\/div>\n<\/div>\n<div class=\"css-ru4x6c\"><\/div>\n<div class=\"css-1g0qli5\" data-testid=\"technical-overview-item\">\n<div class=\"css-1follb1\"><span class=\"css-wi2ych\" tabindex=\"-1\">Su Tank\u0131 Hacmi<\/span><\/div>\n<div class=\"css-1ibyzkn\" tabindex=\"-1\">1.4 litre<\/div>\n<\/div>\n<div class=\"css-1ks9ncx\"><\/div>\n<div class=\"css-1g0qli5\" data-testid=\"technical-overview-item\">\n<div class=\"css-1follb1\"><span class=\"css-wi2ych\" tabindex=\"-1\">Number bean container<\/span><\/div>\n<div class=\"css-1ibyzkn\" tabindex=\"-1\">1<\/div>\n<\/div>\n<div class=\"css-ru4x6c\"><\/div>\n<div class=\"css-1g0qli5\" data-testid=\"technical-overview-item\">\n<div class=\"css-1follb1\"><span class=\"css-wi2ych\" tabindex=\"-1\">Kahve \u00e7ekirde\u011fi hazne kapasitesi<\/span><\/div>\n<div class=\"css-1ibyzkn\" tabindex=\"-1\">250 g<\/div>\n<\/div>\n<div class=\"css-182snot\"><\/div>\n<div class=\"css-1g0qli5\" data-testid=\"technical-overview-item\">\n<div class=\"css-1follb1\"><span class=\"css-wi2ych\" tabindex=\"-1\">Bardak \u0131s\u0131t\u0131c\u0131<\/span><\/div>\n<div class=\"css-1ibyzkn\" tabindex=\"-1\">Hay\u0131r<\/div>\n<\/div>\n<div class=\"css-ru4x6c\"><\/div>\n<div class=\"css-1g0qli5\" data-testid=\"technical-overview-item\">\n<div class=\"css-1follb1\"><span class=\"css-wi2ych\" tabindex=\"-1\">S\u00fct sistemi<\/span><\/div>\n<div class=\"css-1ibyzkn\" tabindex=\"-1\">Bardakta\/fincanda s\u00fct\u00fc direkt olarak k\u00f6p\u00fcrtmeyi sa\u011flayan s\u00fct ba\u015fl\u0131\u011f\u0131<\/div>\n<\/div>\n<div class=\"css-1ks9ncx\"><\/div>\n<div class=\"css-1g0qli5\" data-testid=\"technical-overview-item\">\n<div class=\"css-1follb1\"><span class=\"css-wi2ych\" tabindex=\"-1\">Tek tu\u015fla haz\u0131rlanabilen i\u00e7ecek listesi<\/span><\/div>\n<div class=\"css-1ibyzkn\" tabindex=\"-1\">Latte Macchiato, Cappuccino<\/div>\n<\/div>\n<div class=\"css-ru4x6c\"><\/div>\n<div class=\"css-1g0qli5\" data-testid=\"technical-overview-item\">\n<div class=\"css-1follb1\"><span class=\"css-wi2ych\" tabindex=\"-1\">Home Connect<sup class=\"bsh-link css-rtarfz\" tabindex=\"0\" data-testid=\"link-to-footnotes\"><span class=\"css-1qiaq1w\"><span aria-hidden=\"true\">1<\/span><span class=\"css-kpdfa8\">Dipnot 1: Yar\u0131n\u0131 bug\u00fcnden ya\u015famak i\u00e7in ak\u0131ll\u0131 telefon ve tabletinizden Home Connect uygulamas\u0131n\u0131 indirmeniz yeterli. B\u00f6ylece diledi\u011finiz yerden herhangi bir ev aletinize ba\u011flanabilirsiniz.<\/span><\/span><\/sup><\/span><\/div>\n<div class=\"css-1ibyzkn\" tabindex=\"-1\">Mevcut de\u011fil<\/div>\n<\/div>","protected":false},"excerpt":{"rendered":"<p>\u00dcr\u00fcn \u00d6l\u00e7\u00fcleri (Y\u00fckseklik x Geni\u015flik x Derinlik) 378x247x420 mm Su Tank\u0131 Hacmi 1.4 litre Number bean container 1 Kahve \u00e7ekirde\u011fi hazne kapasitesi 250 g Bardak \u0131s\u0131t\u0131c\u0131 Hay\u0131r S\u00fct sistemi Bardakta\/fincanda s\u00fct\u00fc direkt olarak k\u00f6p\u00fcrtmeyi sa\u011flayan s\u00fct ba\u015fl\u0131\u011f\u0131 Tek tu\u015fla haz\u0131rlanabilen i\u00e7ecek listesi Latte Macchiato, Cappuccino Home Connect1Dipnot 1: Yar\u0131n\u0131 bug\u00fcnden ya\u015famak i\u00e7in ak\u0131ll\u0131 telefon ve [&hellip;]<\/p>","protected":false},"featured_media":9069,"comment_status":"open","ping_status":"closed","template":"","meta":{"om_disable_all_campaigns":false,"_monsterinsights_skip_tracking":false,"_monsterinsights_sitenote_active":false,"_monsterinsights_sitenote_note":"","_monsterinsights_sitenote_category":0,"_joinchat":[]},"product_brand":[],"product_cat":[203],"product_tag":[],"class_list":{"0":"post-9066","1":"product","2":"type-product","3":"status-publish","4":"has-post-thumbnail","6":"product_cat-kucuk-ev-aletleri","7":"ts_product_brand-bosch","9":"first","10":"instock","11":"shipping-taxable","12":"product-type-simple","13":"add-to-wishlist-after_add_to_cart"},"aioseo_notices":[],"_links":{"self":[{"href":"https:\/\/cyprusbosch.com\/en\/wp-json\/wp\/v2\/product\/9066","targetHints":{"allow":["GET"]}}],"collection":[{"href":"https:\/\/cyprusbosch.com\/en\/wp-json\/wp\/v2\/product"}],"about":[{"href":"https:\/\/cyprusbosch.com\/en\/wp-json\/wp\/v2\/types\/product"}],"replies":[{"embeddable":true,"href":"https:\/\/cyprusbosch.com\/en\/wp-json\/wp\/v2\/comments?post=9066"}],"wp:featuredmedia":[{"embeddable":true,"href":"https:\/\/cyprusbosch.com\/en\/wp-json\/wp\/v2\/media\/9069"}],"wp:attachment":[{"href":"https:\/\/cyprusbosch.com\/en\/wp-json\/wp\/v2\/media?parent=9066"}],"wp:term":[{"taxonomy":"product_brand","embeddable":true,"href":"https:\/\/cyprusbosch.com\/en\/wp-json\/wp\/v2\/product_brand?post=9066"},{"taxonomy":"product_cat","embeddable":true,"href":"https:\/\/cyprusbosch.com\/en\/wp-json\/wp\/v2\/product_cat?post=9066"},{"taxonomy":"product_tag","embeddable":true,"href":"https:\/\/cyprusbosch.com\/en\/wp-json\/wp\/v2\/product_tag?post=9066"}],"curies":[{"name":"wp","href":"https:\/\/api.w.org\/{rel}","templated":true}]}}