{"id":9072,"date":"2025-03-15T14:10:31","date_gmt":"2025-03-15T14:10:31","guid":{"rendered":"https:\/\/cyprusbosch.com\/?post_type=product&#038;p=9072"},"modified":"2025-03-15T14:10:31","modified_gmt":"2025-03-15T14:10:31","slug":"seri-2-tam-otomatik-kahve-makinesi-verocafe-diamond-titanyum-metalik-cikarilabilir-su-tanki","status":"publish","type":"product","link":"https:\/\/cyprusbosch.com\/en\/product\/seri-2-tam-otomatik-kahve-makinesi-verocafe-diamond-titanyum-metalik-cikarilabilir-su-tanki\/","title":{"rendered":"Seri 2 | Tam otomatik kahve makinesi VeroCafe Diamond titanyum metalik, \u00c7\u0131kar\u0131labilir su tank\u0131"},"content":{"rendered":"<p>Seri 2 Tam otomatik kahve makinesi VeroCafe Diamond titanyum metalik, \u00c7\u0131kar\u0131labilir su tank\u0131<\/p>","protected":false},"excerpt":{"rendered":"<p>Seri 2 Tam otomatik kahve makinesi VeroCafe Diamond titanyum metalik, \u00c7\u0131kar\u0131labilir su tank\u0131<\/p>","protected":false},"featured_media":9078,"comment_status":"open","ping_status":"closed","template":"","meta":{"om_disable_all_campaigns":false,"_monsterinsights_skip_tracking":false,"_monsterinsights_sitenote_active":false,"_monsterinsights_sitenote_note":"","_monsterinsights_sitenote_category":0,"_joinchat":[]},"product_brand":[],"product_cat":[203],"product_tag":[],"class_list":{"0":"post-9072","1":"product","2":"type-product","3":"status-publish","4":"has-post-thumbnail","6":"product_cat-kucuk-ev-aletleri","7":"ts_product_brand-bosch","9":"first","10":"instock","11":"shipping-taxable","12":"product-type-simple","13":"add-to-wishlist-after_add_to_cart"},"aioseo_notices":[],"_links":{"self":[{"href":"https:\/\/cyprusbosch.com\/en\/wp-json\/wp\/v2\/product\/9072","targetHints":{"allow":["GET"]}}],"collection":[{"href":"https:\/\/cyprusbosch.com\/en\/wp-json\/wp\/v2\/product"}],"about":[{"href":"https:\/\/cyprusbosch.com\/en\/wp-json\/wp\/v2\/types\/product"}],"replies":[{"embeddable":true,"href":"https:\/\/cyprusbosch.com\/en\/wp-json\/wp\/v2\/comments?post=9072"}],"wp:featuredmedia":[{"embeddable":true,"href":"https:\/\/cyprusbosch.com\/en\/wp-json\/wp\/v2\/media\/9078"}],"wp:attachment":[{"href":"https:\/\/cyprusbosch.com\/en\/wp-json\/wp\/v2\/media?parent=9072"}],"wp:term":[{"taxonomy":"product_brand","embeddable":true,"href":"https:\/\/cyprusbosch.com\/en\/wp-json\/wp\/v2\/product_brand?post=9072"},{"taxonomy":"product_cat","embeddable":true,"href":"https:\/\/cyprusbosch.com\/en\/wp-json\/wp\/v2\/product_cat?post=9072"},{"taxonomy":"product_tag","embeddable":true,"href":"https:\/\/cyprusbosch.com\/en\/wp-json\/wp\/v2\/product_tag?post=9072"}],"curies":[{"name":"wp","href":"https:\/\/api.w.org\/{rel}","templated":true}]}}