{"id":9081,"date":"2025-03-15T14:12:07","date_gmt":"2025-03-15T14:12:07","guid":{"rendered":"https:\/\/cyprusbosch.com\/?post_type=product&#038;p=9081"},"modified":"2025-03-15T14:12:07","modified_gmt":"2025-03-15T14:12:07","slug":"tam-otomatik-kahve-makinesi-vero-barista-400-siyah","status":"publish","type":"product","link":"https:\/\/cyprusbosch.com\/en\/product\/tam-otomatik-kahve-makinesi-vero-barista-400-siyah\/","title":{"rendered":"Tam Otomatik Kahve Makinesi Vero Barista 400 Siyah"},"content":{"rendered":"<p>Bir d\u00fc\u011fmeye dokunarak kahve \u00e7e\u015fitleri: Espresso, Espresso Macchiato, Kahve, Cappuccino, Latte Macchiato, Caffe Latte.<br \/>\n\u0130lave kahve spesiyaliteleri: Americano, Flat White.<br \/>\nAromaDouble Shot: \u0130ki \u00f6\u011f\u00fctme ve demleme i\u015flemi sayesinde daha az ac\u0131 ile ekstra g\u00fc\u00e7l\u00fc kahve<br \/>\nBrita su filtresi: Suyun kire\u00e7 i\u00e7eri\u011fini azalt\u0131r ve koku ve tad\u0131 etkileyen maddeleri filtreler<br \/>\nCoffeeComfort Display: Aromatik kahve ve s\u00fct spesiyaliteleri sadece sens\u00f6r alanlar\u0131na dokunarak se\u00e7ilebilir ve haz\u0131rlanabilir<br \/>\nS\u0131k Kullan\u0131lanlar: 2 adede kadar ki\u015fiselle\u015ftirilmi\u015f i\u00e7ecek tasarrufu yap\u0131n fincan boyutu 5 seviyeli ayarlanabilir<br \/>\nKahve \u00e7\u0131k\u0131\u015f\u0131 ve s\u00fct k\u00f6p\u00fcrt\u00fcc\u00fc y\u00fcksekli\u011fi ayarlanabilir: 14,1 cm\u2019ye kadar (maks.)<br \/>\nY\u00fcksek Latte Macchiato g\u00f6zl\u00fckleri alt\u0131na s\u0131\u011far Espresso, Kahve i\u00e7in iki fincan se\u00e7im se\u00e7ene\u011fi: \u0130ki barda\u011f\u0131 ayn\u0131 anda haz\u0131rlay\u0131n<br \/>\n\u00c7\u0131kar\u0131labilir 1,7 litre su haznesi Esnek s\u00fct \u00e7\u00f6zeltisi: S\u00fct kab\u0131n\u0131 ba\u011flamay\u0131 veya ba\u015fka bir kap, \u00f6rne\u011fin s\u00fct kutusu kullanmay\u0131 tercih ederseniz kendiniz karar verin.<br \/>\nCihaz\u0131n i\u00e7inde daima elinizin alt\u0131nda olan k\u0131sa kullan\u0131m k\u0131lavuzu<br \/>\nVerim Y\u00fcksek de\u011ferli seramik \u00f6\u011f\u00fctme \u00fcnitesi<br \/>\nCeramDrive Yenilik\u00e7i s\u00fct k\u00f6p\u00fcrt\u00fcc\u00fc sayesinde \u00f6zellikle ince g\u00f6zenekli s\u00fct k\u00f6p\u00fc\u011f\u00fc i\u00e7eren tek dokunu\u015fla kahve s\u00fct spesiyaliteleri<br \/>\nAyr\u0131 olarak sat\u0131lan i\u00e7eceklere ek olarak: s\u00fct k\u00f6p\u00fc\u011f\u00fc, \u0131l\u0131k s\u00fct, s\u0131cak su<br \/>\nAzalt\u0131lm\u0131\u015f \u0131s\u0131nma s\u00fcresi: en h\u0131zl\u0131 ilk fincan<br \/>\n15 bar bas\u0131n\u00e7l\u0131 su pompas\u0131<br \/>\n\u00c7ekilmi\u015f kahve i\u00e7in ayr\u0131 kap otomatik kapanma ile temizlik<br \/>\n\u00c7\u0131kar\u0131labilir demleme \u00fcnitesi: Akan su alt\u0131nda kolay ve hijyenik temizlik<br \/>\nA\u00e7\u0131ld\u0131\u011f\u0131nda veya kapat\u0131ld\u0131\u011f\u0131nda otomatik h\u0131zl\u0131 durulama program\u0131 buhar p\u00fcsk\u00fcrtme: Her i\u00e7ecekden sonra s\u00fct sisteminin tam otomatik buharl\u0131 temizli\u011fi<br \/>\nS\u00fct k\u00f6p\u00fcrt\u00fcc\u00fc \u00e7\u0131kar\u0131labilir ve bula\u015f\u0131k makinesinde y\u0131kanabilir<br \/>\nDamlama tepsisi ve kahve telvesi kab\u0131 \u00e7\u0131kar\u0131labilir ve bula\u015f\u0131k makinesinde y\u0131kanabilir<br \/>\nOtomatik temizleme ve kire\u00e7 \u00e7\u00f6zme program\u0131<br \/>\n\u00c7e\u015fitli Aroma koruma kapakl\u0131 kahve \u00e7ekirde\u011fi kab\u0131 (300 g hacim)<br \/>\nTa\u015flama inceli\u011fi ayarlanabilir (\u00e7ok seviyeli)<br \/>\nFarkl\u0131 ekran dilleri mevcuttur<br \/>\n\u00c7ocuk g\u00fcvenlik kilidi: \u0130stenmeyen demleme i\u015flemi m\u00fcmk\u00fcn de\u011fil<br \/>\nG\u00fc\u00e7 kablosu saklama b\u00f6lmesi (1 m)<br \/>\nVat miktar\u0131: 1500 W<br \/>\nAksesuarlar Birlikte verilen aksesuarlar: 1 x kep\u00e7e, 1 x s\u00fct borusu, 1 x test \u015feridi, 1 x s\u00fct k\u00f6p\u00fcrt\u00fcc\u00fc i\u00e7in ba\u011flant\u0131 hortumu<br \/>\nAyr\u0131 olarak sat\u0131lan aksesuarlar: temizleme tabletleri (TZ80001), kire\u00e7 \u00e7\u00f6z\u00fcc\u00fc tabletler (TZ80002), BRITA Intenza su filtresi (TZ70003), tam otomatik espresso makineleri (TZ80004), yal\u0131t\u0131lm\u0131\u015f s\u00fct kab\u0131 (TZ80009N) i\u00e7in bak\u0131m seti<\/p>","protected":false},"excerpt":{"rendered":"<p>Bir d\u00fc\u011fmeye dokunarak kahve \u00e7e\u015fitleri: Espresso, Espresso Macchiato, Kahve, Cappuccino, Latte Macchiato, Caffe Latte. \u0130lave kahve spesiyaliteleri: Americano, Flat White. AromaDouble Shot: \u0130ki \u00f6\u011f\u00fctme ve demleme i\u015flemi sayesinde daha az ac\u0131 ile ekstra g\u00fc\u00e7l\u00fc kahve Brita su filtresi: Suyun kire\u00e7 i\u00e7eri\u011fini azalt\u0131r ve koku ve tad\u0131 etkileyen maddeleri filtreler CoffeeComfort Display: Aromatik kahve ve s\u00fct [&hellip;]<\/p>","protected":false},"featured_media":9082,"comment_status":"open","ping_status":"closed","template":"","meta":{"om_disable_all_campaigns":false,"_monsterinsights_skip_tracking":false,"_monsterinsights_sitenote_active":false,"_monsterinsights_sitenote_note":"","_monsterinsights_sitenote_category":0,"_joinchat":[]},"product_brand":[],"product_cat":[203],"product_tag":[],"class_list":{"0":"post-9081","1":"product","2":"type-product","3":"status-publish","4":"has-post-thumbnail","6":"product_cat-kucuk-ev-aletleri","7":"ts_product_brand-bosch","9":"first","10":"instock","11":"shipping-taxable","12":"product-type-simple","13":"add-to-wishlist-after_add_to_cart"},"aioseo_notices":[],"_links":{"self":[{"href":"https:\/\/cyprusbosch.com\/en\/wp-json\/wp\/v2\/product\/9081","targetHints":{"allow":["GET"]}}],"collection":[{"href":"https:\/\/cyprusbosch.com\/en\/wp-json\/wp\/v2\/product"}],"about":[{"href":"https:\/\/cyprusbosch.com\/en\/wp-json\/wp\/v2\/types\/product"}],"replies":[{"embeddable":true,"href":"https:\/\/cyprusbosch.com\/en\/wp-json\/wp\/v2\/comments?post=9081"}],"wp:featuredmedia":[{"embeddable":true,"href":"https:\/\/cyprusbosch.com\/en\/wp-json\/wp\/v2\/media\/9082"}],"wp:attachment":[{"href":"https:\/\/cyprusbosch.com\/en\/wp-json\/wp\/v2\/media?parent=9081"}],"wp:term":[{"taxonomy":"product_brand","embeddable":true,"href":"https:\/\/cyprusbosch.com\/en\/wp-json\/wp\/v2\/product_brand?post=9081"},{"taxonomy":"product_cat","embeddable":true,"href":"https:\/\/cyprusbosch.com\/en\/wp-json\/wp\/v2\/product_cat?post=9081"},{"taxonomy":"product_tag","embeddable":true,"href":"https:\/\/cyprusbosch.com\/en\/wp-json\/wp\/v2\/product_tag?post=9081"}],"curies":[{"name":"wp","href":"https:\/\/api.w.org\/{rel}","templated":true}]}}