{"id":9092,"date":"2025-03-15T14:16:10","date_gmt":"2025-03-15T14:16:10","guid":{"rendered":"https:\/\/cyprusbosch.com\/?post_type=product&#038;p=9092"},"modified":"2025-03-15T14:16:10","modified_gmt":"2025-03-15T14:16:10","slug":"tost-makinesi-kirmizi-2000w","status":"publish","type":"product","link":"https:\/\/cyprusbosch.com\/en\/product\/tost-makinesi-kirmizi-2000w\/","title":{"rendered":"Tost Makinesi K\u0131rm\u0131z\u0131 2000W"},"content":{"rendered":"<p>\u00dcr\u00fcn \u00d6l\u00e7\u00fcleri (Y\u00fckseklik x Geni\u015flik x Derinlik): 115 x 400 x 330 mm<br \/>\nInverter Kompres\u00f6r: kontak grill<br \/>\nRenk: K\u0131rm\u0131z\u0131<br \/>\nAna malzeme: lake edilmi\u015f \u00e7elik<br \/>\nG\u00fc\u00e7: 2.000 W<br \/>\nElektrik kablosu uzunlu\u011fu: 120,0 cm<br \/>\nKullanma \u015fekli: ayr\u0131 kontrol lambalar\u0131<br \/>\nIs\u0131tma \u015fekli: a\u00e7\u0131k \u0131s\u0131tma bobini<br \/>\nIzgara teli\/-plakas\u0131n\u0131n malzemesi: preslenmi\u015f al\u00fcminyum<br \/>\nY\u00fczey kaplamas\u0131: Evet<br \/>\nkablo yuvas\u0131: kablo yuvas\u0131 yok<br \/>\nNet A\u011f\u0131rl\u0131k: 3,7 kg<br \/>\nKonfor:Izgara plakalar\u0131, 2 metal plaka<br \/>\nIzgara alan\u0131: 328 x 238 mm<br \/>\nSu toplama haznesi: \u00e7\u0131kar\u0131labilir, evet, plastik<\/p>","protected":false},"excerpt":{"rendered":"<p>\u00dcr\u00fcn \u00d6l\u00e7\u00fcleri (Y\u00fckseklik x Geni\u015flik x Derinlik): 115 x 400 x 330 mm Inverter Kompres\u00f6r: kontak grill Renk: K\u0131rm\u0131z\u0131 Ana malzeme: lake edilmi\u015f \u00e7elik G\u00fc\u00e7: 2.000 W Elektrik kablosu uzunlu\u011fu: 120,0 cm Kullanma \u015fekli: ayr\u0131 kontrol lambalar\u0131 Is\u0131tma \u015fekli: a\u00e7\u0131k \u0131s\u0131tma bobini Izgara teli\/-plakas\u0131n\u0131n malzemesi: preslenmi\u015f al\u00fcminyum Y\u00fczey kaplamas\u0131: Evet kablo yuvas\u0131: kablo yuvas\u0131 yok [&hellip;]<\/p>","protected":false},"featured_media":9093,"comment_status":"open","ping_status":"closed","template":"","meta":{"om_disable_all_campaigns":false,"_monsterinsights_skip_tracking":false,"_monsterinsights_sitenote_active":false,"_monsterinsights_sitenote_note":"","_monsterinsights_sitenote_category":0,"_joinchat":[]},"product_brand":[],"product_cat":[203],"product_tag":[],"class_list":{"0":"post-9092","1":"product","2":"type-product","3":"status-publish","4":"has-post-thumbnail","6":"product_cat-kucuk-ev-aletleri","7":"ts_product_brand-bosch","9":"first","10":"instock","11":"shipping-taxable","12":"product-type-simple","13":"add-to-wishlist-after_add_to_cart"},"aioseo_notices":[],"_links":{"self":[{"href":"https:\/\/cyprusbosch.com\/en\/wp-json\/wp\/v2\/product\/9092","targetHints":{"allow":["GET"]}}],"collection":[{"href":"https:\/\/cyprusbosch.com\/en\/wp-json\/wp\/v2\/product"}],"about":[{"href":"https:\/\/cyprusbosch.com\/en\/wp-json\/wp\/v2\/types\/product"}],"replies":[{"embeddable":true,"href":"https:\/\/cyprusbosch.com\/en\/wp-json\/wp\/v2\/comments?post=9092"}],"wp:featuredmedia":[{"embeddable":true,"href":"https:\/\/cyprusbosch.com\/en\/wp-json\/wp\/v2\/media\/9093"}],"wp:attachment":[{"href":"https:\/\/cyprusbosch.com\/en\/wp-json\/wp\/v2\/media?parent=9092"}],"wp:term":[{"taxonomy":"product_brand","embeddable":true,"href":"https:\/\/cyprusbosch.com\/en\/wp-json\/wp\/v2\/product_brand?post=9092"},{"taxonomy":"product_cat","embeddable":true,"href":"https:\/\/cyprusbosch.com\/en\/wp-json\/wp\/v2\/product_cat?post=9092"},{"taxonomy":"product_tag","embeddable":true,"href":"https:\/\/cyprusbosch.com\/en\/wp-json\/wp\/v2\/product_tag?post=9092"}],"curies":[{"name":"wp","href":"https:\/\/api.w.org\/{rel}","templated":true}]}}