{"id":9100,"date":"2025-03-15T14:17:55","date_gmt":"2025-03-15T14:17:55","guid":{"rendered":"https:\/\/cyprusbosch.com\/?post_type=product&#038;p=9100"},"modified":"2025-03-15T14:17:55","modified_gmt":"2025-03-15T14:17:55","slug":"tost-makinesi-gumus-2000w","status":"publish","type":"product","link":"https:\/\/cyprusbosch.com\/en\/product\/tost-makinesi-gumus-2000w\/","title":{"rendered":"Tost Makinesi G\u00fcm\u00fc\u015f 2000w"},"content":{"rendered":"<p>\u00dcr\u00fcn \u00d6l\u00e7\u00fcleri: 115 x 400 x 330 mm<br \/>\nIzgara alan\u0131: 328 x 238 mm<br \/>\nIzgara plakalar\u0131: 2 metal plaka<br \/>\nG\u00f6vde Materyali: lake edilmi\u015f \u00e7elik<br \/>\nIzgara teli\/-plakas\u0131n\u0131n malzemesi: preslenmi\u015f al\u00fcminyum<br \/>\nElektrik kablosu uzunlu\u011fu: 120,0 cm<br \/>\nS\u0131cakl\u0131k ayar\u0131: 5<br \/>\nCihaz emniyeti: Is\u0131 koruma<br \/>\nG\u00fc\u00e7: 2000 Watt<\/p>","protected":false},"excerpt":{"rendered":"<p>\u00dcr\u00fcn \u00d6l\u00e7\u00fcleri: 115 x 400 x 330 mm Izgara alan\u0131: 328 x 238 mm Izgara plakalar\u0131: 2 metal plaka G\u00f6vde Materyali: lake edilmi\u015f \u00e7elik Izgara teli\/-plakas\u0131n\u0131n malzemesi: preslenmi\u015f al\u00fcminyum Elektrik kablosu uzunlu\u011fu: 120,0 cm S\u0131cakl\u0131k ayar\u0131: 5 Cihaz emniyeti: Is\u0131 koruma G\u00fc\u00e7: 2000 Watt<\/p>","protected":false},"featured_media":9101,"comment_status":"open","ping_status":"closed","template":"","meta":{"om_disable_all_campaigns":false,"_monsterinsights_skip_tracking":false,"_monsterinsights_sitenote_active":false,"_monsterinsights_sitenote_note":"","_monsterinsights_sitenote_category":0,"_joinchat":[]},"product_brand":[],"product_cat":[203],"product_tag":[],"class_list":{"0":"post-9100","1":"product","2":"type-product","3":"status-publish","4":"has-post-thumbnail","6":"product_cat-kucuk-ev-aletleri","7":"ts_product_brand-bosch","9":"first","10":"instock","11":"shipping-taxable","12":"product-type-simple","13":"add-to-wishlist-after_add_to_cart"},"aioseo_notices":[],"_links":{"self":[{"href":"https:\/\/cyprusbosch.com\/en\/wp-json\/wp\/v2\/product\/9100","targetHints":{"allow":["GET"]}}],"collection":[{"href":"https:\/\/cyprusbosch.com\/en\/wp-json\/wp\/v2\/product"}],"about":[{"href":"https:\/\/cyprusbosch.com\/en\/wp-json\/wp\/v2\/types\/product"}],"replies":[{"embeddable":true,"href":"https:\/\/cyprusbosch.com\/en\/wp-json\/wp\/v2\/comments?post=9100"}],"wp:featuredmedia":[{"embeddable":true,"href":"https:\/\/cyprusbosch.com\/en\/wp-json\/wp\/v2\/media\/9101"}],"wp:attachment":[{"href":"https:\/\/cyprusbosch.com\/en\/wp-json\/wp\/v2\/media?parent=9100"}],"wp:term":[{"taxonomy":"product_brand","embeddable":true,"href":"https:\/\/cyprusbosch.com\/en\/wp-json\/wp\/v2\/product_brand?post=9100"},{"taxonomy":"product_cat","embeddable":true,"href":"https:\/\/cyprusbosch.com\/en\/wp-json\/wp\/v2\/product_cat?post=9100"},{"taxonomy":"product_tag","embeddable":true,"href":"https:\/\/cyprusbosch.com\/en\/wp-json\/wp\/v2\/product_tag?post=9100"}],"curies":[{"name":"wp","href":"https:\/\/api.w.org\/{rel}","templated":true}]}}