{"id":9107,"date":"2025-03-15T14:19:58","date_gmt":"2025-03-15T14:19:58","guid":{"rendered":"https:\/\/cyprusbosch.com\/?post_type=product&#038;p=9107"},"modified":"2025-03-15T14:20:06","modified_gmt":"2025-03-15T14:20:06","slug":"tost-makinesi-siyah","status":"publish","type":"product","link":"https:\/\/cyprusbosch.com\/en\/product\/tost-makinesi-siyah\/","title":{"rendered":"Tost Makinesi Siyah"},"content":{"rendered":"<div class=\"css-1g0qli5\" data-testid=\"technical-overview-item\">\n<div class=\"css-1follb1\"><span class=\"css-wi2ych\" tabindex=\"-1\">\u00dcr\u00fcn \u00d6l\u00e7\u00fcleri (Y\u00fckseklik x Geni\u015flik x Derinlik)<\/span><\/div>\n<div class=\"css-1ibyzkn\" tabindex=\"-1\">133x399x325 mm<\/div>\n<\/div>\n<div class=\"css-ru4x6c\"><\/div>\n<div class=\"css-1g0qli5\" data-testid=\"technical-overview-item\">\n<div class=\"css-1follb1\"><span class=\"css-wi2ych\" tabindex=\"-1\">Izgara alan\u0131<\/span><\/div>\n<div class=\"css-1ibyzkn\" tabindex=\"-1\">310 x 220 mm<\/div>\n<\/div>\n<div class=\"css-1ks9ncx\"><\/div>\n<div class=\"css-1g0qli5\" data-testid=\"technical-overview-item\">\n<div class=\"css-1follb1\"><span class=\"css-wi2ych\" tabindex=\"-1\">Izgara plakalar\u0131<\/span><\/div>\n<div class=\"css-1ibyzkn\" tabindex=\"-1\">Ayr\u0131labilir<\/div>\n<\/div>\n<div class=\"css-ru4x6c\"><\/div>\n<div class=\"css-1g0qli5\" data-testid=\"technical-overview-item\">\n<div class=\"css-1follb1\"><span class=\"css-wi2ych\" tabindex=\"-1\">Ana malzeme<\/span><\/div>\n<div class=\"css-1ibyzkn\" tabindex=\"-1\">Boyal\u0131 \u00e7elik<\/div>\n<\/div>\n<div class=\"css-182snot\"><\/div>\n<div class=\"css-1g0qli5\" data-testid=\"technical-overview-item\">\n<div class=\"css-1follb1\"><span class=\"css-wi2ych\" tabindex=\"-1\">Izgara telinin\/plakas\u0131n\u0131n malzemesi<\/span><\/div>\n<div class=\"css-1ibyzkn\" tabindex=\"-1\">Preslenmi\u015f al\u00fcminyum<\/div>\n<\/div>\n<div class=\"css-ru4x6c\"><\/div>\n<div class=\"css-1g0qli5\" data-testid=\"technical-overview-item\">\n<div class=\"css-1follb1\"><span class=\"css-wi2ych\" tabindex=\"-1\">Elektrik kablosu uzunlu\u011fu<\/span><\/div>\n<div class=\"css-1ibyzkn\" tabindex=\"-1\">90.0 cm<\/div>\n<\/div>\n<div class=\"css-1ks9ncx\"><\/div>\n<div class=\"css-1g0qli5\" data-testid=\"technical-overview-item\">\n<div class=\"css-1follb1\"><span class=\"css-wi2ych\" tabindex=\"-1\">S\u0131cakl\u0131k ayar\u0131<\/span><\/div>\n<div class=\"css-1ibyzkn\" tabindex=\"-1\">Kademesiz ayar<\/div>\n<\/div>\n<div class=\"css-ru4x6c\"><\/div>\n<div class=\"css-1g0qli5\" data-testid=\"technical-overview-item\">\n<div class=\"css-1follb1\"><span class=\"css-wi2ych\" tabindex=\"-1\">G\u00fcvenlik donan\u0131m\u0131<\/span><\/div>\n<div class=\"css-1ibyzkn\" tabindex=\"-1\">Is\u0131 koruma<\/div>\n<\/div>","protected":false},"excerpt":{"rendered":"<p>\u00dcr\u00fcn \u00d6l\u00e7\u00fcleri (Y\u00fckseklik x Geni\u015flik x Derinlik) 133x399x325 mm Izgara alan\u0131 310 x 220 mm Izgara plakalar\u0131 Ayr\u0131labilir Ana malzeme Boyal\u0131 \u00e7elik Izgara telinin\/plakas\u0131n\u0131n malzemesi Preslenmi\u015f al\u00fcminyum Elektrik kablosu uzunlu\u011fu 90.0 cm S\u0131cakl\u0131k ayar\u0131 Kademesiz ayar G\u00fcvenlik donan\u0131m\u0131 Is\u0131 koruma<\/p>","protected":false},"featured_media":9108,"comment_status":"open","ping_status":"closed","template":"","meta":{"om_disable_all_campaigns":false,"_monsterinsights_skip_tracking":false,"_monsterinsights_sitenote_active":false,"_monsterinsights_sitenote_note":"","_monsterinsights_sitenote_category":0,"_joinchat":[]},"product_brand":[],"product_cat":[203],"product_tag":[],"class_list":{"0":"post-9107","1":"product","2":"type-product","3":"status-publish","4":"has-post-thumbnail","6":"product_cat-kucuk-ev-aletleri","7":"ts_product_brand-bosch","9":"first","10":"instock","11":"shipping-taxable","12":"product-type-simple","13":"add-to-wishlist-after_add_to_cart"},"aioseo_notices":[],"_links":{"self":[{"href":"https:\/\/cyprusbosch.com\/en\/wp-json\/wp\/v2\/product\/9107","targetHints":{"allow":["GET"]}}],"collection":[{"href":"https:\/\/cyprusbosch.com\/en\/wp-json\/wp\/v2\/product"}],"about":[{"href":"https:\/\/cyprusbosch.com\/en\/wp-json\/wp\/v2\/types\/product"}],"replies":[{"embeddable":true,"href":"https:\/\/cyprusbosch.com\/en\/wp-json\/wp\/v2\/comments?post=9107"}],"wp:featuredmedia":[{"embeddable":true,"href":"https:\/\/cyprusbosch.com\/en\/wp-json\/wp\/v2\/media\/9108"}],"wp:attachment":[{"href":"https:\/\/cyprusbosch.com\/en\/wp-json\/wp\/v2\/media?parent=9107"}],"wp:term":[{"taxonomy":"product_brand","embeddable":true,"href":"https:\/\/cyprusbosch.com\/en\/wp-json\/wp\/v2\/product_brand?post=9107"},{"taxonomy":"product_cat","embeddable":true,"href":"https:\/\/cyprusbosch.com\/en\/wp-json\/wp\/v2\/product_cat?post=9107"},{"taxonomy":"product_tag","embeddable":true,"href":"https:\/\/cyprusbosch.com\/en\/wp-json\/wp\/v2\/product_tag?post=9107"}],"curies":[{"name":"wp","href":"https:\/\/api.w.org\/{rel}","templated":true}]}}