{"id":9115,"date":"2025-03-15T14:22:18","date_gmt":"2025-03-15T14:22:18","guid":{"rendered":"https:\/\/cyprusbosch.com\/?post_type=product&#038;p=9115"},"modified":"2025-03-15T14:23:30","modified_gmt":"2025-03-15T14:23:30","slug":"long-slot-ekmek-kizartma-makinesi-comfortline-kirmizi","status":"publish","type":"product","link":"https:\/\/cyprusbosch.com\/en\/product\/long-slot-ekmek-kizartma-makinesi-comfortline-kirmizi\/","title":{"rendered":"Long Slot Ekmek K\u0131zartma Makinesi ComfortLine K\u0131rm\u0131z\u0131"},"content":{"rendered":"<p>\u00dcr\u00fcn \u00d6l\u00e7\u00fcleri: 188 x 431 x 126 mm<br \/>\nRenk: K\u0131rm\u0131z\u0131<br \/>\nG\u00f6vde Materyali: Plastik<br \/>\nYar\u0131k adedi: 1 No.<br \/>\nDilim adedi: 2 No.<br \/>\nK\u0131zartma derecesi: kademesiz d\u00f6ner kumanda<br \/>\nK\u0131zartma ray\u0131: Entegre edilmi\u015f<br \/>\nG\u00fc\u00e7: 915-1090 Watt<\/p>","protected":false},"excerpt":{"rendered":"<p>\u00dcr\u00fcn \u00d6l\u00e7\u00fcleri: 188 x 431 x 126 mm Renk: K\u0131rm\u0131z\u0131 G\u00f6vde Materyali: Plastik Yar\u0131k adedi: 1 No. Dilim adedi: 2 No. K\u0131zartma derecesi: kademesiz d\u00f6ner kumanda K\u0131zartma ray\u0131: Entegre edilmi\u015f G\u00fc\u00e7: 915-1090 Watt<\/p>","protected":false},"featured_media":9118,"comment_status":"open","ping_status":"closed","template":"","meta":{"om_disable_all_campaigns":false,"_monsterinsights_skip_tracking":false,"_monsterinsights_sitenote_active":false,"_monsterinsights_sitenote_note":"","_monsterinsights_sitenote_category":0,"_joinchat":[]},"product_brand":[],"product_cat":[203],"product_tag":[],"class_list":{"0":"post-9115","1":"product","2":"type-product","3":"status-publish","4":"has-post-thumbnail","6":"product_cat-kucuk-ev-aletleri","7":"ts_product_brand-bosch","9":"first","10":"instock","11":"shipping-taxable","12":"product-type-simple","13":"add-to-wishlist-after_add_to_cart"},"aioseo_notices":[],"_links":{"self":[{"href":"https:\/\/cyprusbosch.com\/en\/wp-json\/wp\/v2\/product\/9115","targetHints":{"allow":["GET"]}}],"collection":[{"href":"https:\/\/cyprusbosch.com\/en\/wp-json\/wp\/v2\/product"}],"about":[{"href":"https:\/\/cyprusbosch.com\/en\/wp-json\/wp\/v2\/types\/product"}],"replies":[{"embeddable":true,"href":"https:\/\/cyprusbosch.com\/en\/wp-json\/wp\/v2\/comments?post=9115"}],"wp:featuredmedia":[{"embeddable":true,"href":"https:\/\/cyprusbosch.com\/en\/wp-json\/wp\/v2\/media\/9118"}],"wp:attachment":[{"href":"https:\/\/cyprusbosch.com\/en\/wp-json\/wp\/v2\/media?parent=9115"}],"wp:term":[{"taxonomy":"product_brand","embeddable":true,"href":"https:\/\/cyprusbosch.com\/en\/wp-json\/wp\/v2\/product_brand?post=9115"},{"taxonomy":"product_cat","embeddable":true,"href":"https:\/\/cyprusbosch.com\/en\/wp-json\/wp\/v2\/product_cat?post=9115"},{"taxonomy":"product_tag","embeddable":true,"href":"https:\/\/cyprusbosch.com\/en\/wp-json\/wp\/v2\/product_tag?post=9115"}],"curies":[{"name":"wp","href":"https:\/\/api.w.org\/{rel}","templated":true}]}}