{"id":9123,"date":"2025-03-15T14:25:44","date_gmt":"2025-03-15T14:25:44","guid":{"rendered":"https:\/\/cyprusbosch.com\/?post_type=product&#038;p=9123"},"modified":"2025-03-15T14:25:52","modified_gmt":"2025-03-15T14:25:52","slug":"kompakt-ekmek-kizartma-makinesi-designline-grafit","status":"publish","type":"product","link":"https:\/\/cyprusbosch.com\/en\/product\/kompakt-ekmek-kizartma-makinesi-designline-grafit\/","title":{"rendered":"Kompakt ekmek k\u0131zartma Makinesi DesignLine Grafit"},"content":{"rendered":"<p>Boyutlar: 195 x 300 x 170 mm<br \/>\n\u00dcr\u00fcn kategorisi: DesignLine<br \/>\nBa\u011flant\u0131 derecesi: 970 W<br \/>\nElektrik besleme kablosunun uzunlu\u011fu: 90,0 cm<br \/>\nK\u00fc\u00e7\u00fck dilimlerin kolayca \u00e7\u0131kar\u0131lmas\u0131 i\u00e7in y\u00fcksek kald\u0131rma: Evet<br \/>\nEntegre ekmek rulosu \u0131s\u0131t\u0131c\u0131s\u0131: Evet<br \/>\nK\u0131r\u0131nt\u0131 \u00e7ekmecesi: Evet<br \/>\nYeniden k\u0131zartma fonksiyonu: Evet<br \/>\nKal\u0131n ve ince i\u015flevi: Hay\u0131r<br \/>\nIs\u0131 koruma muhafazas\u0131: Hay\u0131r<br \/>\nAyr\u0131 durdurma d\u00fc\u011fmesi: Evet<br \/>\nOtomatik Kapanma: Evet<\/p>","protected":false},"excerpt":{"rendered":"<p>Boyutlar: 195 x 300 x 170 mm \u00dcr\u00fcn kategorisi: DesignLine Ba\u011flant\u0131 derecesi: 970 W Elektrik besleme kablosunun uzunlu\u011fu: 90,0 cm K\u00fc\u00e7\u00fck dilimlerin kolayca \u00e7\u0131kar\u0131lmas\u0131 i\u00e7in y\u00fcksek kald\u0131rma: Evet Entegre ekmek rulosu \u0131s\u0131t\u0131c\u0131s\u0131: Evet K\u0131r\u0131nt\u0131 \u00e7ekmecesi: Evet Yeniden k\u0131zartma fonksiyonu: Evet Kal\u0131n ve ince i\u015flevi: Hay\u0131r Is\u0131 koruma muhafazas\u0131: Hay\u0131r Ayr\u0131 durdurma d\u00fc\u011fmesi: Evet Otomatik Kapanma: [&hellip;]<\/p>","protected":false},"featured_media":9125,"comment_status":"open","ping_status":"closed","template":"","meta":{"om_disable_all_campaigns":false,"_monsterinsights_skip_tracking":false,"_monsterinsights_sitenote_active":false,"_monsterinsights_sitenote_note":"","_monsterinsights_sitenote_category":0,"_joinchat":[]},"product_brand":[],"product_cat":[203],"product_tag":[],"class_list":{"0":"post-9123","1":"product","2":"type-product","3":"status-publish","4":"has-post-thumbnail","6":"product_cat-kucuk-ev-aletleri","7":"ts_product_brand-bosch","9":"first","10":"instock","11":"shipping-taxable","12":"product-type-simple","13":"add-to-wishlist-after_add_to_cart"},"aioseo_notices":[],"_links":{"self":[{"href":"https:\/\/cyprusbosch.com\/en\/wp-json\/wp\/v2\/product\/9123","targetHints":{"allow":["GET"]}}],"collection":[{"href":"https:\/\/cyprusbosch.com\/en\/wp-json\/wp\/v2\/product"}],"about":[{"href":"https:\/\/cyprusbosch.com\/en\/wp-json\/wp\/v2\/types\/product"}],"replies":[{"embeddable":true,"href":"https:\/\/cyprusbosch.com\/en\/wp-json\/wp\/v2\/comments?post=9123"}],"wp:featuredmedia":[{"embeddable":true,"href":"https:\/\/cyprusbosch.com\/en\/wp-json\/wp\/v2\/media\/9125"}],"wp:attachment":[{"href":"https:\/\/cyprusbosch.com\/en\/wp-json\/wp\/v2\/media?parent=9123"}],"wp:term":[{"taxonomy":"product_brand","embeddable":true,"href":"https:\/\/cyprusbosch.com\/en\/wp-json\/wp\/v2\/product_brand?post=9123"},{"taxonomy":"product_cat","embeddable":true,"href":"https:\/\/cyprusbosch.com\/en\/wp-json\/wp\/v2\/product_cat?post=9123"},{"taxonomy":"product_tag","embeddable":true,"href":"https:\/\/cyprusbosch.com\/en\/wp-json\/wp\/v2\/product_tag?post=9123"}],"curies":[{"name":"wp","href":"https:\/\/api.w.org\/{rel}","templated":true}]}}