{"id":9131,"date":"2025-03-15T14:27:54","date_gmt":"2025-03-15T14:27:54","guid":{"rendered":"https:\/\/cyprusbosch.com\/?post_type=product&#038;p=9131"},"modified":"2025-03-15T14:29:05","modified_gmt":"2025-03-15T14:29:05","slug":"ekmek-kizartma-makinesi-siyah-cift-bolme","status":"publish","type":"product","link":"https:\/\/cyprusbosch.com\/en\/product\/ekmek-kizartma-makinesi-siyah-cift-bolme\/","title":{"rendered":"Ekmek k\u0131zartma makinesi Siyah \u00c7ift B\u00f6lme"},"content":{"rendered":"<p>Boyutlar: 190 x 310 x 160 mm<br \/>\nYuva say\u0131s\u0131: 2<br \/>\nDilim say\u0131s\u0131: 2<\/p>","protected":false},"excerpt":{"rendered":"<p>Boyutlar: 190 x 310 x 160 mm Yuva say\u0131s\u0131: 2 Dilim say\u0131s\u0131: 2<\/p>","protected":false},"featured_media":9133,"comment_status":"open","ping_status":"closed","template":"","meta":{"om_disable_all_campaigns":false,"_monsterinsights_skip_tracking":false,"_monsterinsights_sitenote_active":false,"_monsterinsights_sitenote_note":"","_monsterinsights_sitenote_category":0,"_joinchat":[]},"product_brand":[],"product_cat":[203],"product_tag":[],"class_list":{"0":"post-9131","1":"product","2":"type-product","3":"status-publish","4":"has-post-thumbnail","6":"product_cat-kucuk-ev-aletleri","7":"ts_product_brand-bosch","9":"first","10":"instock","11":"shipping-taxable","12":"product-type-simple","13":"add-to-wishlist-after_add_to_cart"},"aioseo_notices":[],"_links":{"self":[{"href":"https:\/\/cyprusbosch.com\/en\/wp-json\/wp\/v2\/product\/9131","targetHints":{"allow":["GET"]}}],"collection":[{"href":"https:\/\/cyprusbosch.com\/en\/wp-json\/wp\/v2\/product"}],"about":[{"href":"https:\/\/cyprusbosch.com\/en\/wp-json\/wp\/v2\/types\/product"}],"replies":[{"embeddable":true,"href":"https:\/\/cyprusbosch.com\/en\/wp-json\/wp\/v2\/comments?post=9131"}],"wp:featuredmedia":[{"embeddable":true,"href":"https:\/\/cyprusbosch.com\/en\/wp-json\/wp\/v2\/media\/9133"}],"wp:attachment":[{"href":"https:\/\/cyprusbosch.com\/en\/wp-json\/wp\/v2\/media?parent=9131"}],"wp:term":[{"taxonomy":"product_brand","embeddable":true,"href":"https:\/\/cyprusbosch.com\/en\/wp-json\/wp\/v2\/product_brand?post=9131"},{"taxonomy":"product_cat","embeddable":true,"href":"https:\/\/cyprusbosch.com\/en\/wp-json\/wp\/v2\/product_cat?post=9131"},{"taxonomy":"product_tag","embeddable":true,"href":"https:\/\/cyprusbosch.com\/en\/wp-json\/wp\/v2\/product_tag?post=9131"}],"curies":[{"name":"wp","href":"https:\/\/api.w.org\/{rel}","templated":true}]}}