{"id":9137,"date":"2025-03-15T14:30:57","date_gmt":"2025-03-15T14:30:57","guid":{"rendered":"https:\/\/cyprusbosch.com\/?post_type=product&#038;p=9137"},"modified":"2025-03-15T14:31:12","modified_gmt":"2025-03-15T14:31:12","slug":"kompakt-ekmek-kizartma-makinesi-bej","status":"publish","type":"product","link":"https:\/\/cyprusbosch.com\/en\/product\/kompakt-ekmek-kizartma-makinesi-bej\/","title":{"rendered":"Kompakt Ekmek K\u0131zartma Makinesi Bej"},"content":{"rendered":"<p>Cihaz\u0131n boyutlar\u0131: 190 x 310 x 160 mm<br \/>\nRenk: Krem<br \/>\nMuhafaza malzemesi: plastik<br \/>\nYuva say\u0131s\u0131: 2<br \/>\nDisk say\u0131s\u0131: 2<br \/>\nKavurma seviyesi se\u00e7imi: kademesiz de\u011fi\u015fken kontrol d\u00fc\u011fmesi<br \/>\nEkmek rulosu eklentisi: entegre<br \/>\nBa\u011flant\u0131 de\u011feri: 800 watt<br \/>\nTutarl\u0131 k\u0131zartma sonu\u00e7lar\u0131 i\u00e7in elektronik kontroll\u00fc kavurma seviyesi sabit<br \/>\nE\u015fit k\u0131zartma i\u00e7in otomatik ekmek ortalama<br \/>\nYerden \u0131s\u0131tma<br \/>\nK\u00fc\u00e7\u00fck ekmek dilimlerinin kolayca \u00e7\u0131kar\u0131lmas\u0131 i\u00e7in y\u00fcksek kald\u0131rma<br \/>\nTopuz aparat\u0131: entegre ve geri \u00e7ekilebilir<br \/>\n\u00c7\u0131kar\u0131labilir k\u0131r\u0131nt\u0131 tepsisi<br \/>\nKolay saklama: Kablonun h\u0131zl\u0131 ve kolay saklanmas\u0131 i\u00e7in kablo saklama<br \/>\nI\u015f\u0131kl\u0131 durdurma butonu<br \/>\nTost s\u0131k\u0131\u015f\u0131rsa g\u00fcvenlik kapatmas\u0131<\/p>","protected":false},"excerpt":{"rendered":"<p>Cihaz\u0131n boyutlar\u0131: 190 x 310 x 160 mm Renk: Krem Muhafaza malzemesi: plastik Yuva say\u0131s\u0131: 2 Disk say\u0131s\u0131: 2 Kavurma seviyesi se\u00e7imi: kademesiz de\u011fi\u015fken kontrol d\u00fc\u011fmesi Ekmek rulosu eklentisi: entegre Ba\u011flant\u0131 de\u011feri: 800 watt Tutarl\u0131 k\u0131zartma sonu\u00e7lar\u0131 i\u00e7in elektronik kontroll\u00fc kavurma seviyesi sabit E\u015fit k\u0131zartma i\u00e7in otomatik ekmek ortalama Yerden \u0131s\u0131tma K\u00fc\u00e7\u00fck ekmek dilimlerinin kolayca [&hellip;]<\/p>","protected":false},"featured_media":9140,"comment_status":"open","ping_status":"closed","template":"","meta":{"om_disable_all_campaigns":false,"_monsterinsights_skip_tracking":false,"_monsterinsights_sitenote_active":false,"_monsterinsights_sitenote_note":"","_monsterinsights_sitenote_category":0,"_joinchat":[]},"product_brand":[],"product_cat":[203],"product_tag":[],"class_list":{"0":"post-9137","1":"product","2":"type-product","3":"status-publish","4":"has-post-thumbnail","6":"product_cat-kucuk-ev-aletleri","7":"ts_product_brand-bosch","9":"first","10":"instock","11":"shipping-taxable","12":"product-type-simple","13":"add-to-wishlist-after_add_to_cart"},"aioseo_notices":[],"_links":{"self":[{"href":"https:\/\/cyprusbosch.com\/en\/wp-json\/wp\/v2\/product\/9137","targetHints":{"allow":["GET"]}}],"collection":[{"href":"https:\/\/cyprusbosch.com\/en\/wp-json\/wp\/v2\/product"}],"about":[{"href":"https:\/\/cyprusbosch.com\/en\/wp-json\/wp\/v2\/types\/product"}],"replies":[{"embeddable":true,"href":"https:\/\/cyprusbosch.com\/en\/wp-json\/wp\/v2\/comments?post=9137"}],"wp:featuredmedia":[{"embeddable":true,"href":"https:\/\/cyprusbosch.com\/en\/wp-json\/wp\/v2\/media\/9140"}],"wp:attachment":[{"href":"https:\/\/cyprusbosch.com\/en\/wp-json\/wp\/v2\/media?parent=9137"}],"wp:term":[{"taxonomy":"product_brand","embeddable":true,"href":"https:\/\/cyprusbosch.com\/en\/wp-json\/wp\/v2\/product_brand?post=9137"},{"taxonomy":"product_cat","embeddable":true,"href":"https:\/\/cyprusbosch.com\/en\/wp-json\/wp\/v2\/product_cat?post=9137"},{"taxonomy":"product_tag","embeddable":true,"href":"https:\/\/cyprusbosch.com\/en\/wp-json\/wp\/v2\/product_tag?post=9137"}],"curies":[{"name":"wp","href":"https:\/\/api.w.org\/{rel}","templated":true}]}}